{"id":28961,"date":"2017-08-09T08:16:28","date_gmt":"2017-08-09T08:16:28","guid":{"rendered":"https:\/\/www.ivh6.si\/Ponudbe\/tattoo\/izdelek\/suprasorb-folija-2\/"},"modified":"2025-10-07T09:18:55","modified_gmt":"2025-10-07T09:18:55","slug":"suprasorb-folija-2","status":"publish","type":"product","link":"https:\/\/www.carantaniatattoo.com\/hr\/trgovina\/nega-koze-po-tetoviranju\/folije-in-oblizi\/suprasorb-folija-2\/","title":{"rendered":"SUPRASORB folija"},"content":{"rendered":"<p>SUPRASORB folija pru\u017ea prozirnu za\u0161titu va\u0161oj tetova\u017ei. Poliuretanska folija je prozra\u010dna i fleksibilna, ubrzava zacjeljivanje rana izmjenom plinova i topline. Suprasorb F odbija teku\u0107ine i \u0161titi rane od vanjskih utjecaja i bakterija. Prozirnost omogu\u0107uje lak\u0161i pregled rane. Suprasorb F je fleksibilan, elasti\u010dan i otporan na trganje te vrlo jednostavan za kori\u0161tenje. Suprasorb F je otporan na dezinfekcijska sredstva koja sadr\u017ee alkohol, jod i oktenidin. Folija se mo\u017ee bez problema prati jer je vodootporna.<\/p>\n<p>Kada ste gotovi s tetova\u017eom, o\u010distite tetova\u017eu. Preporu\u010damo ga za\u0161tititi Tattoo Finishom koji \u0107e pomo\u0107i br\u017eem zacjeljivanju i smirivanju crvenila. Pri\u010dekajte da se Tattoo Finish osu\u0161i i zalijepite foliju preko tetova\u017ee. Ostavite foliju na ko\u017ei 4 dana, nakon \u010detvrtog dana uklonite je i krenite s uobi\u010dajenom njegom, \u010di\u0161\u0107enjem tetova\u017ee i nano\u0161enjem kreme. Va\u0161a tetova\u017ea \u0107e zarasti ve\u0107 ispod folije, a daljnjim procesom \u010di\u0161\u0107enja i mazanja \u0107e kona\u010dno zacijeliti.<\/p>\n<p>Proizvo\u0111a\u010d: Lohnamm &amp; Rauscher International GmbH, Njema\u010dka<\/p>\n<p>&nbsp;<\/p>","protected":false},"excerpt":{"rendered":"<p>Razli\u010dice: 10cm * 1m in 15cm * 10m<\/p>\n<p>SUPRASORB folija omogo\u010da pregledno za\u0161\u010dito za va\u0161 tattoo. Poliuretanski film je zra\u010den in pro\u017een, pospe\u0161uje celjenje ran s pomo\u010djo izmenjave plina in toplote.<br \/>\nProizvaja: Lohmann &amp; Rauscher International GmbH, Nem\u010dija<\/p>","protected":false},"featured_media":32093,"template":"","meta":{"_seopress_robots_primary_cat":"none","_seopress_titles_title":"","_seopress_titles_desc":"","_seopress_robots_index":""},"product_brand":[],"product_cat":[244,245,206,233],"product_tag":[],"class_list":{"0":"post-28961","1":"product","2":"type-product","3":"status-publish","4":"has-post-thumbnail","6":"product_cat-folije-in-oblizi","7":"product_cat-folije-za-zascito-tetovirane-koze","8":"product_cat-higiena","9":"product_cat-nega-koze-po-tetoviranju","10":"entry","11":"has-media","13":"first","14":"outofstock","15":"taxable","16":"shipping-taxable","17":"product-type-variable"},"_links":{"self":[{"href":"https:\/\/www.carantaniatattoo.com\/hr\/wp-json\/wp\/v2\/product\/28961","targetHints":{"allow":["GET"]}}],"collection":[{"href":"https:\/\/www.carantaniatattoo.com\/hr\/wp-json\/wp\/v2\/product"}],"about":[{"href":"https:\/\/www.carantaniatattoo.com\/hr\/wp-json\/wp\/v2\/types\/product"}],"version-history":[{"count":0,"href":"https:\/\/www.carantaniatattoo.com\/hr\/wp-json\/wp\/v2\/product\/28961\/revisions"}],"wp:featuredmedia":[{"embeddable":true,"href":"https:\/\/www.carantaniatattoo.com\/hr\/wp-json\/wp\/v2\/media\/32093"}],"wp:attachment":[{"href":"https:\/\/www.carantaniatattoo.com\/hr\/wp-json\/wp\/v2\/media?parent=28961"}],"wp:term":[{"taxonomy":"product_brand","embeddable":true,"href":"https:\/\/www.carantaniatattoo.com\/hr\/wp-json\/wp\/v2\/product_brand?post=28961"},{"taxonomy":"product_cat","embeddable":true,"href":"https:\/\/www.carantaniatattoo.com\/hr\/wp-json\/wp\/v2\/product_cat?post=28961"},{"taxonomy":"product_tag","embeddable":true,"href":"https:\/\/www.carantaniatattoo.com\/hr\/wp-json\/wp\/v2\/product_tag?post=28961"}],"curies":[{"name":"wp","href":"https:\/\/api.w.org\/{rel}","templated":true}]}}