{"id":29379,"date":"2017-09-14T10:11:51","date_gmt":"2017-09-14T10:11:51","guid":{"rendered":"https:\/\/www.ivh6.si\/Ponudbe\/tattoo\/izdelek\/23f-plasticni-gripi-kopija-2\/"},"modified":"2025-08-28T07:58:47","modified_gmt":"2025-08-28T07:58:47","slug":"plasticni-gripi-magnum-flat","status":"publish","type":"product","link":"https:\/\/www.carantaniatattoo.com\/hr\/trgovina\/nastavki-za-tattoo-igle\/plasticni-gripi\/magnum-gripi\/plasticni-magnum-ravni-rukohvati\/","title":{"rendered":"MAGNUM PLASTI\u010cNE RU\u010cKE"},"content":{"rendered":"<p>Plasti\u010dne ru\u010dke MAGNUM \/ FLAT<\/p>\n<p>pakirano po 20 kom<\/p>\n<p>&nbsp;<\/p>\n<p>&nbsp;<\/p>","protected":false},"excerpt":{"rendered":"<h3>Plasti\u010dni dr\u017ea\u010di MAGNUM\/FLAT<\/h3>\n<p>Plasti\u010dni gripi za enkratno uporabo za va\u0161 tattoo stroj\u010dek.<br \/>\nPlasti\u010dni gripi za enkratno uporabo se uporabljajo pri klasi\u010dnih iglah za tetoviranje.<br \/>\nPakiranje vsebuje 20 komadov gripov.<\/p>","protected":false},"featured_media":35334,"template":"","meta":{"_seopress_robots_primary_cat":"none","_seopress_titles_title":"","_seopress_titles_desc":"","_seopress_robots_index":""},"product_brand":[],"product_cat":[194,471,260,219,257],"product_tag":[],"class_list":{"0":"post-29379","1":"product","2":"type-product","3":"status-publish","4":"has-post-thumbnail","6":"product_cat-akcija","7":"product_cat-carantania-tattoo-izdelki","8":"product_cat-magnum-gripi","9":"product_cat-nastavki-za-tattoo-igle","10":"product_cat-plasticni-gripi","11":"entry","12":"has-media","14":"first","15":"instock","16":"sale","17":"taxable","18":"shipping-taxable","19":"purchasable","20":"product-type-variable"},"_links":{"self":[{"href":"https:\/\/www.carantaniatattoo.com\/hr\/wp-json\/wp\/v2\/product\/29379","targetHints":{"allow":["GET"]}}],"collection":[{"href":"https:\/\/www.carantaniatattoo.com\/hr\/wp-json\/wp\/v2\/product"}],"about":[{"href":"https:\/\/www.carantaniatattoo.com\/hr\/wp-json\/wp\/v2\/types\/product"}],"version-history":[{"count":0,"href":"https:\/\/www.carantaniatattoo.com\/hr\/wp-json\/wp\/v2\/product\/29379\/revisions"}],"wp:featuredmedia":[{"embeddable":true,"href":"https:\/\/www.carantaniatattoo.com\/hr\/wp-json\/wp\/v2\/media\/35334"}],"wp:attachment":[{"href":"https:\/\/www.carantaniatattoo.com\/hr\/wp-json\/wp\/v2\/media?parent=29379"}],"wp:term":[{"taxonomy":"product_brand","embeddable":true,"href":"https:\/\/www.carantaniatattoo.com\/hr\/wp-json\/wp\/v2\/product_brand?post=29379"},{"taxonomy":"product_cat","embeddable":true,"href":"https:\/\/www.carantaniatattoo.com\/hr\/wp-json\/wp\/v2\/product_cat?post=29379"},{"taxonomy":"product_tag","embeddable":true,"href":"https:\/\/www.carantaniatattoo.com\/hr\/wp-json\/wp\/v2\/product_tag?post=29379"}],"curies":[{"name":"wp","href":"https:\/\/api.w.org\/{rel}","templated":true}]}}