{"id":30285,"date":"2018-04-06T12:43:45","date_gmt":"2018-04-06T12:43:45","guid":{"rendered":"https:\/\/www.ivh6.si\/Ponudbe\/tattoo\/izdelek\/ez-hawk-grip-2\/"},"modified":"2025-07-07T12:50:46","modified_gmt":"2025-07-07T12:50:46","slug":"ez-hawk-grip-2","status":"publish","type":"product","link":"https:\/\/www.carantaniatattoo.com\/hr\/trgovina\/nastavki-za-tattoo-igle\/kovinski-gripi\/ez-jastrebov-stisak-2\/","title":{"rendered":"EZ HAWK GRIP"},"content":{"rendered":"<h4>EZ HAWK dr\u0161ka<\/h4>\n<p>EZ HAWK grip je podesivi aluminijski grip promjera 25 mm u crnoj boji, kompatibilan sa Cheyenne Hawk ma\u0161inama i svim ma\u0161inama sa sli\u010dnim sustavom. Omogu\u0107uje pode\u0161avanje dubine igala. Pogodan je za sve strojeve koji koriste patronske igle.<\/p>\n<p>Pakirano u kutiji po 1 kom.<\/p>\n<p>&nbsp;<\/p>\n<p>&nbsp;<\/p>\n<p>&nbsp;<\/p>","protected":false},"excerpt":{"rendered":"<p>EZ HAWK grip je podesivi aluminijski grip promjera 25 mm u crnoj boji, kompatibilan sa Cheyenne Hawk ma\u0161inama i svim ma\u0161inama sa sli\u010dnim sustavom. Omogu\u0107uje pode\u0161avanje dubine igala. Pogodan je za sve strojeve koji koriste patronske igle.<\/p>\n<p>&nbsp;<\/p>","protected":false},"featured_media":30287,"template":"","meta":{"_seopress_robots_primary_cat":"none","_seopress_titles_title":"","_seopress_titles_desc":"","_seopress_robots_index":""},"product_brand":[],"product_cat":[283,220,219,202],"product_tag":[],"class_list":{"0":"post-30285","1":"product","2":"type-product","3":"status-publish","4":"has-post-thumbnail","6":"product_cat-ez-tattoo","7":"product_cat-kovinski-gripi","8":"product_cat-nastavki-za-tattoo-igle","9":"product_cat-strojcki-za-tetoviranje","10":"entry","11":"has-media","13":"first","14":"instock","15":"sale","16":"taxable","17":"shipping-taxable","18":"purchasable","19":"product-type-simple"},"_links":{"self":[{"href":"https:\/\/www.carantaniatattoo.com\/hr\/wp-json\/wp\/v2\/product\/30285","targetHints":{"allow":["GET"]}}],"collection":[{"href":"https:\/\/www.carantaniatattoo.com\/hr\/wp-json\/wp\/v2\/product"}],"about":[{"href":"https:\/\/www.carantaniatattoo.com\/hr\/wp-json\/wp\/v2\/types\/product"}],"version-history":[{"count":0,"href":"https:\/\/www.carantaniatattoo.com\/hr\/wp-json\/wp\/v2\/product\/30285\/revisions"}],"wp:featuredmedia":[{"embeddable":true,"href":"https:\/\/www.carantaniatattoo.com\/hr\/wp-json\/wp\/v2\/media\/30287"}],"wp:attachment":[{"href":"https:\/\/www.carantaniatattoo.com\/hr\/wp-json\/wp\/v2\/media?parent=30285"}],"wp:term":[{"taxonomy":"product_brand","embeddable":true,"href":"https:\/\/www.carantaniatattoo.com\/hr\/wp-json\/wp\/v2\/product_brand?post=30285"},{"taxonomy":"product_cat","embeddable":true,"href":"https:\/\/www.carantaniatattoo.com\/hr\/wp-json\/wp\/v2\/product_cat?post=30285"},{"taxonomy":"product_tag","embeddable":true,"href":"https:\/\/www.carantaniatattoo.com\/hr\/wp-json\/wp\/v2\/product_tag?post=30285"}],"curies":[{"name":"wp","href":"https:\/\/api.w.org\/{rel}","templated":true}]}}