{"id":30383,"date":"2018-05-31T11:59:12","date_gmt":"2018-05-31T11:59:12","guid":{"rendered":"https:\/\/www.ivh6.si\/Ponudbe\/tattoo\/izdelek\/wonderlust-tattoo-bio-clenaser\/"},"modified":"2025-07-07T12:46:48","modified_gmt":"2025-07-07T12:46:48","slug":"wonderlust-tattoo-bio-clenaser","status":"publish","type":"product","link":"https:\/\/www.carantaniatattoo.com\/hr\/trgovina\/nega-koze-po-tetoviranju\/mazila\/wonderlust-tattoo-bio-cistac\/","title":{"rendered":"WONDERLUST TATTOO Bio cleanser \u2013 ulje za \u010di\u0161\u0107enje tijela"},"content":{"rendered":"<p>WONDERLUST TATTOO Bio cleanser \u2013 ulje za \u010di\u0161\u0107enje tijela<\/p>\n<p>Antibakterijsko sredstvo za \u010di\u0161\u0107enje koje poma\u017ee u o\u010duvanju pravog pigmenta tetova\u017ee. Jako dobro vla\u017ei ko\u017eu i odr\u017eava je podatnom i mekom. Sadr\u017ei visoku koncentraciju prirodnih ulja i masti, \u0161to sprje\u010dava iritaciju i isu\u0161ivanje ko\u017ee.<\/p>\n<p>Pogodno za njegu cijelog tijela (\u010di\u0161\u0107enje), vrlo pogodno za osjetljivu ko\u017eu. Na bazi ulja konoplje (baza); oboga\u0107ena uljem &quot;Ink Care&quot; koje \u010duva pigment tetova\u017ee. Tako\u0111er sadr\u017ei 8 prirodnih ulja.<\/p>\n<p>Nijedan proizvod WONDERLUST TATTOO kozmetike nije testiran na \u017eivotinjama. Kozmetika ima 100% certifikat. Ne sadr\u017ei parabene i sol, bez alergena i poja\u010diva\u010da mirisa i boje (bez parfemskih dodataka).<br \/>\nProizvedeno u Italiji.<\/p>\n<p>Pakiranje sadr\u017ei 250 ml.<\/p>\n<p>&nbsp;<\/p>","protected":false},"excerpt":{"rendered":"<p>WONDERLUST TATTOO Bio cleanser \u2013 ulje za \u010di\u0161\u0107enje tijela<br \/>\nAntibakterijsko sredstvo za \u010di\u0161\u0107enje koje poma\u017ee u o\u010duvanju pravog pigmenta tetova\u017ee. Jako dobro vla\u017ei ko\u017eu i odr\u017eava je podatnom i mekom. Sadr\u017ei visoku koncentraciju prirodnih ulja i masti, \u0161to sprje\u010dava iritaciju i isu\u0161ivanje ko\u017ee.<\/p>","protected":false},"featured_media":35230,"template":"","meta":{"_seopress_robots_primary_cat":"none","_seopress_titles_title":"","_seopress_titles_desc":"","_seopress_robots_index":""},"product_brand":[],"product_cat":[206,234,233,235],"product_tag":[],"class_list":{"0":"post-30383","1":"product","2":"type-product","3":"status-publish","4":"has-post-thumbnail","6":"product_cat-higiena","7":"product_cat-mazila","8":"product_cat-nega-koze-po-tetoviranju","9":"product_cat-za-nego-tattooja","10":"entry","11":"has-media","13":"first","14":"instock","15":"sale","16":"taxable","17":"shipping-taxable","18":"purchasable","19":"product-type-simple"},"_links":{"self":[{"href":"https:\/\/www.carantaniatattoo.com\/hr\/wp-json\/wp\/v2\/product\/30383","targetHints":{"allow":["GET"]}}],"collection":[{"href":"https:\/\/www.carantaniatattoo.com\/hr\/wp-json\/wp\/v2\/product"}],"about":[{"href":"https:\/\/www.carantaniatattoo.com\/hr\/wp-json\/wp\/v2\/types\/product"}],"version-history":[{"count":0,"href":"https:\/\/www.carantaniatattoo.com\/hr\/wp-json\/wp\/v2\/product\/30383\/revisions"}],"wp:featuredmedia":[{"embeddable":true,"href":"https:\/\/www.carantaniatattoo.com\/hr\/wp-json\/wp\/v2\/media\/35230"}],"wp:attachment":[{"href":"https:\/\/www.carantaniatattoo.com\/hr\/wp-json\/wp\/v2\/media?parent=30383"}],"wp:term":[{"taxonomy":"product_brand","embeddable":true,"href":"https:\/\/www.carantaniatattoo.com\/hr\/wp-json\/wp\/v2\/product_brand?post=30383"},{"taxonomy":"product_cat","embeddable":true,"href":"https:\/\/www.carantaniatattoo.com\/hr\/wp-json\/wp\/v2\/product_cat?post=30383"},{"taxonomy":"product_tag","embeddable":true,"href":"https:\/\/www.carantaniatattoo.com\/hr\/wp-json\/wp\/v2\/product_tag?post=30383"}],"curies":[{"name":"wp","href":"https:\/\/api.w.org\/{rel}","templated":true}]}}