{"id":30442,"date":"2018-08-02T07:51:14","date_gmt":"2018-08-02T07:51:14","guid":{"rendered":"https:\/\/www.ivh6.si\/Ponudbe\/tattoo\/izdelek\/cheyenne-sol-nova\/"},"modified":"2025-07-07T12:32:36","modified_gmt":"2025-07-07T12:32:36","slug":"cheyenne-sol-nova","status":"publish","type":"product","link":"https:\/\/www.carantaniatattoo.com\/hr\/trgovina\/strojcki-za-tetoviranje\/cheyenne\/cheyenne-sol-nova-2\/","title":{"rendered":"CHEYENNE SOL Novo"},"content":{"rendered":"<h4>Cheyenne SOL Nova<\/h4>\n<p>Sol Nova 3,3 mm idealan je za precizne linije i iznimno meke sjene. Radi izme\u0111u 25 i 150 Hz, a s niskom frekvencijom od 25 Hz omogu\u0107uje savr\u0161eni realizam boja. Ako podignete Sol Novu, va\u0161e bore postaju punije i intenzivnije. Oblik olovke je robustan i ergonomi\u010dan. U usporedbi s Pen strojem, Sol Nova se mo\u017ee pohvaliti ve\u0107om snagom i glatkijim radom. Vrlo je jednostavan za za\u0161titu, \u010dak se mogu koristiti i jednokratni Ergo Round dodaci.  Radi s Cheyenne sigurnosnim patronama i Cheyenne Craft patronama. Proizvodi se u Njema\u010dkoj.<\/p>\n<ul>\n<li>Izdr\u017eljiva i robusna ma\u0161ina za tetoviranje<\/li>\n<li>Te\u017eina stroja za tetoviranje pomaknuta je prema naprijed<\/li>\n<li>Niska frekvencija od 25 Hz za DOT i realizam boja<\/li>\n<li>Sna\u017ean stroj za tetoviranje, vrlo nje\u017ean prema ko\u017ei<\/li>\n<li>Hod od 3,5 mm pogodan za linije i sjene<\/li>\n<li>Lagan, mekan i tih rad<\/li>\n<li>Lako se \u010disti, anodizira<\/li>\n<\/ul>\n<p>Tehni\u010dki podaci:<\/p>\n<ul>\n<li>Napon: 5 do 12,6 V DC<\/li>\n<li>Potro\u0161nja: 3W<\/li>\n<li>Po\u010detna snaga: max 2,5 A za max 200 ms<\/li>\n<li>Frekvencija bu\u0161enja: 25 do 150 Hz<\/li>\n<li>Ljuska: 3,5 mm<\/li>\n<li>Izlaz igle: 0 do 4,0 mm<\/li>\n<li>Kabel: 3,5 mm uti\u010dnica<\/li>\n<li>Pogon: DC motor bez \u010detkica<\/li>\n<li>Na\u010din rada: kontinuirani rad<\/li>\n<li>Promjer: 33 mm<\/li>\n<li>Duljina: 102 mm<\/li>\n<li>Te\u017eina: cca. 150 g<\/li>\n<\/ul>\n<p>Jamstvo za Cheyenne SOL Nova vrijedi 12 mjeseci, uz kori\u0161tenje originalne Cheyenne opreme marke i Cheyenne tattoo patrona. Proizvedeno u Njema\u010dkoj.<\/p>","protected":false},"excerpt":{"rendered":"<p>Sol Nova je Cheyennov najnovej\u0161i tetoverski stroj\u010dek.<\/p>\n<p>Sol Nova je izjemno mo\u010dan in hkrati ne\u017een. Barva se hitreje prena\u0161a na ko\u017eo kar je idealno za \u010drno-sive tetova\u017ee. Zahvale gredo tihemu in mehkemu na\u010din delovanja, ne povzro\u010da grobega videza ko\u017ee, kar omogo\u010da hitrej\u0161i proces celjenja.<\/p>","protected":false},"featured_media":35215,"template":"","meta":{"_seopress_robots_primary_cat":"none","_seopress_titles_title":"","_seopress_titles_desc":"","_seopress_robots_index":""},"product_brand":[],"product_cat":[194,264,202],"product_tag":[],"class_list":{"0":"post-30442","1":"product","2":"type-product","3":"status-publish","4":"has-post-thumbnail","6":"product_cat-akcija","7":"product_cat-cheyenne","8":"product_cat-strojcki-za-tetoviranje","9":"entry","10":"has-media","12":"first","13":"instock","14":"sale","15":"taxable","16":"shipping-taxable","17":"purchasable","18":"product-type-simple"},"_links":{"self":[{"href":"https:\/\/www.carantaniatattoo.com\/hr\/wp-json\/wp\/v2\/product\/30442","targetHints":{"allow":["GET"]}}],"collection":[{"href":"https:\/\/www.carantaniatattoo.com\/hr\/wp-json\/wp\/v2\/product"}],"about":[{"href":"https:\/\/www.carantaniatattoo.com\/hr\/wp-json\/wp\/v2\/types\/product"}],"version-history":[{"count":0,"href":"https:\/\/www.carantaniatattoo.com\/hr\/wp-json\/wp\/v2\/product\/30442\/revisions"}],"wp:featuredmedia":[{"embeddable":true,"href":"https:\/\/www.carantaniatattoo.com\/hr\/wp-json\/wp\/v2\/media\/35215"}],"wp:attachment":[{"href":"https:\/\/www.carantaniatattoo.com\/hr\/wp-json\/wp\/v2\/media?parent=30442"}],"wp:term":[{"taxonomy":"product_brand","embeddable":true,"href":"https:\/\/www.carantaniatattoo.com\/hr\/wp-json\/wp\/v2\/product_brand?post=30442"},{"taxonomy":"product_cat","embeddable":true,"href":"https:\/\/www.carantaniatattoo.com\/hr\/wp-json\/wp\/v2\/product_cat?post=30442"},{"taxonomy":"product_tag","embeddable":true,"href":"https:\/\/www.carantaniatattoo.com\/hr\/wp-json\/wp\/v2\/product_tag?post=30442"}],"curies":[{"name":"wp","href":"https:\/\/api.w.org\/{rel}","templated":true}]}}