{"id":30463,"date":"2018-08-03T08:15:57","date_gmt":"2018-08-03T08:15:57","guid":{"rendered":"https:\/\/www.ivh6.si\/Ponudbe\/tattoo\/izdelek\/scorpion\/"},"modified":"2022-07-07T06:35:09","modified_gmt":"2022-07-07T06:35:09","slug":"scorpion","status":"publish","type":"product","link":"https:\/\/www.carantaniatattoo.com\/hr\/trgovina\/strojcki-za-tetoviranje\/ink-machines\/skorpion-2\/","title":{"rendered":"\u0160KORPION"},"content":{"rendered":"<h3 class=\"page-header\">\u0160KORPION<\/h3>\n<p>S aktivnim prigu\u0161ivanjem vibracija, glatkim pogonom magnetske igle bez \u010detkica i pobolj\u0161anom kontrolom unakrsne kontaminacije. Jedinstveni kineti\u010dki dizajn omogu\u0107uje brzo djelovanje i ne o\u0161te\u0107uje ko\u017eu.<br \/>\nScorpion radi s Neo ulo\u0161cima koji su posebno dizajnirani da osiguraju najbolju higijenu i nesmetan rad, kao i sa svim ostalim ulo\u0161cima.<br \/>\nProizvedeno u \u0160vedskoj.<\/p>\n<p>PO NARUD\u017dBI.<\/p>\n<p>Tehni\u010dki podaci:<br \/>\n\u2013 Napon: 0 \u2013 12 V (maks. 12 V DC)<br \/>\n\u2013 Priklju\u010dni kabeli: RCA ili obi\u010dni (max. \u00d81,6 mm)<br \/>\n\u2013 Raspon: sec: 0 \u2013 8.000 o\/min \/ min 0 \u2013 130 \/ sec<br \/>\n\u2013 Perle: 4 mm<br \/>\n\u2013 Postavljanje igle: 4 mm<br \/>\n\u2013 Promjer stroja: \u00d822 mm<br \/>\n\u2013 Veli\u010dina igle: 27 magnum<br \/>\n\u2013 Te\u017eina: 100 grama s jednokratnom ru\u010dkom<br \/>\n\u2013 Spreman za be\u017ei\u010dno povezivanje: Da<br \/>\n\u2013 Dimenzije \u00d8xL: \u00d822 x 113 mm mm<\/p>\n<p>Jamstvo 1 godina.<\/p>\n<p>&nbsp;<\/p>\n<p>&nbsp;<\/p>","protected":false},"excerpt":{"rendered":"<p>PO NARUD\u017dBI.<\/p>\n<p>S aktivnim prigu\u0161ivanjem vibracija, glatkim pogonom magnetske igle bez \u010detkica i pobolj\u0161anom kontrolom unakrsne kontaminacije. Jedinstveni kineti\u010dki dizajn omogu\u0107uje brzo djelovanje i ne o\u0161te\u0107uje ko\u017eu.<br \/>\nScorpion deluje s kartu\u0161ami Neo, ki so posebej zasnovane za skrb za najbolj\u0161o higieno in gladkost delovanja in tudi z vsemi ostalimi kartu\u0161nimi iglami.<br \/>\nProizvedeno u \u0160vedskoj.<\/p>","protected":false},"featured_media":30465,"template":"","meta":{"_seopress_robots_primary_cat":"none","_seopress_titles_title":"","_seopress_titles_desc":"","_seopress_robots_index":""},"product_brand":[],"product_cat":[205,202],"product_tag":[],"class_list":{"0":"post-30463","1":"product","2":"type-product","3":"status-publish","4":"has-post-thumbnail","6":"product_cat-ink-machines","7":"product_cat-strojcki-za-tetoviranje","8":"entry","9":"has-media","11":"first","12":"onbackorder","13":"sale","14":"taxable","15":"shipping-taxable","16":"purchasable","17":"product-type-variable"},"_links":{"self":[{"href":"https:\/\/www.carantaniatattoo.com\/hr\/wp-json\/wp\/v2\/product\/30463","targetHints":{"allow":["GET"]}}],"collection":[{"href":"https:\/\/www.carantaniatattoo.com\/hr\/wp-json\/wp\/v2\/product"}],"about":[{"href":"https:\/\/www.carantaniatattoo.com\/hr\/wp-json\/wp\/v2\/types\/product"}],"version-history":[{"count":0,"href":"https:\/\/www.carantaniatattoo.com\/hr\/wp-json\/wp\/v2\/product\/30463\/revisions"}],"wp:featuredmedia":[{"embeddable":true,"href":"https:\/\/www.carantaniatattoo.com\/hr\/wp-json\/wp\/v2\/media\/30465"}],"wp:attachment":[{"href":"https:\/\/www.carantaniatattoo.com\/hr\/wp-json\/wp\/v2\/media?parent=30463"}],"wp:term":[{"taxonomy":"product_brand","embeddable":true,"href":"https:\/\/www.carantaniatattoo.com\/hr\/wp-json\/wp\/v2\/product_brand?post=30463"},{"taxonomy":"product_cat","embeddable":true,"href":"https:\/\/www.carantaniatattoo.com\/hr\/wp-json\/wp\/v2\/product_cat?post=30463"},{"taxonomy":"product_tag","embeddable":true,"href":"https:\/\/www.carantaniatattoo.com\/hr\/wp-json\/wp\/v2\/product_tag?post=30463"}],"curies":[{"name":"wp","href":"https:\/\/api.w.org\/{rel}","templated":true}]}}