{"id":30610,"date":"2018-10-26T13:14:10","date_gmt":"2018-10-26T13:14:10","guid":{"rendered":"https:\/\/www.ivh6.si\/Ponudbe\/tattoo\/izdelek\/skin-care-tattoo-film-10m-x-15cm\/"},"modified":"2026-03-02T10:08:42","modified_gmt":"2026-03-02T10:08:42","slug":"skin-care-tattoo-film-10m-x-15cm","status":"publish","type":"product","link":"https:\/\/www.carantaniatattoo.com\/hr\/trgovina\/nega-koze-po-tetoviranju\/folije-in-oblizi\/film-za-tetovaze-za-njegu-koze-10m-x-15cm\/","title":{"rendered":"TATTOO FILM- 10m x 15cm rola UNISTAR"},"content":{"rendered":"<h3>FILM ZA TETOVANJE ZA NJEGU KO\u017dE<\/h3>\n<p>Tanak samoljepljivi film koji osigurava hidrataciju ko\u017ee tijekom zacjeljivanja tetova\u017ee. Pru\u017ea vodonepropusnost, smanjuje rizik od infekcije, \u0161titi od kontakta s odje\u0107om, stvara antibakterijski premaz koji \u0161titi od vanjskih utjecaja. Film je propusan, omogu\u0107uje dovod kisika do ko\u017ee i omogu\u0107uje isparavanje vi\u0161ka vodene pare. Vrlo ugodan za kori\u0161tenje, prakti\u010dki nevidljiv, fleksibilan i rastezljiv, \u0161to vam omogu\u0107uje da ga koristite bilo gdje na ko\u017ei i ostavite da djeluje vi\u0161e od nekoliko dana.<\/p>\n<p>Veli\u010dina: rola 10m x 15cm<\/p>\n<p>SKIDANJE FOLIJE:<br \/>\nPrilikom skidanja folije pazite da po\u010dnete skidati s jedne na drugu stranu. Foliju skidati polako, ne pregrubo i ne prebrzo.<\/p>\n<p>&nbsp;<\/p>","protected":false},"excerpt":{"rendered":"<p>FILM ZA TETOVANJE ZA NJEGU KO\u017dE<br \/>\nVelikost: rola<\/p>","protected":false},"featured_media":62544,"template":"","meta":{"_seopress_robots_primary_cat":"none","_seopress_titles_title":"SKIN CARE TATTOO FILM  - Carantania Tattoo","_seopress_titles_desc":"Tanka samolepilna folija,zagotavlja vla\u017eenje ko\u017ee, vodotesnost, zmanj\u0161uje tveganje za oku\u017ebe, \u0161\u010diti pred dotikom obla\u010dil, ustvarja protibakterijski premaz,.","_seopress_robots_index":""},"product_brand":[],"product_cat":[244,245,206,233],"product_tag":[],"class_list":{"0":"post-30610","1":"product","2":"type-product","3":"status-publish","4":"has-post-thumbnail","6":"product_cat-folije-in-oblizi","7":"product_cat-folije-za-zascito-tetovirane-koze","8":"product_cat-higiena","9":"product_cat-nega-koze-po-tetoviranju","10":"entry","11":"has-media","13":"first","14":"instock","15":"sale","16":"taxable","17":"shipping-taxable","18":"purchasable","19":"product-type-simple"},"_links":{"self":[{"href":"https:\/\/www.carantaniatattoo.com\/hr\/wp-json\/wp\/v2\/product\/30610","targetHints":{"allow":["GET"]}}],"collection":[{"href":"https:\/\/www.carantaniatattoo.com\/hr\/wp-json\/wp\/v2\/product"}],"about":[{"href":"https:\/\/www.carantaniatattoo.com\/hr\/wp-json\/wp\/v2\/types\/product"}],"version-history":[{"count":0,"href":"https:\/\/www.carantaniatattoo.com\/hr\/wp-json\/wp\/v2\/product\/30610\/revisions"}],"wp:featuredmedia":[{"embeddable":true,"href":"https:\/\/www.carantaniatattoo.com\/hr\/wp-json\/wp\/v2\/media\/62544"}],"wp:attachment":[{"href":"https:\/\/www.carantaniatattoo.com\/hr\/wp-json\/wp\/v2\/media?parent=30610"}],"wp:term":[{"taxonomy":"product_brand","embeddable":true,"href":"https:\/\/www.carantaniatattoo.com\/hr\/wp-json\/wp\/v2\/product_brand?post=30610"},{"taxonomy":"product_cat","embeddable":true,"href":"https:\/\/www.carantaniatattoo.com\/hr\/wp-json\/wp\/v2\/product_cat?post=30610"},{"taxonomy":"product_tag","embeddable":true,"href":"https:\/\/www.carantaniatattoo.com\/hr\/wp-json\/wp\/v2\/product_tag?post=30610"}],"curies":[{"name":"wp","href":"https:\/\/api.w.org\/{rel}","templated":true}]}}