{"id":31252,"date":"2019-09-25T11:40:23","date_gmt":"2019-09-25T11:40:23","guid":{"rendered":"https:\/\/www.ivh6.si\/Ponudbe\/tattoo\/izdelek\/critical-xrr\/"},"modified":"2025-07-07T11:40:06","modified_gmt":"2025-07-07T11:40:06","slug":"critical-xrr","status":"publish","type":"product","link":"https:\/\/www.carantaniatattoo.com\/hr\/trgovina\/napajalniki-stopalke-in-kabli\/napajalniki-za-tattoo-strojcke\/kriticni-xrr\/","title":{"rendered":"KRITI\u010cNI XRR"},"content":{"rendered":"<h4><strong>KRITI\u010cNI XRR<\/strong><\/h4>\n<p>Kao i sva ostala kriti\u010dna napajanja, XRR se proizvodi u Renu, Nevada, SAD. TFT zaslon u boji s podesivom shemom boja i lako \u010ditljivim fontom s CNC strojno obra\u0111enim aluminijskim tijelom. Originalni konektori obe\u0107avaju najvi\u0161u kvalitetu i osiguravaju pouzdano dr\u017eanje utika\u010da, savr\u0161en protok struje i posebno visoku razinu izdr\u017eljivosti. Uz Critical XRR, imate mogu\u0107nost preciznog pode\u0161avanja va\u0161eg stroja za tetoviranje u koracima od 0,1 V.<\/p>\n<p>Podesivi radni raspon od 0 do 18V nudi dovoljno prostora za sve vrste strojeva za tetoviranje. Korisni\u010dko su\u010delje &quot;Capactive Touch&quot; nadopunjuje elegantan dizajn. Mo\u017eete spojiti dva stroja u isto vrijeme i uklju\u010diti funkciju brzog pokretanja za svako mjesto stroja. Ova zna\u010dajka je korisna, na primjer, kada radite s nekim Cheyenne ure\u0111ajima bez potrebe za kori\u0161tenjem dodatnih kabela za pokretanje. Funkcija brzog pokretanja i funkcija kontinuiranog rada mogu se pojedina\u010dno postaviti na unaprijed ili naknadno postavljene na izlaznim gumbima. Osim toga, mogu\u0107e je pohraniti 2, 4 ili 6 postavki napona, a memorija zadr\u017eava sve postavke i nakon ga\u0161enja. Zaslon mo\u017eete prilagoditi svojim potrebama. Zasloni Volt, Amper, Hertz, Duty Cycle (%) i STL (Settle) vam govore to\u010dan radni status va\u0161eg stroja. Mjerilo mo\u017ee zaustaviti vrijeme i izra\u010dunati cijenu prema satnici izvo\u0111a\u010da, a uz ugra\u0111eni sat mo\u017eete pratiti vrijeme u svakom trenutku. S novim modelom nosa\u010da imate jo\u0161 vi\u0161e opcija za montiranje va\u0161eg XRR-a. Tako\u0111er kod ovog agregata ponovno je ugra\u0111ena tipka za odabir na\u010dina rada sa ili bez pedale. Ova zna\u010dajka eliminira potrebu za no\u017enom pedalom. Ako vi\u0161e volite raditi s no\u017enim prekida\u010dem, ali vam smetaju brojni kabeli, no\u017eni prekida\u010d Critical tvrtke Critical pru\u017ea vam potpuno novi osje\u0107aj slobode.<\/p>\n<h4>SVOJSTVA<\/h4>\n<p>*TFT zaslon u boji s temama boja koje korisnik mo\u017ee odabrati i velikim, lako \u010ditljivim slovima<br \/>\n*Dodatna be\u017ei\u010dna no\u017ena pedala (prodaje se zasebno)<br \/>\n*Pa\u017eljivo pode\u0161eno kapacitivno dodirno korisni\u010dko su\u010delje<br \/>\n*Dizajn monta\u017ee za ve\u0107u fleksibilnost monta\u017ee<br \/>\n*Funkcija brzog pokretanja i na\u010dini rada pedala sada se mogu neovisno konfigurirati za unaprijed postavljene\/izlazne gumbe.<br \/>\n*Mjera\u010d sesije na temelju satnih postavki korisnika: na\u010din sesije, vrijeme rada ili hibridni na\u010din (novi korisni\u010dki unos &quot;hibridnog&quot; na\u010dina naplate)<br \/>\n*Gumb za odabir upotrebe no\u017ene papu\u010dice: nije vam potrebna no\u017ena papu\u010dica.<br \/>\n*Doba dana<br \/>\n*Dvostruki neovisni izlazi<br \/>\n*Jednostavno pakiranje s tipi\u010dnim strojnim vre\u0107icama ili bocama<br \/>\n*Dostupne su dodatne mogu\u0107nosti monta\u017ee<\/p>\n<p>Proizvedeno u SAD-u. 2 godine jamstva.<\/p>","protected":false},"excerpt":{"rendered":"<h4><strong>KRITI\u010cNI XRR<\/strong><\/h4>\n<p>TEHNI\u010cKE KARAKTERISTIKE<\/p>\n<ul>\n<li>CNC strojno obra\u0111eno ku\u0107i\u0161te<\/li>\n<li>Originalne visokokakovostne vti\u010dnice Amphenol 1\/4 &#8220;za bolj\u0161e zagotavljanje mo\u010di in dolgo \u017eivljenjsko dobo<\/li>\n<li>Vr\u0161na struja od 4 A, kontinuirana od 2 A<\/li>\n<li>Precizno regulirani napon zadane vrijednosti 0-1 v<\/li>\n<li>Ugra\u0111ena za\u0161tita od kratkog spoja<\/li>\n<li>Postavka rezolucije od 0,1 volta<\/li>\n<li>Postavke prednapona s 2, 4 ili 6 na\u010dina memorije stroja<\/li>\n<li>Trajna memorija<\/li>\n<li>Univerzalni ulaz 90-240 vac 50 \/ 60 Hz<\/li>\n<li>Sprejema standardne 1\/4 &#8220;priklju\u010dne kable in no\u017ene stopalke<\/li>\n<li>Volti, amperi, brzina (hz), radni ciklus (%) i STL<\/li>\n<li>2 godine jamstva proizvo\u0111a\u010da<\/li>\n<li>Proizvedeno u SAD-u<\/li>\n<\/ul>","protected":false},"featured_media":35122,"template":"","meta":{"_seopress_robots_primary_cat":"none","_seopress_titles_title":"CRITICAL XRR - Carantania Tattoo","_seopress_titles_desc":"Prvotni priklju\u010dki obljubljajo najvi\u0161jo kakovost in zagotavljajo zanesljivo dr\u017eanje vti\u010dev, popoln pretok toka in \u0161e posebej visoko stopnjo vzdr\u017eljivosti.","_seopress_robots_index":""},"product_brand":[],"product_cat":[194,217,208],"product_tag":[],"class_list":{"0":"post-31252","1":"product","2":"type-product","3":"status-publish","4":"has-post-thumbnail","6":"product_cat-akcija","7":"product_cat-napajalniki-za-tattoo-strojcke","8":"product_cat-napajalniki-stopalke-in-kabli","9":"entry","10":"has-media","12":"first","13":"instock","14":"sale","15":"taxable","16":"shipping-taxable","17":"purchasable","18":"product-type-simple"},"_links":{"self":[{"href":"https:\/\/www.carantaniatattoo.com\/hr\/wp-json\/wp\/v2\/product\/31252","targetHints":{"allow":["GET"]}}],"collection":[{"href":"https:\/\/www.carantaniatattoo.com\/hr\/wp-json\/wp\/v2\/product"}],"about":[{"href":"https:\/\/www.carantaniatattoo.com\/hr\/wp-json\/wp\/v2\/types\/product"}],"version-history":[{"count":0,"href":"https:\/\/www.carantaniatattoo.com\/hr\/wp-json\/wp\/v2\/product\/31252\/revisions"}],"wp:featuredmedia":[{"embeddable":true,"href":"https:\/\/www.carantaniatattoo.com\/hr\/wp-json\/wp\/v2\/media\/35122"}],"wp:attachment":[{"href":"https:\/\/www.carantaniatattoo.com\/hr\/wp-json\/wp\/v2\/media?parent=31252"}],"wp:term":[{"taxonomy":"product_brand","embeddable":true,"href":"https:\/\/www.carantaniatattoo.com\/hr\/wp-json\/wp\/v2\/product_brand?post=31252"},{"taxonomy":"product_cat","embeddable":true,"href":"https:\/\/www.carantaniatattoo.com\/hr\/wp-json\/wp\/v2\/product_cat?post=31252"},{"taxonomy":"product_tag","embeddable":true,"href":"https:\/\/www.carantaniatattoo.com\/hr\/wp-json\/wp\/v2\/product_tag?post=31252"}],"curies":[{"name":"wp","href":"https:\/\/api.w.org\/{rel}","templated":true}]}}