{"id":31399,"date":"2019-12-30T13:24:44","date_gmt":"2019-12-30T13:24:44","guid":{"rendered":"https:\/\/www.ivh6.si\/Ponudbe\/tattoo\/izdelek\/panthera-ink-gloom-30ml\/"},"modified":"2022-03-21T08:59:35","modified_gmt":"2022-03-21T08:59:35","slug":"panthera-ink-gloom-30ml","status":"publish","type":"product","link":"https:\/\/www.carantaniatattoo.com\/hr\/trgovina\/tattoo-barve\/panthera-ink-tattoo-barve\/panthera-ink-gloom-30-ml-2\/","title":{"rendered":"PANTHERA TINTA \u2013 GLOOM 30ml"},"content":{"rendered":"<p>PANTHERA TINTA \u2013 GLOOM 30ml<br \/>\nBoja za vje\u017ebanje na umjetnoj ko\u017ei. Boja nije prikladna za tetoviranje na ljudskoj ko\u017ei!<\/p>","protected":false},"excerpt":{"rendered":"<p>PANTHERA TINTA \u2013 GLOOM 30ml<br \/>\nBoja za vje\u017ebanje na umjetnoj ko\u017ei. Boja nije prikladna za tetoviranje na ljudskoj ko\u017ei!<\/p>","protected":false},"featured_media":31400,"template":"","meta":{"_seopress_robots_primary_cat":"none","_seopress_titles_title":"","_seopress_titles_desc":"","_seopress_robots_index":""},"product_brand":[],"product_cat":[498,198],"product_tag":[],"class_list":{"0":"post-31399","1":"product","2":"type-product","3":"status-publish","4":"has-post-thumbnail","6":"product_cat-panthera-ink-tattoo-barve","7":"product_cat-tattoo-barve","8":"entry","9":"has-media","11":"first","12":"outofstock","13":"sale","14":"taxable","15":"shipping-taxable","16":"purchasable","17":"product-type-simple"},"_links":{"self":[{"href":"https:\/\/www.carantaniatattoo.com\/hr\/wp-json\/wp\/v2\/product\/31399","targetHints":{"allow":["GET"]}}],"collection":[{"href":"https:\/\/www.carantaniatattoo.com\/hr\/wp-json\/wp\/v2\/product"}],"about":[{"href":"https:\/\/www.carantaniatattoo.com\/hr\/wp-json\/wp\/v2\/types\/product"}],"version-history":[{"count":0,"href":"https:\/\/www.carantaniatattoo.com\/hr\/wp-json\/wp\/v2\/product\/31399\/revisions"}],"wp:featuredmedia":[{"embeddable":true,"href":"https:\/\/www.carantaniatattoo.com\/hr\/wp-json\/wp\/v2\/media\/31400"}],"wp:attachment":[{"href":"https:\/\/www.carantaniatattoo.com\/hr\/wp-json\/wp\/v2\/media?parent=31399"}],"wp:term":[{"taxonomy":"product_brand","embeddable":true,"href":"https:\/\/www.carantaniatattoo.com\/hr\/wp-json\/wp\/v2\/product_brand?post=31399"},{"taxonomy":"product_cat","embeddable":true,"href":"https:\/\/www.carantaniatattoo.com\/hr\/wp-json\/wp\/v2\/product_cat?post=31399"},{"taxonomy":"product_tag","embeddable":true,"href":"https:\/\/www.carantaniatattoo.com\/hr\/wp-json\/wp\/v2\/product_tag?post=31399"}],"curies":[{"name":"wp","href":"https:\/\/api.w.org\/{rel}","templated":true}]}}