{"id":31551,"date":"2020-05-27T12:28:15","date_gmt":"2020-05-27T12:28:15","guid":{"rendered":"https:\/\/www.ivh6.si\/Ponudbe\/tattoo\/izdelek\/septigel-razkuzilo\/"},"modified":"2023-07-28T08:15:01","modified_gmt":"2023-07-28T08:15:01","slug":"septigel-razkuzilo","status":"publish","type":"product","link":"https:\/\/www.carantaniatattoo.com\/hr\/trgovina\/higijena\/dezinfekcija-rok\/dekocija-septigela-2\/","title":{"rendered":"SEPTIGEL SREDSTVO ZA DEZINFEKCIJU RUKU 300 ml"},"content":{"rendered":"<h4>SEPTIGEL SREDSTVO ZA DEZINFEKCIJU RUKU 300 ml<\/h4>\n<p>Gel za dezinfekciju ruku u pakiranju od 300 ml.<br \/>\nProizvedeno u Francuskoj<\/p>\n<p>Sadr\u017ei: Etanol CAS br. 64-17-5 (60% m\/m), izopropanol CAS br. 67-63-0 (15% m\/m), glicerin.<\/p>\n<div class=\"tlid-input input\">\n<div class=\"source-wrap\">\n<div class=\"input-full-height-wrapper tlid-input-full-height-wrapper\">\n<div class=\"source-input\">\n<div class=\"source-footer-wrap source-or-target-footer\">\n<div class=\"character-count tlid-character-count\">\n<div class=\"cc-ctr normal\">Mikrobiolo\u0161ka svojstva<\/div>\n<\/div>\n<\/div>\n<\/div>\n<\/div>\n<\/div>\n<\/div>\n<div class=\"tlid-results-container results-container\">\n<div class=\"tlid-result result-dict-wrapper\">\n<div class=\"result tlid-copy-target\">\n<div class=\"text-wrap tlid-copy-target\">\n<div class=\"result-shield-container tlid-copy-target\" tabindex=\"0\"><span class=\"tlid-translation translation\" lang=\"sl\"><span class=\"\" title=\"\">Baktericidno djelovanje: EN 1040 (MRSA), EN 1500, EN 12791, NF T 72-170 (higijenski zahtjevi), salmonella enterica, listeria monocytogenes.<\/span><br \/>\n<span class=\"\" title=\"\">Djelovanje gljivica: EN 1275 (Candida albicans, Aspergillus niger), EN 1650 (higijenski zahtjevi).<\/span><br \/>\n<span class=\"\" title=\"\">Tuberkulocidno djelovanje: EN 14348 (Mycobacterium terrae).<\/span><br \/>\n<span class=\"\" title=\"\">Virucidno djelovanje: EN 14476 (H1N1), aktivan protiv HIV-a, rotavirusa, herpes virusa, BVDV (pokazatelj hepatitisa C), PRV (pokazatelj hepatitisa B), MNV (mi\u0161ji norovirus, modelni virus za prou\u010davanje ljudskih norovirusa), poliovirus , adenovirus<\/span><\/span><\/div>\n<\/div>\n<\/div>\n<\/div>\n<\/div>","protected":false},"excerpt":{"rendered":"<p>Gel za razku\u017eevanje ko\u017ee v 300 ml pakiranju.<br \/>\nProizvedeno u Francuskoj<\/p>\n<p>Sadr\u017ei: Etanol CAS br. 64-17-5 (60% m\/m), izopropanol CAS br. 67-63-0 (15% m\/m), glicerin.<\/p>","protected":false},"featured_media":35086,"template":"","meta":{"_seopress_robots_primary_cat":"none","_seopress_titles_title":"SEPTIGEL RAZKU\u017dILO ZA ROKE 300 ml - Carantania Tattoo","_seopress_titles_desc":"Baktericidno delovanje, glivi\u010dna aktivnost, deluje na HIV,rotavirus, herpes virus,mi\u0161ji norovirus,modelni virus za prou\u010devanje humanih norovirusov,poliovirus.\r\n\r\n","_seopress_robots_index":""},"product_brand":[],"product_cat":[207,206],"product_tag":[],"class_list":{"0":"post-31551","1":"product","2":"type-product","3":"status-publish","4":"has-post-thumbnail","6":"product_cat-dezinfekcija-rok","7":"product_cat-higiena","8":"entry","9":"has-media","11":"first","12":"outofstock","13":"sale","14":"taxable","15":"shipping-taxable","16":"purchasable","17":"product-type-simple"},"_links":{"self":[{"href":"https:\/\/www.carantaniatattoo.com\/hr\/wp-json\/wp\/v2\/product\/31551","targetHints":{"allow":["GET"]}}],"collection":[{"href":"https:\/\/www.carantaniatattoo.com\/hr\/wp-json\/wp\/v2\/product"}],"about":[{"href":"https:\/\/www.carantaniatattoo.com\/hr\/wp-json\/wp\/v2\/types\/product"}],"version-history":[{"count":0,"href":"https:\/\/www.carantaniatattoo.com\/hr\/wp-json\/wp\/v2\/product\/31551\/revisions"}],"wp:featuredmedia":[{"embeddable":true,"href":"https:\/\/www.carantaniatattoo.com\/hr\/wp-json\/wp\/v2\/media\/35086"}],"wp:attachment":[{"href":"https:\/\/www.carantaniatattoo.com\/hr\/wp-json\/wp\/v2\/media?parent=31551"}],"wp:term":[{"taxonomy":"product_brand","embeddable":true,"href":"https:\/\/www.carantaniatattoo.com\/hr\/wp-json\/wp\/v2\/product_brand?post=31551"},{"taxonomy":"product_cat","embeddable":true,"href":"https:\/\/www.carantaniatattoo.com\/hr\/wp-json\/wp\/v2\/product_cat?post=31551"},{"taxonomy":"product_tag","embeddable":true,"href":"https:\/\/www.carantaniatattoo.com\/hr\/wp-json\/wp\/v2\/product_tag?post=31551"}],"curies":[{"name":"wp","href":"https:\/\/api.w.org\/{rel}","templated":true}]}}