{"id":31610,"date":"2020-07-02T09:17:39","date_gmt":"2020-07-02T09:17:39","guid":{"rendered":"https:\/\/www.ivh6.si\/Ponudbe\/tattoo\/izdelek\/inkjecta-flite-x1\/"},"modified":"2025-07-07T11:07:16","modified_gmt":"2025-07-07T11:07:16","slug":"inkjecta-flite-x1","status":"publish","type":"product","link":"https:\/\/www.carantaniatattoo.com\/hr\/trgovina\/strojcki-za-tetoviranje\/inkjecta-rotary-tattoo-machine\/ubrizgati-flite-x1\/","title":{"rendered":"INKJECTA FLITE X1"},"content":{"rendered":"<h4>INKJECTA FLITE X1<\/h4>\n<p>Novi pokret. Nova snaga. Inkjecto Flite X1 pokre\u0107e baterija puna inovativne tehnologije koja ima mnoge mogu\u0107nosti prilagodbe - neograni\u010dena sloboda s radom Li-ion baterije. Flite X1 eliminira potrebu za napajanjem i kabelima, omogu\u0107uju\u0107i maksimalnu slobodu kretanja. Trajanje potpuno napunjene Li-ion baterije je do 8 sati. U paketu su dvije baterije i punja\u010d sa dva ulaza. Intuitivna i ergonomska pametna kontrola.<\/p>\n<p>Zategnutost se jednostavno pode\u0161ava pritiskom na odgovaraju\u0107u tipku i istovremenim naginjanjem stroja. Raspon napona mo\u017ee se postaviti izme\u0111u 4,5 - 16,5 volti i ozna\u010den je kota\u010di\u0107ima koji se sastoje od 12 malih LED svjetala.<br \/>\nDubina uboda se pode\u0161ava pritiskom na dvije strelice na ku\u0107i\u0161tu, tako da je vrlo lako podesiti dubinu uboda i kod fiksnih hvatova tijekom rada. Flex-Grips vi\u0161e nisu apsolutno potrebni.<br \/>\nHod se mo\u017ee prilagoditi individualnim zahtjevima brzom izmjenom brijega. Standardni 3,25 mm uklju\u010den je u isporuku, ostali su dostupni zasebno u 2,5, 3,0, 3,5 i 4,0 mm.<br \/>\nTvrdo\u0107a se mo\u017ee odabrati s razli\u010ditim iglama. Isporuka uklju\u010duje unaprijed sastavljenu karbonsku iglenu \u0161ipku i srednje i tvrdu torzijsku iglenu \u0161ipku.<br \/>\nTe\u017eina Flite X1 je samo 144g, ima dual nano tehnologiju, jedan pogonski motor i jedan motor za pode\u0161avanje dubine.<br \/>\nInkjecta Flite X1 dizajniran je, razvijen i proizveden u Australiji. To se tako\u0111er odnosi na PCB, koji se proizvodi u Australiji prema vojnim standardima.<\/p>\n<p>Brze \u010dinjenice:<br \/>\nBe\u017ei\u010dni rad na baterije<br \/>\nIntuitivno i ergonomski pametno upravljanje<br \/>\nPode\u0161avanje napetosti jednim pritiskom na tipku i istovremenim naginjanjem stroja<br \/>\nTehnolo\u0161ko pode\u0161avanje dubine uboda uz pomo\u0107 dva gumba<br \/>\nPotpuno kompatibilan s Inkjecta Flite Nano ekscentrima i iglama<br \/>\nVrijeme rada 2040mAH 18500 Li-ion baterija: do 8 sati<br \/>\nVrijeme punjenja 2040mAH 18500 Li-Ion baterija: 90 min<br \/>\nVrijeme rada 900mAH 18350 Li-ion baterija: do 4 sata<br \/>\nVrijeme punjenja 900mAH 18350 Li-ion baterija: 40 min<br \/>\nVrlo mala te\u017eina: 110 g bez baterije, 144 gz velika baterija, 139 gz mala baterija<br \/>\nDva motora s nano tehnologijom<br \/>\nDizajniran, razvijen i proizveden u Australiji<\/p>\n<p>Paket sadr\u017ei:<br \/>\nPunja\u010d sa 2 konektora<br \/>\n3,25 mm brijeg<br \/>\nCarbon Bar \u2013 unaprijed sastavljena igla<br \/>\nSrednja torzijska igla<br \/>\nTvrda torzijska igla<br \/>\n2040mAH 18500 Li-ion baterija<br \/>\n900mAH 18350 Li-ion baterija<br \/>\nInox MX5 mazivo<br \/>\nSuperLube<br \/>\nMagnetski alat<br \/>\nPriru\u010dnik<br \/>\nuklj. stabilan i podstavljen transportni kov\u010deg<\/p>\n<p>Dostupno za narud\u017ebu.<\/p>\n<p>&nbsp;<\/p>\n<p>&nbsp;<\/p>\n<p>&nbsp;<\/p>","protected":false},"excerpt":{"rendered":"<p>Brze \u010dinjenice:<br \/>\nBe\u017ei\u010dni rad na baterije<br \/>\nIntuitivno i ergonomski pametno upravljanje<br \/>\nPode\u0161avanje napetosti jednim pritiskom na tipku i istovremenim naginjanjem stroja<br \/>\nTehnolo\u0161ko pode\u0161avanje dubine uboda uz pomo\u0107 dva gumba<br \/>\nPotpuno kompatibilan s Inkjecta Flite Nano ekscentrima i iglama<br \/>\nVrijeme rada 2040mAH 18500 Li-ion baterija: do 8 sati<br \/>\nVrijeme punjenja 2040mAH 18500 Li-Ion baterija: 90 min<br \/>\nVrijeme rada 900mAH 18350 Li-ion baterija: do 4 sata<br \/>\nVrijeme punjenja 900mAH 18350 Li-ion baterija: 40 min<br \/>\nVrlo mala te\u017eina: 110 g bez baterije, 144 gz velika baterija, 139 gz mala baterija<br \/>\nDva motora s nano tehnologijom<br \/>\nDizajniran, razvijen i proizveden u Australiji<br \/>\nNa voljo v \u0161tirih razli\u010dnih barvah: Stealth, Glass, Smoke, Troopa<\/p>\n<p>Paket sadr\u017ei:<br \/>\nPunja\u010d sa 2 konektora<br \/>\n3,25 mm brijeg<br \/>\nCarbon Bar \u2013 unaprijed sastavljena igla<br \/>\nSrednja torzijska igla<br \/>\nTvrda torzijska igla<br \/>\n2040mAH 18500 Li-ion baterija<br \/>\n900mAH 18350 Li-ion baterija<br \/>\nInox MX5 mazivo<br \/>\nSuperLube<br \/>\nMagnetski alat<br \/>\nPriru\u010dnik<br \/>\nuklj. stabilan i podstavljen transportni kov\u010deg<\/p>","protected":false},"featured_media":31612,"template":"","meta":{"_seopress_robots_primary_cat":"none","_seopress_titles_title":"INJECTA FLITE X1 - Carantania Tattoo","_seopress_titles_desc":"\u010cas trajanja baterije je do 8h. V paketu sta dve bateriji in polnilnik. Napetost se enostavno prilagodi s pritiskom na ustrezni gumb. Zelo nizka te\u017ea. ","_seopress_robots_index":""},"product_brand":[],"product_cat":[261,202],"product_tag":[],"class_list":{"0":"post-31610","1":"product","2":"type-product","3":"status-publish","4":"has-post-thumbnail","6":"product_cat-inkjecta-rotary-tattoo-machine","7":"product_cat-strojcki-za-tetoviranje","8":"entry","9":"has-media","11":"first","12":"instock","13":"sale","14":"taxable","15":"shipping-taxable","16":"purchasable","17":"product-type-simple"},"_links":{"self":[{"href":"https:\/\/www.carantaniatattoo.com\/hr\/wp-json\/wp\/v2\/product\/31610","targetHints":{"allow":["GET"]}}],"collection":[{"href":"https:\/\/www.carantaniatattoo.com\/hr\/wp-json\/wp\/v2\/product"}],"about":[{"href":"https:\/\/www.carantaniatattoo.com\/hr\/wp-json\/wp\/v2\/types\/product"}],"version-history":[{"count":0,"href":"https:\/\/www.carantaniatattoo.com\/hr\/wp-json\/wp\/v2\/product\/31610\/revisions"}],"wp:featuredmedia":[{"embeddable":true,"href":"https:\/\/www.carantaniatattoo.com\/hr\/wp-json\/wp\/v2\/media\/31612"}],"wp:attachment":[{"href":"https:\/\/www.carantaniatattoo.com\/hr\/wp-json\/wp\/v2\/media?parent=31610"}],"wp:term":[{"taxonomy":"product_brand","embeddable":true,"href":"https:\/\/www.carantaniatattoo.com\/hr\/wp-json\/wp\/v2\/product_brand?post=31610"},{"taxonomy":"product_cat","embeddable":true,"href":"https:\/\/www.carantaniatattoo.com\/hr\/wp-json\/wp\/v2\/product_cat?post=31610"},{"taxonomy":"product_tag","embeddable":true,"href":"https:\/\/www.carantaniatattoo.com\/hr\/wp-json\/wp\/v2\/product_tag?post=31610"}],"curies":[{"name":"wp","href":"https:\/\/api.w.org\/{rel}","templated":true}]}}