{"id":31625,"date":"2020-07-02T10:17:23","date_gmt":"2020-07-02T10:17:23","guid":{"rendered":"https:\/\/www.ivh6.si\/Ponudbe\/tattoo\/izdelek\/spektra-flux-powerbolt-baterija\/"},"modified":"2025-07-07T10:47:07","modified_gmt":"2025-07-07T10:47:07","slug":"spektra-flux-powerbolt-baterija","status":"publish","type":"product","link":"https:\/\/www.carantaniatattoo.com\/hr\/trgovina\/napajalniki-stopalke-in-kabli\/napajalniki-za-tattoo-strojcke\/spectrum-flux-powerbolt-baterija-2\/","title":{"rendered":"FK Irons FLUX POWERBOLT"},"content":{"rendered":"<p>Spektra Flux slijedi popularni rotacijski Xion i ozna\u010dava prvi be\u017ei\u010dni ure\u0111aj FK Ironsa i DarkLaba.<br \/>\nNapajanje Spektra Fluxa je odvojiva baterija poznata kao PowerBolt, koja omogu\u0107uje umjetnicima da be\u017ei\u010dno upravljaju svojim strojem bez potrebe za kabelima ili izvorima napajanja. Budu\u0107i da je zamjenjiv, mo\u017eete brzo i jednostavno prije\u0107i na pomo\u0107nu bateriju kada se napunjenost isprazni, tako da mo\u017eete nastaviti s radom bez problema.<\/p>\n<p>PowerBolt sadr\u017ei litij-ionsku bateriju s USB-C vezom i Dynamic Power-Path Management, koja omogu\u0107uje istovremeno punjenje baterije i isporuku energije. Nudi brzine punjenja do 1,5 A i vrijeme rada do 10 sati, ovisno o vrsti spremnika koji se koristi i naponu. Osim toga, ve\u0107a gusto\u0107a energije PowerBolta osigurava pouzdanost i stabilnost.<br \/>\nOsim LED indikatora kapaciteta i napona baterije, PowerBolt ima i tri tipke: jednu za uklju\u010divanje\/isklju\u010divanje Spektra Fluxa i drugu za brzo i jednostavno pode\u0161avanje napona. Pritiskajte strelice gore i dolje za promjenu napona Spectrum Fluxa u koracima od 0,5 V ili smanjenjima od 5 do 12 V, s bojom LED diode koja odgovara dijagramu napona na PowerBoltu.<br \/>\nPowerBolt nudi i opciju sprje\u010davanja automatske aktivacije, \u0161to je posebno korisno prilikom putovanja avionom. Spektra Flux tako\u0111er ima Bluetooth, \u0161to zna\u010di da ga mo\u017eete upariti s DarkLabovim strujnim adapterom i aplikacijom Hover. Pomo\u0107u aplikacije DarkLab mo\u017eete be\u017ei\u010dno a\u017eurirati svoj Flux na najnoviji firmware.<\/p>\n<p>Spektra Rotary Flux ima izravan pogon, ulaz od 4 mm, \u0161to zna\u010di da je odli\u010dan za obje linije, sjen\u010danje i bojanje. Tako\u0111er je vrlo tih u radu i stvara minimalne vibracije.<br \/>\nVerzija Spektra Flux dolazi s jednom PowerBolt baterijom.<\/p>\n<p>Klju\u010dne karakteristike:<br \/>\n1x PowerBolt baterija<br \/>\nBe\u017ei\u010dni trimer - nisu potrebni kablovi za napajanje<br \/>\nZamjenjiva USB-C Li-ion baterija s dinami\u010dkim upravljanjem napajanjem<br \/>\nLED indikator kapaciteta i napona baterije<br \/>\nNapon: 5-12 V, podesiv u koracima od 0,5 V<br \/>\nBrzine punjenja do 1,5 A<br \/>\nDo 10 sati tr\u010danja<br \/>\nUklju\u010den je Bluetooth koji mo\u017eete spojiti na DarkLab Hover napajanje i aplikaciju za be\u017ei\u010dno a\u017euriranje firmvera putem aplikacije<br \/>\nIzravni pogon s hodom od 4 mm<br \/>\nTe\u017eina: 181 g<br \/>\nProizvedeno u SAD-u, garancija 1 godina.<br \/>\nDostupno za narud\u017ebu!<\/p>\n<p>&nbsp;<\/p>","protected":false},"excerpt":{"rendered":"<p>Spektra Flux Powerbolt<\/p>\n<p>Klju\u010dne karakteristike:<br \/>\n1x PowerBolt baterija<br \/>\nBe\u017ei\u010dni trimer - nisu potrebni kablovi za napajanje<br \/>\nZamjenjiva USB-C Li-ion baterija s dinami\u010dkim upravljanjem napajanjem<br \/>\nLED indikator kapaciteta i napona baterije<br \/>\nNapon: 5-12 V, podesiv u koracima od 0,5 V<br \/>\nBrzine punjenja do 1,5 A<br \/>\nDo 10 sati tr\u010danja<br \/>\nUklju\u010den je Bluetooth koji mo\u017eete spojiti na DarkLab Hover napajanje i aplikaciju za be\u017ei\u010dno a\u017euriranje firmvera putem aplikacije<br \/>\nIzravni pogon s hodom od 4 mm<br \/>\nTe\u017eina: 181 g<br \/>\nProizvedeno u SAD-u, garancija 1 godina.<br \/>\nDostupno za narud\u017ebu!<\/p>","protected":false},"featured_media":31627,"template":"","meta":{"_seopress_robots_primary_cat":"none","_seopress_titles_title":"SPEKTRA FLUX POWERBOLT - Carantania Tattoo","_seopress_titles_desc":"Napajanje Spektra Fluxa je snemljiva baterija, znana kot PowerBolt. \u010cas delovanja do 10 ur, odvisno od vrste uporabljene kartu\u0161e in napetosti","_seopress_robots_index":""},"product_brand":[],"product_cat":[194,292,217,202],"product_tag":[],"class_list":{"0":"post-31625","1":"product","2":"type-product","3":"status-publish","4":"has-post-thumbnail","6":"product_cat-akcija","7":"product_cat-fk-irons","8":"product_cat-napajalniki-za-tattoo-strojcke","9":"product_cat-strojcki-za-tetoviranje","10":"entry","11":"has-media","13":"first","14":"instock","15":"sale","16":"taxable","17":"shipping-taxable","18":"purchasable","19":"product-type-simple"},"_links":{"self":[{"href":"https:\/\/www.carantaniatattoo.com\/hr\/wp-json\/wp\/v2\/product\/31625","targetHints":{"allow":["GET"]}}],"collection":[{"href":"https:\/\/www.carantaniatattoo.com\/hr\/wp-json\/wp\/v2\/product"}],"about":[{"href":"https:\/\/www.carantaniatattoo.com\/hr\/wp-json\/wp\/v2\/types\/product"}],"version-history":[{"count":0,"href":"https:\/\/www.carantaniatattoo.com\/hr\/wp-json\/wp\/v2\/product\/31625\/revisions"}],"wp:featuredmedia":[{"embeddable":true,"href":"https:\/\/www.carantaniatattoo.com\/hr\/wp-json\/wp\/v2\/media\/31627"}],"wp:attachment":[{"href":"https:\/\/www.carantaniatattoo.com\/hr\/wp-json\/wp\/v2\/media?parent=31625"}],"wp:term":[{"taxonomy":"product_brand","embeddable":true,"href":"https:\/\/www.carantaniatattoo.com\/hr\/wp-json\/wp\/v2\/product_brand?post=31625"},{"taxonomy":"product_cat","embeddable":true,"href":"https:\/\/www.carantaniatattoo.com\/hr\/wp-json\/wp\/v2\/product_cat?post=31625"},{"taxonomy":"product_tag","embeddable":true,"href":"https:\/\/www.carantaniatattoo.com\/hr\/wp-json\/wp\/v2\/product_tag?post=31625"}],"curies":[{"name":"wp","href":"https:\/\/api.w.org\/{rel}","templated":true}]}}