{"id":31873,"date":"2021-05-12T12:48:13","date_gmt":"2021-05-12T12:48:13","guid":{"rendered":"https:\/\/www.ivh6.si\/Ponudbe\/tattoo\/izdelek\/critical-polnilna-postaja-z-baterijama\/"},"modified":"2025-08-28T07:55:50","modified_gmt":"2025-08-28T07:55:50","slug":"critical-polnilna-postaja-z-baterijama","status":"publish","type":"product","link":"https:\/\/www.carantaniatattoo.com\/hr\/trgovina\/napajalniki-stopalke-in-kabli\/napajalniki-za-tattoo-strojcke\/kriticna-stanica-za-punjenje-s-baterijama-2\/","title":{"rendered":"KRITI\u010cNA PUNIONICA SA BATERIJAMA"},"content":{"rendered":"<p>Ovaj komplet <strong>&quot;KRITI\u010cNA PUNIONICA S BATERIJAMA&quot;<\/strong> ne\u0107e vas ostaviti ravnodu\u0161nim. S univerzalnom Critical baterijom svoj rotacijski trimer mo\u017eete u trenu pretvoriti u be\u017ei\u010dni trimer.<\/p>\n<p><strong>Komplet kriti\u010dne stanice za punjenje s baterijama uklju\u010duje:<\/strong><br \/>\n2 x RCA odn<br \/>\n2 x 3,5 mm (Cheyenne) ili<br \/>\n1 x RCA i 1 x 3,5 mm (<a href=\"https:\/\/www.carantaniatattoo.com\/hr\/kategorija-proizvoda\/strojcki-za-tetoviranje\/cheyenne-tattoo\/\">Cheyenne<\/a>)<br \/>\n\u0160to zna\u010di da je ova baterija dostupna u RCA i 3,5 mm (Cheyenne) priklju\u010dcima. Kompatibilan je s ve\u0107inom rotacijskih strojeva. Univerzalna baterija Critical nudi ergonomsko, uravnote\u017eeno i intuitivno su\u010delje koje pru\u017ea pravu slobodu.<\/p>\n<p><strong>Zna\u010dajke univerzalne baterije:<\/strong><\/p>\n<ul>\n<li>kompatibilan s ve\u0107inom rotacijskih brija\u010da<\/li>\n<li>dostupan u RCA i 3,5 mm priklju\u010dcima (Cheyenne)<\/li>\n<li>Kriti\u010dna jezgra = konstantan i stabilan izlazni napon<\/li>\n<li>dvostruka stanica za punjenje nije obavezna<\/li>\n<li>lagan i uravnote\u017een<\/li>\n<li>intuitivno korisni\u010dko su\u010delje<\/li>\n<li>do 10 sati tetoviranja (ovisno o naponu i kori\u0161tenju stroja)<\/li>\n<li>raspon napona 4V-13V<\/li>\n<\/ul>\n<p><strong>Specifikacije proizvoda univerzalne baterije:<\/strong><br \/>\nDuljina: 2,47\u201d<br \/>\n\u0160irina: 1,26\u201d<br \/>\nTe\u017eina: 2,0 oz<br \/>\nBoja: crna<br \/>\nKompatibilan s RCA i 3,5 mm baterijama.<br \/>\nOva priklju\u010dna jedinica omogu\u0107uje jednostavnu zamjenu baterije. Ugra\u0111ena magnetska baza omogu\u0107uje neograni\u010dene mogu\u0107nosti pri\u010dvr\u0161\u0107ivanja za lak pristup tijekom tetoviranja.<\/p>\n<p>Specifikacije proizvoda univerzalne baterije:<br \/>\nDimenzije: 2&quot; x 4&quot; x 1,2&quot;<br \/>\nUSB-C kabel<br \/>\nUSB-C zidni utika\u010d<br \/>\nBoja: crna<\/p>\n<p>1 godina jamstva proizvo\u0111a\u010da<\/p>\n<p>&nbsp;<\/p>","protected":false},"excerpt":{"rendered":"<p><strong>Zna\u010dajke univerzalne baterije:<\/strong><\/p>\n<ul>\n<li>kompatibilan s ve\u0107inom rotacijskih brija\u010da<\/li>\n<li>dostupan u RCA i 3,5 mm priklju\u010dcima (Cheyenne)<\/li>\n<li>Kriti\u010dna jezgra = konstantan i stabilan izlazni napon<\/li>\n<li>dvostruka stanica za punjenje nije obavezna<\/li>\n<li>lagan i uravnote\u017een<\/li>\n<li>intuitivno korisni\u010dko su\u010delje<\/li>\n<li>do 10 sati tetoviranja (ovisno o kori\u0161tenju napona i stroja)<\/li>\n<\/ul>\n<p><strong>Zna\u010dajke univerzalne baterije i stanice:<\/strong><\/p>\n<ul>\n<li>Kompatibilan s Critical univerzalnim RCA i 3,5 mm baterijama.<\/li>\n<li>Dva utora za punjenje univerzalnih Critical baterija.<\/li>\n<li>Neograni\u010dene mogu\u0107nosti magnetskog pri\u010dvr\u0161\u0107ivanja.<\/li>\n<li>Baterije se lako, precizno postavljaju i ostat \u0107e u ve\u0107ini kutova.<\/li>\n<li>Hitra zamenjava baterije; &#8220;zamenjava baterije z eno roko&#8221;.<\/li>\n<li>Oko 2-3 sata punjenja (od prazne do pune).<\/li>\n<li>Raspon napona 4V-13V<\/li>\n<\/ul>\n<p>Zaliha: po narud\u017ebi.<\/p>","protected":false},"featured_media":35017,"template":"","meta":{"_seopress_robots_primary_cat":"none","_seopress_titles_title":"CRITICAL POLNILNA POSTAJA Z BATERIJAMA - Carantania Tattoo","_seopress_titles_desc":"Z univerzalno Critical baterijo lahko v hipu spremenite svoj rotacijski stroj\u010dek v brez\u017ei\u010dnega. 2 x RCA ali 2 x 3,5 mm (Cheyenne) ali 1 x RCA in 1 x 3,5 mm","_seopress_robots_index":""},"product_brand":[],"product_cat":[217,208],"product_tag":[],"class_list":{"0":"post-31873","1":"product","2":"type-product","3":"status-publish","4":"has-post-thumbnail","6":"product_cat-napajalniki-za-tattoo-strojcke","7":"product_cat-napajalniki-stopalke-in-kabli","8":"entry","9":"has-media","11":"first","12":"instock","13":"sale","14":"taxable","15":"shipping-taxable","16":"purchasable","17":"product-type-variable"},"_links":{"self":[{"href":"https:\/\/www.carantaniatattoo.com\/hr\/wp-json\/wp\/v2\/product\/31873","targetHints":{"allow":["GET"]}}],"collection":[{"href":"https:\/\/www.carantaniatattoo.com\/hr\/wp-json\/wp\/v2\/product"}],"about":[{"href":"https:\/\/www.carantaniatattoo.com\/hr\/wp-json\/wp\/v2\/types\/product"}],"version-history":[{"count":0,"href":"https:\/\/www.carantaniatattoo.com\/hr\/wp-json\/wp\/v2\/product\/31873\/revisions"}],"wp:featuredmedia":[{"embeddable":true,"href":"https:\/\/www.carantaniatattoo.com\/hr\/wp-json\/wp\/v2\/media\/35017"}],"wp:attachment":[{"href":"https:\/\/www.carantaniatattoo.com\/hr\/wp-json\/wp\/v2\/media?parent=31873"}],"wp:term":[{"taxonomy":"product_brand","embeddable":true,"href":"https:\/\/www.carantaniatattoo.com\/hr\/wp-json\/wp\/v2\/product_brand?post=31873"},{"taxonomy":"product_cat","embeddable":true,"href":"https:\/\/www.carantaniatattoo.com\/hr\/wp-json\/wp\/v2\/product_cat?post=31873"},{"taxonomy":"product_tag","embeddable":true,"href":"https:\/\/www.carantaniatattoo.com\/hr\/wp-json\/wp\/v2\/product_tag?post=31873"}],"curies":[{"name":"wp","href":"https:\/\/api.w.org\/{rel}","templated":true}]}}