{"id":31884,"date":"2021-05-28T09:10:48","date_gmt":"2021-05-28T09:10:48","guid":{"rendered":"https:\/\/www.ivh6.si\/Ponudbe\/tattoo\/izdelek\/critical-atom-x-r-napajalnik\/"},"modified":"2025-07-07T10:05:41","modified_gmt":"2025-07-07T10:05:41","slug":"critical-atom-x-r-napajalnik","status":"publish","type":"product","link":"https:\/\/www.carantaniatattoo.com\/hr\/trgovina\/napajalniki-stopalke-in-kabli\/napajalniki-za-tattoo-strojcke\/kriticni-atom-xr-napajanje-2\/","title":{"rendered":"CRITICAL ATOM XR NAPAJANJE"},"content":{"rendered":"<p>Napajanje Critical Atom XR je malo i jednostavno za kori\u0161tenje. Dizajniran je da uklju\u010duje sve iste izvrsne zna\u010dajke originalnog AtomX-a plus nekoliko dodataka!<\/p>\n<p>Kriti\u010dno napajanje je a\u017eurirano s ciljem pobolj\u0161anja korisni\u010dkog iskustva. Critical Atom XR lako se zamota u higijenske svrhe, dok su gumbi i dalje jednostavni za kori\u0161tenje. Tako\u0111er ima jedinstveni indikator napona koji mijenja boju, a koji se tako\u0111er koristi na oba Critical napajanja <a href=\"https:\/\/www.carantaniatattoo.com\/hr\/izdelek\/kriticna-kopija-atoma-2\/\">Atom<\/a> i <a href=\"https:\/\/www.carantaniatattoo.com\/hr\/izdelek\/kriticni-atom-x-napajanje\/\">AtomX<\/a>, tako\u0111er ima tradicionalni zaslon koji prikazuje to\u010dan napon.<br \/>\nCritical Atom XR ima dvostruki izlaz za povezivanje vi\u0161e strojeva za tetoviranje, bez obzira na vrstu stroja koji koristite. Critical je tako\u0111er dodao mogu\u0107nost be\u017ei\u010dne sinkronizacije napajanja s no\u017enom papu\u010dicom CXP19 \u2013 dakle manje \u017eica.<br \/>\nAtom XR se mo\u017ee koristiti sa ili bez pedale. Ako koristite no\u017enu papu\u010dicu, mo\u017eete birati izme\u0111u &quot;odr\u017eavanog&quot; i trenutnog na\u010dina rada. To zna\u010di da mo\u017eete koristiti no\u017enu papu\u010dicu za pokretanje stroja za tetoviranje jednim klikom ili dr\u017eanjem no\u017ene papu\u010dice koliko god \u017eelite da stroj radi. Postoji i na\u010din brzog pokretanja za strojeve za tetoviranje kojima je potrebna dodatna snaga za pokretanje.<br \/>\nNapajanje Critical Atom XR ima ugra\u0111enu za\u0161titu od kratkog spoja i trajnu memoriju, \u0161to zna\u010di da se unaprijed pode\u0161ene postavke zadr\u017eavaju \u010dak i kada se jedinica ukloni. Napajanje tako\u0111er ima ugra\u0111ene magnete u bazi za \u010dvrsto pri\u010dvr\u0161\u0107ivanje na sve magnetske povr\u0161ine.<\/p>\n<p>Jamstvo proizvo\u0111a\u010da 2 godine.<\/p>","protected":false},"excerpt":{"rendered":"<p>LASTNOSTI:<\/p>\n<p>Dvojni izhod, za povezavo ve\u010d stroj\u010dkov.<br \/>\nBrez\u017ei\u010dna zdru\u017eljivost s stopalko Critical CXP19 (naprodaj lo\u010deno).<br \/>\nPosodobljena zasnova prekrivanja.<br \/>\nIndikator napetosti, ki spreminja barvo, in tradicionalni prikaz napetosti.<br \/>\nNapetostno obmo\u010dje: 1,5-17 voltov (nastavljivo v korakih po 0,1 V).<br \/>\nNa\u010din izbire delovanja &#8211; lahko se uporablja z ali brez stopalke.<br \/>\n&#8220;Vzdr\u017eevani&#8221; ali trenutni na\u010dini no\u017enega pedala.<br \/>\n&#8220;Jumpstart&#8221; je omogo\u010den.<br \/>\nVgrajeni magneti za mo\u010dno pritrditev na kovinske\u00a0 povr\u0161ine.<br \/>\nPomnilnik vsebuje prednastavitve, tudi ko je napajanje odpravljeno.<br \/>\nVgrajena za\u0161\u010dita pred kratkim stikom.<br \/>\nEnostavno zavijanje in pokrivanje za higienske namene.<\/p>\n<p>&nbsp;<\/p>","protected":false},"featured_media":35015,"template":"","meta":{"_seopress_robots_primary_cat":"none","_seopress_titles_title":"CRITICAL ATOM X-R NAPAJALNIK - Carantania Tattoo","_seopress_titles_desc":"Critical Atom X-R ima dvojni izhod za povezavo ve\u010d tattoo stroj\u010dkov, ne glede na to kak\u0161en tip stroj\u010dka uporabljate. Garancija proizvajalca 2 leti. ","_seopress_robots_index":""},"product_brand":[],"product_cat":[217,208],"product_tag":[],"class_list":{"0":"post-31884","1":"product","2":"type-product","3":"status-publish","4":"has-post-thumbnail","6":"product_cat-napajalniki-za-tattoo-strojcke","7":"product_cat-napajalniki-stopalke-in-kabli","8":"entry","9":"has-media","11":"first","12":"instock","13":"sale","14":"taxable","15":"shipping-taxable","16":"purchasable","17":"product-type-simple"},"_links":{"self":[{"href":"https:\/\/www.carantaniatattoo.com\/hr\/wp-json\/wp\/v2\/product\/31884","targetHints":{"allow":["GET"]}}],"collection":[{"href":"https:\/\/www.carantaniatattoo.com\/hr\/wp-json\/wp\/v2\/product"}],"about":[{"href":"https:\/\/www.carantaniatattoo.com\/hr\/wp-json\/wp\/v2\/types\/product"}],"version-history":[{"count":0,"href":"https:\/\/www.carantaniatattoo.com\/hr\/wp-json\/wp\/v2\/product\/31884\/revisions"}],"wp:featuredmedia":[{"embeddable":true,"href":"https:\/\/www.carantaniatattoo.com\/hr\/wp-json\/wp\/v2\/media\/35015"}],"wp:attachment":[{"href":"https:\/\/www.carantaniatattoo.com\/hr\/wp-json\/wp\/v2\/media?parent=31884"}],"wp:term":[{"taxonomy":"product_brand","embeddable":true,"href":"https:\/\/www.carantaniatattoo.com\/hr\/wp-json\/wp\/v2\/product_brand?post=31884"},{"taxonomy":"product_cat","embeddable":true,"href":"https:\/\/www.carantaniatattoo.com\/hr\/wp-json\/wp\/v2\/product_cat?post=31884"},{"taxonomy":"product_tag","embeddable":true,"href":"https:\/\/www.carantaniatattoo.com\/hr\/wp-json\/wp\/v2\/product_tag?post=31884"}],"curies":[{"name":"wp","href":"https:\/\/api.w.org\/{rel}","templated":true}]}}