{"id":37345,"date":"2022-01-24T14:49:06","date_gmt":"2022-01-24T14:49:06","guid":{"rendered":"https:\/\/www.7shop.si\/tattoo\/?post_type=product&#038;p=37345"},"modified":"2025-10-26T17:51:44","modified_gmt":"2025-10-26T17:51:44","slug":"world-famous-limitless-medium-yellow-30-ml","status":"publish","type":"product","link":"https:\/\/www.carantaniatattoo.com\/hr\/trgovina\/tattoo-barve-eu\/world-famous-limitless\/svjetski-poznati-limitless-medium-yellow-30-ml-2\/","title":{"rendered":"SVJETSKI POZNATI LIMITLESS \u2013 SREDNJE LJUBI\u010cASTA \u2013 30 ml"},"content":{"rendered":"<h4>SVJETSKI POZNATI LIMITLESS \u2013 SREDNJE LJUBI\u010cASTA \u2013 30 ml<\/h4>\n<p>Nova linija Limitless tinti razvijena je u skladu s najnovijim REACH propisima Europske unije koji vrijede od 4. sije\u010dnja 2022.<\/p>\n<p>Svjetski poznata tinta za tetoviranje donosi vrhunsku tintu za tetoviranje s iznimno visokim sadr\u017eajem pigmenta i nevjerojatnom brzinom protoka. Sa \u0161irokim rasponom boja za sva va\u0161a sjajna umjetni\u010dka djela, ova \u0107e tinta olak\u0161ati va\u0161 rad kao umjetnika i u\u010diniti va\u0161u umjetnost doista luksuznom!<\/p>\n<p>Koli\u010dina: 30 ml<br \/>\nRok valjanosti otisnut je na bo\u010dici<\/p>\n<p>Vi\u0161e informacija na\u00a0<a href=\"http:\/\/www.worldfamoustattooink.com\/\">http:\/\/www.worldfamoustattooink.com\/<\/a><\/p>\n<p>Posjetite nas i na FB stranici <a href=\"https:\/\/www.facebook.com\/CarantaniaSlovenia\/\">Karantanija Slovenija<\/a><\/p>","protected":false},"excerpt":{"rendered":"<h4>WORLD FAMOUS LIMITLESS &#8211; MEDIUM YELLOW\u00a0 &#8211; 30 ml<\/h4>\n<p>Nova linija Limitless tinti razvijena je u skladu s najnovijim REACH propisima Europske unije koji vrijede od 4. sije\u010dnja 2022.<\/p>\n<p>Svjetski poznata tinta za tetoviranje donosi vrhunsku tintu za tetoviranje s iznimno visokim sadr\u017eajem pigmenta i nevjerojatnom brzinom protoka. Sa \u0161irokim rasponom boja za sva va\u0161a sjajna umjetni\u010dka djela, ova \u0107e tinta olak\u0161ati va\u0161 rad kao umjetnika i u\u010diniti va\u0161u umjetnost doista luksuznom!<\/p>","protected":false},"featured_media":64487,"template":"","meta":{"_seopress_robots_primary_cat":"none","_seopress_titles_title":"WORLD FAMOUS LIMITLESS - MEDIUM PURPLE - Carantania Tattoo","_seopress_titles_desc":"Z obse\u017eno paleto barv za vsa va\u0161a odli\u010dna umetni\u0161ka dela vam bo to \u010drnilo olaj\u0161alo delo umetnika in naredilo va\u0161o umetnost resni\u010dno razko\u0161no!","_seopress_robots_index":""},"product_brand":[],"product_cat":[493,474],"product_tag":[],"class_list":{"0":"post-37345","1":"product","2":"type-product","3":"status-publish","4":"has-post-thumbnail","6":"product_cat-tattoo-barve-eu","7":"product_cat-world-famous-limitless","8":"entry","9":"has-media","11":"first","12":"instock","13":"sale","14":"taxable","15":"shipping-taxable","16":"purchasable","17":"product-type-variable"},"_links":{"self":[{"href":"https:\/\/www.carantaniatattoo.com\/hr\/wp-json\/wp\/v2\/product\/37345","targetHints":{"allow":["GET"]}}],"collection":[{"href":"https:\/\/www.carantaniatattoo.com\/hr\/wp-json\/wp\/v2\/product"}],"about":[{"href":"https:\/\/www.carantaniatattoo.com\/hr\/wp-json\/wp\/v2\/types\/product"}],"version-history":[{"count":0,"href":"https:\/\/www.carantaniatattoo.com\/hr\/wp-json\/wp\/v2\/product\/37345\/revisions"}],"wp:featuredmedia":[{"embeddable":true,"href":"https:\/\/www.carantaniatattoo.com\/hr\/wp-json\/wp\/v2\/media\/64487"}],"wp:attachment":[{"href":"https:\/\/www.carantaniatattoo.com\/hr\/wp-json\/wp\/v2\/media?parent=37345"}],"wp:term":[{"taxonomy":"product_brand","embeddable":true,"href":"https:\/\/www.carantaniatattoo.com\/hr\/wp-json\/wp\/v2\/product_brand?post=37345"},{"taxonomy":"product_cat","embeddable":true,"href":"https:\/\/www.carantaniatattoo.com\/hr\/wp-json\/wp\/v2\/product_cat?post=37345"},{"taxonomy":"product_tag","embeddable":true,"href":"https:\/\/www.carantaniatattoo.com\/hr\/wp-json\/wp\/v2\/product_tag?post=37345"}],"curies":[{"name":"wp","href":"https:\/\/api.w.org\/{rel}","templated":true}]}}