{"id":37915,"date":"2022-01-28T12:47:25","date_gmt":"2022-01-28T12:47:25","guid":{"rendered":"https:\/\/www.7shop.si\/tattoo\/?post_type=product&#038;p=37915"},"modified":"2025-08-28T07:54:38","modified_gmt":"2025-08-28T07:54:38","slug":"i-am-ink-0-bela","status":"publish","type":"product","link":"https:\/\/www.carantaniatattoo.com\/hr\/trgovina\/tattoo-barve-eu\/i-am-ink-tattoo-barve-eu\/ja-sam-tinta-0-bijela\/","title":{"rendered":"JA SAM TINTA \u2013 0 BIJELA"},"content":{"rendered":"<h4>JA SAM TINTA \u2013 0 BIJELA<\/h4>\n<p>&quot;White Rutile pasta&quot; - bijela boja. Izra\u0111en od najkvalitetnije modifikacije titan dioksida, rutila. Savr\u0161eno je za postavljanje naglasaka. Rutil je najbjelji i opti\u010dki najneprozirniji pigment te vrste.<\/p>\n<ul>\n<li>Sadr\u017eaj 50 ml ili 100 ml<\/li>\n<li>Vegansko \/ bez testiranja na \u017eivotinjama<\/li>\n<li>Bez akrilata<\/li>\n<li>Pravna uskla\u0111enost ResAP(2008)1<\/li>\n<li>Proizvedeno u Austriji<\/li>\n<li>S prozorom za pregled sadr\u017eaja<\/li>\n<\/ul>\n<p>Minimalne vrijednosti te\u0161kih metala, PAH-ova i aromatskih amina unutar navedenih granica ResAP (2008) 1. Pripremljeno za nadolaze\u0107u, jo\u0161 stro\u017eu regulatornu preporuku ECHA-e.<br \/>\n\u200d<br \/>\nSastojci: AQUA, PROPYLENE GLYCOL, CI 77266, 1,2-HEXANDIOL, PVP, PEG\/PPG-8\/17 COPOLYMER, SIMETHICONE<br \/>\n\u200d<br \/>\nUpozorenje: Tinte za tetoviranje ili sastojci koje sadr\u017ee mogu izazvati alergijske reakcije i treba ih pregledati lije\u010dnik. Sadr\u017ei tragove nikla i kroma. Mo\u017ee izazvati alergijske reakcije. Namijenjeno samo profesionalnim, profesionalnim tattoo umjetnicima.<\/p>","protected":false},"excerpt":{"rendered":"<p>&quot;White Rutile pasta&quot; - bijela boja. Izra\u0111en od najkvalitetnije modifikacije titan dioksida, rutila. Savr\u0161eno je za postavljanje naglasaka. Rutil je najbjelji i opti\u010dki najneprozirniji pigment te vrste.<\/p>\n<ul>\n<li>Vegansko \/ bez testiranja na \u017eivotinjama<\/li>\n<li>Bez akrilata<\/li>\n<li>Pravna uskla\u0111enost ResAP(2008)1<\/li>\n<li>Proizvedeno u Austriji<\/li>\n<li>S prozorom za pregled sadr\u017eaja<\/li>\n<\/ul>","protected":false},"featured_media":37925,"template":"","meta":{"_seopress_robots_primary_cat":"none","_seopress_titles_title":"I AM INK - 0 BELA - Carantania Tattoo","_seopress_titles_desc":"Narejena iz najkakovostnej\u0161e modifikacije titanovega dioksida, rutila.  Rutil je najbolj bel in opti\u010dno najbolj neprozoren pigment te vrste.","_seopress_robots_index":""},"product_brand":[],"product_cat":[495,493],"product_tag":[],"class_list":{"0":"post-37915","1":"product","2":"type-product","3":"status-publish","4":"has-post-thumbnail","6":"product_cat-i-am-ink-tattoo-barve-eu","7":"product_cat-tattoo-barve-eu","8":"entry","9":"has-media","11":"first","12":"outofstock","13":"taxable","14":"shipping-taxable","15":"product-type-variable"},"_links":{"self":[{"href":"https:\/\/www.carantaniatattoo.com\/hr\/wp-json\/wp\/v2\/product\/37915","targetHints":{"allow":["GET"]}}],"collection":[{"href":"https:\/\/www.carantaniatattoo.com\/hr\/wp-json\/wp\/v2\/product"}],"about":[{"href":"https:\/\/www.carantaniatattoo.com\/hr\/wp-json\/wp\/v2\/types\/product"}],"version-history":[{"count":0,"href":"https:\/\/www.carantaniatattoo.com\/hr\/wp-json\/wp\/v2\/product\/37915\/revisions"}],"wp:featuredmedia":[{"embeddable":true,"href":"https:\/\/www.carantaniatattoo.com\/hr\/wp-json\/wp\/v2\/media\/37925"}],"wp:attachment":[{"href":"https:\/\/www.carantaniatattoo.com\/hr\/wp-json\/wp\/v2\/media?parent=37915"}],"wp:term":[{"taxonomy":"product_brand","embeddable":true,"href":"https:\/\/www.carantaniatattoo.com\/hr\/wp-json\/wp\/v2\/product_brand?post=37915"},{"taxonomy":"product_cat","embeddable":true,"href":"https:\/\/www.carantaniatattoo.com\/hr\/wp-json\/wp\/v2\/product_cat?post=37915"},{"taxonomy":"product_tag","embeddable":true,"href":"https:\/\/www.carantaniatattoo.com\/hr\/wp-json\/wp\/v2\/product_tag?post=37915"}],"curies":[{"name":"wp","href":"https:\/\/api.w.org\/{rel}","templated":true}]}}