{"id":38756,"date":"2022-02-22T11:11:20","date_gmt":"2022-02-22T11:11:20","guid":{"rendered":"https:\/\/www.7shop.si\/tattoo\/trgovina\/nekategorizirano\/carantania-cleaning-fluid-500ml-copy\/"},"modified":"2025-10-01T06:56:58","modified_gmt":"2025-10-01T06:56:58","slug":"carantania-cleaning-fluid-500ml-copy","status":"publish","type":"product","link":"https:\/\/www.carantaniatattoo.com\/hr\/trgovina\/higijena\/mila\/carantania-tekucina-za-ciscenje-500ml-kopija\/","title":{"rendered":"CARANTANIA teku\u0107ina za \u010di\u0161\u0107enje 500ml"},"content":{"rendered":"<p>Teku\u0107ina za \u010di\u0161\u0107enje 500 ml<\/p>\n<p>Cleaning fluid je sapun za \u010di\u0161\u0107enje ko\u017ee prije, tijekom i nakon tetoviranja. Ugodnog je morskog mirisa, sadr\u017ei zob i aloju koji umiruju i umiruju ko\u017eu.<br \/>\nKoli\u010dina: 500 ml<br \/>\nProizvedeno u Italiji.<\/p>","protected":false},"excerpt":{"rendered":"<p>Carantania cleaning fluid<br \/>\nKoli\u010dina: 500 ml<\/p>","protected":false},"featured_media":35434,"template":"","meta":{"_seopress_robots_primary_cat":"none","_seopress_titles_title":"CARANTANIA cleaning fluid 500ml ","_seopress_titles_desc":"Cleaning fluid je milo za \u010di\u0161\u010denje ko\u017ee pred, med in po tetoviranju. Ima prijeten morski vonj,vsebuje oves in alojo,ki bla\u017eita in pomirjata ko\u017eo.\r\nKoli\u010dina:500ml","_seopress_robots_index":""},"product_brand":[],"product_cat":[471,206,239],"product_tag":[],"class_list":{"0":"post-38756","1":"product","2":"type-product","3":"status-publish","4":"has-post-thumbnail","6":"product_cat-carantania-tattoo-izdelki","7":"product_cat-higiena","8":"product_cat-mila","9":"entry","10":"has-media","12":"first","13":"outofstock","14":"sale","15":"taxable","16":"shipping-taxable","17":"purchasable","18":"product-type-simple"},"_links":{"self":[{"href":"https:\/\/www.carantaniatattoo.com\/hr\/wp-json\/wp\/v2\/product\/38756","targetHints":{"allow":["GET"]}}],"collection":[{"href":"https:\/\/www.carantaniatattoo.com\/hr\/wp-json\/wp\/v2\/product"}],"about":[{"href":"https:\/\/www.carantaniatattoo.com\/hr\/wp-json\/wp\/v2\/types\/product"}],"version-history":[{"count":0,"href":"https:\/\/www.carantaniatattoo.com\/hr\/wp-json\/wp\/v2\/product\/38756\/revisions"}],"wp:featuredmedia":[{"embeddable":true,"href":"https:\/\/www.carantaniatattoo.com\/hr\/wp-json\/wp\/v2\/media\/35434"}],"wp:attachment":[{"href":"https:\/\/www.carantaniatattoo.com\/hr\/wp-json\/wp\/v2\/media?parent=38756"}],"wp:term":[{"taxonomy":"product_brand","embeddable":true,"href":"https:\/\/www.carantaniatattoo.com\/hr\/wp-json\/wp\/v2\/product_brand?post=38756"},{"taxonomy":"product_cat","embeddable":true,"href":"https:\/\/www.carantaniatattoo.com\/hr\/wp-json\/wp\/v2\/product_cat?post=38756"},{"taxonomy":"product_tag","embeddable":true,"href":"https:\/\/www.carantaniatattoo.com\/hr\/wp-json\/wp\/v2\/product_tag?post=38756"}],"curies":[{"name":"wp","href":"https:\/\/api.w.org\/{rel}","templated":true}]}}