{"id":44606,"date":"2022-10-10T12:15:02","date_gmt":"2022-10-10T12:15:02","guid":{"rendered":"https:\/\/www.carantaniatattoo.com\/?post_type=product&#038;p=44606"},"modified":"2025-12-29T10:11:48","modified_gmt":"2025-12-29T10:11:48","slug":"dynamic-union-black-tattoo-ink-240ml","status":"publish","type":"product","link":"https:\/\/www.carantaniatattoo.com\/hr\/trgovina\/tattoo-barve-eu\/dynamic-eu\/dynamic-union-crna-tinta-za-tetoviranje-240-ml\/","title":{"rendered":"Dynamic Union crna tinta za tetoviranje \u2013 240 ml"},"content":{"rendered":"<h4>Dynamic Union crna tinta za tetoviranje \u2013 240 ml<\/h4>\n<p>Novi zaokret u starom klasiku. Posebno formulirana za uskla\u0111ivanje s europskim propisima iz 2022., ova tinta uskla\u0111ena s REACH-om ne razo\u010darava. Izuzetno glatka, super bogata s istom konzistencijom kao i druge Dynamic tinte za tetoviranje. Izvrstan za linije i za jednobojne ultratamne crne povr\u0161ine.<\/p>\n<p>Proizvedeno u SAD-u. Dynmic Union Black Tattoo Ink smatra se jednim od najimpresivnijih pigmenata na tr\u017ei\u0161tu. Ova tinta visoke otpornosti lako se bri\u0161e s ko\u017ee, \u0161to omogu\u0107uje maksimalnu brzinu rada i \u010di\u0161\u0107u ko\u017eu. Uz Dynamic UNB u va\u0161oj igli, jedino ograni\u010denje je va\u0161a ma\u0161ta.<\/p>\n<p>Zna\u010dajke:<\/p>\n<p>Prethodno raspr\u0161ene tinte profesionalne kvalitete: Proizvedeno u SAD-u, Dynamic Colour daje tintu za tetoviranje vrhunske kvalitete s najimpresivnijim sadr\u017eajem pigmenta.<\/p>\n<p>Autenti\u010dna i higijenska: sve tinte Dynamic Color sti\u017eu u kristalno \u010distim PET bocama s premazom protiv krivotvorina s logotipom Dynamic. \u010cak i toplinske brtve koje \u0161tite sterilizirani proizvod imaju \u017eig odobrenja Dynamic Color.<\/p>","protected":false},"excerpt":{"rendered":"<h4>Dynamic Union crna tinta za tetoviranje \u2013 240 ml<\/h4>\n<p>Nov pridih stare klasike. To \u010drnilo je skladno z uredbo REACH, ki je posebej oblikovano za skladnost z evropskimi predpisi iz leta 2022, ne razo\u010dara. Izjemno gladko, super bogato z enako konsistenco kot ostala Dynamic tattoo \u010drnila . Odli\u010dna za linije in za enobarvna ultra temna \u010drna obmo\u010dja.<\/p>\n<p>Proizvedeno u SAD-u. Dynmic Union Black Tattoo Ink smatra se jednim od najimpresivnijih pigmenata na tr\u017ei\u0161tu. Ova tinta visoke otpornosti lako se bri\u0161e s ko\u017ee, \u0161to omogu\u0107uje maksimalnu brzinu rada i \u010di\u0161\u0107u ko\u017eu. Uz Dynamic UNB u va\u0161oj igli, jedino ograni\u010denje je va\u0161a ma\u0161ta.<\/p>","protected":false},"featured_media":44608,"template":"","meta":{"_seopress_robots_primary_cat":"none","_seopress_titles_title":"Dynamic Union Black Tattoo Ink - 240ml","_seopress_titles_desc":"Dynamic UNB \u010drnilo je skladno z uredbo REACH. Odli\u010dno za linije in za enobarvna ultra temna \u010drna obmo\u010dja.\u010crnilo z visoko odpornostjo se enostavno obri\u0161e s ko\u017ee.","_seopress_robots_index":""},"product_brand":[],"product_cat":[509,477,493],"product_tag":[],"class_list":{"0":"post-44606","1":"product","2":"type-product","3":"status-publish","4":"has-post-thumbnail","6":"product_cat-dynamic-eu","7":"product_cat-izpostavljeni-izdelki","8":"product_cat-tattoo-barve-eu","9":"entry","10":"has-media","12":"first","13":"outofstock","14":"sale","15":"taxable","16":"shipping-taxable","17":"purchasable","18":"product-type-simple"},"_links":{"self":[{"href":"https:\/\/www.carantaniatattoo.com\/hr\/wp-json\/wp\/v2\/product\/44606","targetHints":{"allow":["GET"]}}],"collection":[{"href":"https:\/\/www.carantaniatattoo.com\/hr\/wp-json\/wp\/v2\/product"}],"about":[{"href":"https:\/\/www.carantaniatattoo.com\/hr\/wp-json\/wp\/v2\/types\/product"}],"version-history":[{"count":0,"href":"https:\/\/www.carantaniatattoo.com\/hr\/wp-json\/wp\/v2\/product\/44606\/revisions"}],"wp:featuredmedia":[{"embeddable":true,"href":"https:\/\/www.carantaniatattoo.com\/hr\/wp-json\/wp\/v2\/media\/44608"}],"wp:attachment":[{"href":"https:\/\/www.carantaniatattoo.com\/hr\/wp-json\/wp\/v2\/media?parent=44606"}],"wp:term":[{"taxonomy":"product_brand","embeddable":true,"href":"https:\/\/www.carantaniatattoo.com\/hr\/wp-json\/wp\/v2\/product_brand?post=44606"},{"taxonomy":"product_cat","embeddable":true,"href":"https:\/\/www.carantaniatattoo.com\/hr\/wp-json\/wp\/v2\/product_cat?post=44606"},{"taxonomy":"product_tag","embeddable":true,"href":"https:\/\/www.carantaniatattoo.com\/hr\/wp-json\/wp\/v2\/product_tag?post=44606"}],"curies":[{"name":"wp","href":"https:\/\/api.w.org\/{rel}","templated":true}]}}