{"id":45530,"date":"2022-12-05T13:20:51","date_gmt":"2022-12-05T13:20:51","guid":{"rendered":"https:\/\/www.carantaniatattoo.com\/?post_type=product&#038;p=45530"},"modified":"2022-12-13T14:44:27","modified_gmt":"2022-12-13T14:44:27","slug":"critical-cxp-brezzicna-stopalka","status":"publish","type":"product","link":"https:\/\/www.carantaniatattoo.com\/hr\/trgovina\/napajalniki-stopalke-in-kabli\/stopalke\/kriticna-cxp-bezicna-pedala\/","title":{"rendered":"Critical CXP be\u017ei\u010dna pedala"},"content":{"rendered":"<h4>Critical CXP be\u017ei\u010dna pedala<\/h4>\n<p>Critical be\u017ei\u010dna pedala daje vam potpunu slobodu kretanja. Ako ste do sada redovito motali sajlu prethodne pedale i zbog toga morali kupovati nekoliko pedala godi\u0161nje, sada imate priliku da jednom zauvijek otjerate ovo zlo iz svog \u017eivota. Critical be\u017ei\u010dnu pedalu lako je upariti s va\u0161im CX-2-G2-R. Ako nemate CX-2-G2-R. Ako radite u kombinaciji s CX-2-G2-R i be\u017ei\u010dnim pedalama, ali planirate raditi s drugim napajanjem, to tako\u0111er nije problem. Univerzalni oda\u0161ilja\u010di - prijamnici tako\u0111er su dostupni zasebno i kompatibilni s bilo kojim uobi\u010dajenim napajanjem s 6,35 mm priklju\u010dkom.<\/p>\n<p>Pedala ima sredi\u0161nji prekida\u010d kojim se mo\u017ee upravljati s vi\u0161estrukom oprugom optere\u0107enom pritisnom plo\u010dom od 360\u00b0. Dvije AAA baterije daju napajanje za prekida\u010d, uklju\u010dene su i zahvaljuju\u0107i automatskom stanju mirovanja mogu raditi do tri godine. Ako se baterije s vremenom isprazne, imate mogu\u0107nost koristiti pedalu s bilo kojim uobi\u010dajenim \u201cClipCordom\u201d i mo\u017eete dogovoriti nove baterije nakon treninga.<\/p>\n<p>Donji dio pedale je opremljen gumenim premazom protiv klizanja.<\/p>\n<p>&nbsp;<\/p>\n<p>Ako vam se svi\u0111a dizajn Critical be\u017ei\u010dne pedale, ali vi\u0161e volite \u017ei\u010danu pedalu, ne brinite. Critical tako\u0111er ponu\u0111en tr\u017ei\u0161tu <a href=\"https:\/\/www.carantaniatattoo.com\/hr\/trgovina\/napajalniki-stopalke-in-kabli\/stopalke\/kriticna-cxpw-pedala\/\">CXPW \u017ei\u010dana pedala<\/a>.<\/p>\n<p>&nbsp;<\/p>\n<p>*Po narud\u017ebi.<\/p>","protected":false},"excerpt":{"rendered":"<p>Critical be\u017ei\u010dna pedala daje vam potpunu slobodu kretanja. Pedala ima sredi\u0161nji prekida\u010d kojim se mo\u017ee upravljati vi\u0161estrukom oprugom optere\u0107enom pritisnom plo\u010dom od 360\u00b0. Dvije AAA baterije daju napajanje za prekida\u010d, uklju\u010dene su i zahvaljuju\u0107i automatskom stanju mirovanja mogu raditi do tri godine.<\/p>","protected":false},"featured_media":45534,"template":"","meta":{"_seopress_robots_primary_cat":"none","_seopress_titles_title":"Critical CXP brez\u017ei\u010dna stopalka | Carantania tattoo","_seopress_titles_desc":"Brez\u017ei\u010dno stopalko Critical CXP je enostavno zdru\u017eiti z va\u0161o opremo. Stopalko lahko uporabite s katerim koli &quot;clipcordom&quot;, \u010de v stopalki zmanjka baterij (AAA). ","_seopress_robots_index":""},"product_brand":[],"product_cat":[208,485,255],"product_tag":[],"class_list":{"0":"post-45530","1":"product","2":"type-product","3":"status-publish","4":"has-post-thumbnail","6":"product_cat-napajalniki-stopalke-in-kabli","7":"product_cat-novosti","8":"product_cat-stopalke","9":"entry","10":"has-media","12":"first","13":"onbackorder","14":"sale","15":"taxable","16":"shipping-taxable","17":"purchasable","18":"product-type-simple"},"_links":{"self":[{"href":"https:\/\/www.carantaniatattoo.com\/hr\/wp-json\/wp\/v2\/product\/45530","targetHints":{"allow":["GET"]}}],"collection":[{"href":"https:\/\/www.carantaniatattoo.com\/hr\/wp-json\/wp\/v2\/product"}],"about":[{"href":"https:\/\/www.carantaniatattoo.com\/hr\/wp-json\/wp\/v2\/types\/product"}],"version-history":[{"count":0,"href":"https:\/\/www.carantaniatattoo.com\/hr\/wp-json\/wp\/v2\/product\/45530\/revisions"}],"wp:featuredmedia":[{"embeddable":true,"href":"https:\/\/www.carantaniatattoo.com\/hr\/wp-json\/wp\/v2\/media\/45534"}],"wp:attachment":[{"href":"https:\/\/www.carantaniatattoo.com\/hr\/wp-json\/wp\/v2\/media?parent=45530"}],"wp:term":[{"taxonomy":"product_brand","embeddable":true,"href":"https:\/\/www.carantaniatattoo.com\/hr\/wp-json\/wp\/v2\/product_brand?post=45530"},{"taxonomy":"product_cat","embeddable":true,"href":"https:\/\/www.carantaniatattoo.com\/hr\/wp-json\/wp\/v2\/product_cat?post=45530"},{"taxonomy":"product_tag","embeddable":true,"href":"https:\/\/www.carantaniatattoo.com\/hr\/wp-json\/wp\/v2\/product_tag?post=45530"}],"curies":[{"name":"wp","href":"https:\/\/api.w.org\/{rel}","templated":true}]}}