{"id":45800,"date":"2022-12-13T11:26:55","date_gmt":"2022-12-13T11:26:55","guid":{"rendered":"https:\/\/www.carantaniatattoo.com\/?post_type=product&#038;p=45800"},"modified":"2025-07-07T09:13:07","modified_gmt":"2025-07-07T09:13:07","slug":"equaliser-enduro-tattoo-strojcek","status":"publish","type":"product","link":"https:\/\/www.carantaniatattoo.com\/hr\/trgovina\/strojcki-za-tetoviranje\/kwadron-equaliser\/equilizer-enduro-stroj-za-tetoviranje\/","title":{"rendered":"EQUALISER\u2122 Enduro stroj za tetoviranje"},"content":{"rendered":"<h4>EQUALIZER\u2122 Enduro<\/h4>\n<p>Revolucionarna ENDURO ma\u0161ina za tetoviranje s aluminijskom ru\u010dkom od 25 mm. Izvrstan i besprijekoran dizajn stroja osigurava besprijekoran rad. Savr\u0161eno rje\u0161enje za sve vrste linija, sjen\u010danja i bojanja.<\/p>\n<p>Specifikacija:<br \/>\n\u2013 motor: 4,5W FAULHABER<br \/>\n\u2013 hod: 3,5 mm (rje\u0161enje s izravnim pogonom)<br \/>\n- ultra tihi rad stroja i gotovo bez vibracija<br \/>\n\u2013 konektor: RCA skriven u ku\u0107i\u0161tu radi bolje za\u0161tite<br \/>\n\u2013 aluminijska ru\u010dka s podesivim hodom<br \/>\n\u2013 te\u017eina: 120g!<br \/>\n\u2013 preporu\u010deni napon: max 12V<\/p>\n<p>Kabel nije uklju\u010den (RCA)!<\/p>\n<p>&nbsp;<\/p>\n<p>Moglo bi i vas zanimati <a href=\"https:\/\/www.carantaniatattoo.com\/hr\/trgovina\/strojcki-za-tetoviranje\/kwadron-equaliser\/equilizer-protonski-stroj-za-tetoviranje\/\">Ekvilajzer Proton<\/a>.<\/p>\n<p>&nbsp;<\/p>","protected":false},"excerpt":{"rendered":"<p>Revolucionarna ENDURO ma\u0161ina za tetoviranje s aluminijskom ru\u010dkom od 25 mm. Izvrstan i besprijekoran dizajn stroja osigurava besprijekorne performanse. Savr\u0161eno rje\u0161enje za sve vrste linija, sjen\u010danja i bojanja.<\/p>","protected":false},"featured_media":45813,"template":"","meta":{"_seopress_robots_primary_cat":"none","_seopress_titles_title":"%%post_title%%","_seopress_titles_desc":"Equaliser Enduro tako za za\u010detnike kot za bolj izku\u0161ene tetoverje. Odli\u010den za linije, sen\u010denje in barvanje. Tiho delovanje, skoraj brez tresljajev.","_seopress_robots_index":""},"product_brand":[],"product_cat":[211,485,202],"product_tag":[],"class_list":{"0":"post-45800","1":"product","2":"type-product","3":"status-publish","4":"has-post-thumbnail","6":"product_cat-kwadron-equaliser","7":"product_cat-novosti","8":"product_cat-strojcki-za-tetoviranje","9":"entry","10":"has-media","12":"first","13":"instock","14":"sale","15":"taxable","16":"shipping-taxable","17":"purchasable","18":"product-type-simple"},"_links":{"self":[{"href":"https:\/\/www.carantaniatattoo.com\/hr\/wp-json\/wp\/v2\/product\/45800","targetHints":{"allow":["GET"]}}],"collection":[{"href":"https:\/\/www.carantaniatattoo.com\/hr\/wp-json\/wp\/v2\/product"}],"about":[{"href":"https:\/\/www.carantaniatattoo.com\/hr\/wp-json\/wp\/v2\/types\/product"}],"version-history":[{"count":0,"href":"https:\/\/www.carantaniatattoo.com\/hr\/wp-json\/wp\/v2\/product\/45800\/revisions"}],"wp:featuredmedia":[{"embeddable":true,"href":"https:\/\/www.carantaniatattoo.com\/hr\/wp-json\/wp\/v2\/media\/45813"}],"wp:attachment":[{"href":"https:\/\/www.carantaniatattoo.com\/hr\/wp-json\/wp\/v2\/media?parent=45800"}],"wp:term":[{"taxonomy":"product_brand","embeddable":true,"href":"https:\/\/www.carantaniatattoo.com\/hr\/wp-json\/wp\/v2\/product_brand?post=45800"},{"taxonomy":"product_cat","embeddable":true,"href":"https:\/\/www.carantaniatattoo.com\/hr\/wp-json\/wp\/v2\/product_cat?post=45800"},{"taxonomy":"product_tag","embeddable":true,"href":"https:\/\/www.carantaniatattoo.com\/hr\/wp-json\/wp\/v2\/product_tag?post=45800"}],"curies":[{"name":"wp","href":"https:\/\/api.w.org\/{rel}","templated":true}]}}