{"id":46581,"date":"2023-01-19T13:39:04","date_gmt":"2023-01-19T13:39:04","guid":{"rendered":"https:\/\/www.carantaniatattoo.com\/?post_type=product&#038;p=46581"},"modified":"2025-08-28T07:54:33","modified_gmt":"2025-08-28T07:54:33","slug":"hornet-protective-film","status":"publish","type":"product","link":"https:\/\/www.carantaniatattoo.com\/hr\/trgovina\/nega-koze-po-tetoviranju\/folije-in-oblizi\/zastitna-folija-od-strsljena\/","title":{"rendered":"Hornet za\u0161titna folija"},"content":{"rendered":"<p>Hornet za\u0161titna folija 15cmx10m<\/p>\n<p>Hornet Film Protection proizvod je visokokvalitetna mikroperforirana folija. Tijekom procesa zacjeljivanja, \u0161titi ranu od bakterija i klica, sprje\u010dava trenje i sprje\u010dava vanjske \u010dimbenike da ometaju proces zacjeljivanja.<\/p>\n<p>Zna\u010dajke:<br \/>\n\u2013 Rola \u0161irine 15 cm i du\u017eine 10 m<br \/>\n\u2013 Dolazi s reza\u010dem za jednostavno rezanje<br \/>\n\u2013 Prozra\u010dno<br \/>\n\u2013 Prilagodljiv<br \/>\n\u2013 Vodootporan<br \/>\n\u2013 Rola je sterilno pakirana<\/p>\n<p>Zahvaljuju\u0107i funkciji easy-cut, mo\u0107i \u0107ete jednostavno i udobno rezati na \u017eeljenu veli\u010dinu, bez potrebe za \u0161karama. Da biste to u\u010dinili, pri\u010dvrstite reza\u010d koji dolazi s kutijom na rub kutije.<\/p>\n<p>Kako koristiti:<br \/>\nPrije nano\u0161enja pri\u010dekajte 10 minuta, o\u010distite i osu\u0161ite mjesto na koje \u0107ete nanositi foliju. Reza\u010dem na kutiji ili \u0161karama izre\u017eite komad odgovaraju\u0107e veli\u010dine od role. Obavezno dodajte nekoliko dodatnih in\u010da folije kako biste bili sigurni da dose\u017ee sve rubove tetova\u017ee. Uklonite bijeli papir i nje\u017eno stavite ljepljivu stranu folije na ko\u017eu. Nakon nano\u0161enja, provjerite jesu li rubovi \u010dvrsto na mjestu kako biste u\u010dvrstili foliju. Uklonite za\u0161titnu plastiku s druge strane folije i aplikacija je gotova. Skinite foliju nakon 24 sata i krenite s klasi\u010dnom njegom tetova\u017ee.<\/p>\n<p>SKIDANJE FOLIJE:<br \/>\nPrilikom skidanja folije pazite da po\u010dnete skidati s jedne na drugu stranu. Foliju skidati polako, ne pregrubo i ne prebrzo.<\/p>","protected":false},"excerpt":{"rendered":"<p>Hornet za\u0161titna folija 15cmx10m<\/p>","protected":false},"featured_media":46588,"template":"","meta":{"_seopress_robots_primary_cat":"none","_seopress_titles_title":"Hornet Protective Film 15cmx10m  - Carantania Tattoo","_seopress_titles_desc":"Izdelek Hornet Film Protection je mikro perforirana folija visoke kakovosti. V procesu celjenja \u0161\u010diti rano pred bakterijami in klicami, prepre\u010duje drgnjenje in prepre\u010duje, da bi zunanji dejavniki ovirali proces celjenja.","_seopress_robots_index":""},"product_brand":[],"product_cat":[244,245,206,233],"product_tag":[],"class_list":{"0":"post-46581","1":"product","2":"type-product","3":"status-publish","4":"has-post-thumbnail","6":"product_cat-folije-in-oblizi","7":"product_cat-folije-za-zascito-tetovirane-koze","8":"product_cat-higiena","9":"product_cat-nega-koze-po-tetoviranju","10":"entry","11":"has-media","13":"first","14":"outofstock","15":"sale","16":"taxable","17":"shipping-taxable","18":"purchasable","19":"product-type-simple"},"_links":{"self":[{"href":"https:\/\/www.carantaniatattoo.com\/hr\/wp-json\/wp\/v2\/product\/46581","targetHints":{"allow":["GET"]}}],"collection":[{"href":"https:\/\/www.carantaniatattoo.com\/hr\/wp-json\/wp\/v2\/product"}],"about":[{"href":"https:\/\/www.carantaniatattoo.com\/hr\/wp-json\/wp\/v2\/types\/product"}],"version-history":[{"count":0,"href":"https:\/\/www.carantaniatattoo.com\/hr\/wp-json\/wp\/v2\/product\/46581\/revisions"}],"wp:featuredmedia":[{"embeddable":true,"href":"https:\/\/www.carantaniatattoo.com\/hr\/wp-json\/wp\/v2\/media\/46588"}],"wp:attachment":[{"href":"https:\/\/www.carantaniatattoo.com\/hr\/wp-json\/wp\/v2\/media?parent=46581"}],"wp:term":[{"taxonomy":"product_brand","embeddable":true,"href":"https:\/\/www.carantaniatattoo.com\/hr\/wp-json\/wp\/v2\/product_brand?post=46581"},{"taxonomy":"product_cat","embeddable":true,"href":"https:\/\/www.carantaniatattoo.com\/hr\/wp-json\/wp\/v2\/product_cat?post=46581"},{"taxonomy":"product_tag","embeddable":true,"href":"https:\/\/www.carantaniatattoo.com\/hr\/wp-json\/wp\/v2\/product_tag?post=46581"}],"curies":[{"name":"wp","href":"https:\/\/api.w.org\/{rel}","templated":true}]}}