{"id":48669,"date":"2023-04-12T12:45:56","date_gmt":"2023-04-12T12:45:56","guid":{"rendered":"https:\/\/www.carantaniatattoo.com\/?post_type=product&#038;p=48669"},"modified":"2025-07-25T09:50:28","modified_gmt":"2025-07-25T09:50:28","slug":"i-am-ink-silver-1-3","status":"publish","type":"product","link":"https:\/\/www.carantaniatattoo.com\/hr\/trgovina\/tattoo-barve-eu\/i-am-ink-tattoo-barve-eu\/ja-sam-tinta-srebrna-1-3\/","title":{"rendered":"JA SAM INK SILVER 1 \u2013 3"},"content":{"rendered":"<div data-elementor-type=\"product-post\" data-elementor-id=\"48669\" class=\"elementor elementor-48669\" data-elementor-post-type=\"product\">\n\t\t\t\t\t\t<section class=\"elementor-section elementor-top-section elementor-element elementor-element-70a583fc elementor-section-boxed elementor-section-height-default elementor-section-height-default\" data-id=\"70a583fc\" data-element_type=\"section\" data-settings=\"{&quot;jet_parallax_layout_list&quot;:[]}\">\n\t\t\t\t\t\t<div class=\"elementor-container elementor-column-gap-default\">\n\t\t\t\t\t<div class=\"elementor-column elementor-col-100 elementor-top-column elementor-element elementor-element-29f4ee38\" data-id=\"29f4ee38\" data-element_type=\"column\">\n\t\t\t<div class=\"elementor-widget-wrap elementor-element-populated\">\n\t\t\t\t\t\t<div class=\"elementor-element elementor-element-704fc2d3 elementor-widget elementor-widget-text-editor\" data-id=\"704fc2d3\" data-element_type=\"widget\" data-widget_type=\"text-editor.default\">\n\t\t\t\t<div class=\"elementor-widget-container\">\n\t\t\t\t\t\t\t\t\t<h4>JA SAM INK<\/h4><p>Classic B&amp;G napravljen je od niza mje\u0161avina vode i tinte na bazi jake crne tinte. Isticanje bijelom, primjerice, ne vrijedi za klasi\u010dnu B&amp;G tehniku.<\/p><p>Modernim tetoviranjem dobili smo novi pogled na mogu\u0107nosti i korisne u\u010dinke u zanatu. S vremenom smo vidjeli realisti\u010dne tetova\u017ee koje su imale sve ve\u0107u dubinu i neprozirnost. Ove efekte mo\u017eete posti\u0107i dodavanjem malih kapljica bijele boje va\u0161oj omiljenoj crnoj tinti.<\/p><p>Problem: U seriji Greywash najsvjetliji ton je onaj koji sadr\u017ei najvi\u0161e vode i ima efekt laka. Najsvjetlija nijansa Silverwash-a je ona koja sadr\u017ei najve\u0107u koli\u010dinu bijele boje. Kada umjetnici pomije\u0161aju vlastite Silverwash tonove na Greywash tonove, postoji velika vjerojatnost da \u0107e zacijeljena tetova\u017ea biti mrlja i rezultat ne\u0107e biti onakav kakav je zami\u0161ljen.<\/p><p>Druga generacija I AM INK - Silverwash - sastoji se od tri prethodno pomije\u0161ana Silverwasha temeljena na prvoj generaciji I AM INK Greywash. Crno-bijeli tonovi mehani\u010dki se stapaju do savr\u0161enstva za optimalne rezultate.<\/p><p>Silverwash je dostupan u tri nijanse:<\/p><p>Srebrna 1: Najsvjetliji ton temeljen na prvoj generaciji &quot;Sumi 1&quot;.<br \/>Silver 2: Srednjotonac temeljen na prvoj generaciji &quot;Sumi 2&quot;.<br \/>Silver 3: Najmra\u010dniji ton serije Silverwash, temeljen na prvoj generaciji &#039;Sumi 3&#039;.<\/p><ul><li>Sadr\u017eaj 50 ml<\/li><li>Veganski i bez akrilata<\/li><li>Proizvedeno u Austriji<\/li><\/ul><p><\/p><\/div><\/div><\/div><\/div><\/div><\/section><\/div> <a href=\"https:\/\/www.carantaniatattoo.com\/hr\/trgovina\/tattoo-barve-eu\/i-am-ink-tattoo-barve-eu\/ja-sam-tinta-srebrna-1-3\/#more-48669\" class=\"more-link elementor-more-link\"><span aria-label=\"Nastavi \u010ditanje I AM INK SILVER 1 &#8211; 3\">(more&hellip;)<\/span><\/a>","protected":false},"excerpt":{"rendered":"<h4>JA SAM INK SILVER 1 \u2013 3<\/h4>\n<p>Druga generacija I AM INK - Silverwash - sastoji se od tri prethodno pomije\u0161ana Silverwasha temeljena na prvoj generaciji I AM INK Greywash. Crno-bijeli tonovi mehani\u010dki se stapaju do savr\u0161enstva za optimalne rezultate.<\/p>\n<p>Silverwash je dostupan u tri nijanse:<\/p>\n<p>Srebrna 1: Najsvjetliji ton temeljen na prvoj generaciji &quot;Sumi 1&quot;.<br \/>\nSilver 2: Srednjotonac temeljen na prvoj generaciji &quot;Sumi 2&quot;.<\/p>\n<p>Silver 3: Najmra\u010dniji ton serije Silverwash, temeljen na prvoj generaciji &#039;Sumi 3&#039;.<\/p>\n<p>&nbsp;<\/p>","protected":false},"featured_media":48770,"template":"","meta":{"_seopress_robots_primary_cat":"none","_seopress_titles_title":"I AM INK SILVER 1 - 3","_seopress_titles_desc":"I AM INK SILVER 1 - 3 | Carantania Tattoo | Vse za tattoo studio na enem mestu. Pri naro\u010dilih nad 100EUR brez stro\u0161kov po\u0161iljanja.","_seopress_robots_index":""},"product_brand":[],"product_cat":[495,493],"product_tag":[],"class_list":{"0":"post-48669","1":"product","2":"type-product","3":"status-publish","4":"has-post-thumbnail","6":"product_cat-i-am-ink-tattoo-barve-eu","7":"product_cat-tattoo-barve-eu","8":"entry","9":"has-media","11":"first","12":"outofstock","13":"taxable","14":"shipping-taxable","15":"product-type-variable"},"_links":{"self":[{"href":"https:\/\/www.carantaniatattoo.com\/hr\/wp-json\/wp\/v2\/product\/48669","targetHints":{"allow":["GET"]}}],"collection":[{"href":"https:\/\/www.carantaniatattoo.com\/hr\/wp-json\/wp\/v2\/product"}],"about":[{"href":"https:\/\/www.carantaniatattoo.com\/hr\/wp-json\/wp\/v2\/types\/product"}],"version-history":[{"count":0,"href":"https:\/\/www.carantaniatattoo.com\/hr\/wp-json\/wp\/v2\/product\/48669\/revisions"}],"wp:featuredmedia":[{"embeddable":true,"href":"https:\/\/www.carantaniatattoo.com\/hr\/wp-json\/wp\/v2\/media\/48770"}],"wp:attachment":[{"href":"https:\/\/www.carantaniatattoo.com\/hr\/wp-json\/wp\/v2\/media?parent=48669"}],"wp:term":[{"taxonomy":"product_brand","embeddable":true,"href":"https:\/\/www.carantaniatattoo.com\/hr\/wp-json\/wp\/v2\/product_brand?post=48669"},{"taxonomy":"product_cat","embeddable":true,"href":"https:\/\/www.carantaniatattoo.com\/hr\/wp-json\/wp\/v2\/product_cat?post=48669"},{"taxonomy":"product_tag","embeddable":true,"href":"https:\/\/www.carantaniatattoo.com\/hr\/wp-json\/wp\/v2\/product_tag?post=48669"}],"curies":[{"name":"wp","href":"https:\/\/api.w.org\/{rel}","templated":true}]}}