{"id":48709,"date":"2023-04-13T12:51:43","date_gmt":"2023-04-13T12:51:43","guid":{"rendered":"https:\/\/www.carantaniatattoo.com\/?post_type=product&#038;p=48709"},"modified":"2025-08-28T07:54:18","modified_gmt":"2025-08-28T07:54:18","slug":"i-am-ink-barvni-pigmenti","status":"publish","type":"product","link":"https:\/\/www.carantaniatattoo.com\/hr\/trgovina\/tattoo-barve-eu\/i-am-ink-tattoo-barve-eu\/ja-sam-pigmenti-u-boji-tinte\/","title":{"rendered":"I AM INK \u2013 pigmenti u boji 30 ml"},"content":{"rendered":"<h4>I AM INK \u2013 pigmenti u boji<\/h4>\n<p>I AM INK pravi pigmenti savr\u0161en su izbor za svakog tattoo umjetnika koji tra\u017ei briljantnu boju. Ovi pigmenti nude visoku gusto\u0107u boje i izvrsnu postojanost.<\/p>\n<p>Kao veganska i sterilna linija proizvoda, I AM INK&#039;s True Pigments nude visoku razinu sigurnosti i povjerenja za umjetnike i kupce. U skladu sa strogim ograni\u010denjima REACH-a, ovi pigmenti nude siguran i zajam\u010den izbor za svakoga tko tra\u017ei visokokvalitetnu tintu za tetoviranje.<\/p>\n<p>Pigmenti Real I AM INK dostupni su u \u0161irokom rasponu boja, od odva\u017enih, \u017eivih boja do suptilnih i prirodnih tonova. Asortiman se stalno \u0161iri. Tattoo umjetnici mogu koristiti ove pigmente kako bi izrazili svoju kreativnost i postigli \u017eeljene rezultate.<\/p>\n<p>Zna\u010dajke:<\/p>\n<p>\u2022 SUKLADNO S REACH<br \/>\n\u2022 sterilan<br \/>\n\u2022 veganski<br \/>\n\u2022 proizvedeno u Austriji<br \/>\n\u2022 Bo\u010dice od 30 ml<\/p>\n<p>&nbsp;<\/p>\n<p>Tonovi boja I am ink pigmenata mogu se savr\u0161eno kombinirati s I am ink pigmentima v <a href=\"https:\/\/www.carantaniatattoo.com\/hr\/trgovina\/tattoo-barve-eu\/i-am-ink-tattoo-barve-eu\/ja-sam-tinta-srebrna-1-3\/\">srebrni tonovi<\/a>.<\/p>\n<p>&nbsp;<\/p>\n<p><strong>Zagla\u0111iva\u010d tinte jednom kapi<\/strong>: obavezno za cijelu liniju pigmenata u boji. Osigurava da tinta ostane glatka tijekom nano\u0161enja.<\/p>\n<p>Upotreba:<br \/>\n\u2022 1 kap po poklopcu napunjenom tintom.<br \/>\n\u2022 30 ml<br \/>\n\u2022 SUKLADNO S REACH<br \/>\n\u2022 sterilna i veganska<br \/>\n\u2022 proizvedeno u Austriji<\/p>","protected":false},"excerpt":{"rendered":"<p>Pigmenti Real I AM INK dostupni su u \u0161irokom rasponu boja, od odva\u017enih, \u017eivih boja do suptilnih i prirodnih tonova. Asortiman se stalno \u0161iri. Tattoo umjetnici mogu koristiti ove pigmente kako bi izrazili svoju kreativnost i postigli \u017eeljene rezultate.<\/p>","protected":false},"featured_media":48767,"template":"","meta":{"_seopress_robots_primary_cat":"none","_seopress_titles_title":"","_seopress_titles_desc":"","_seopress_robots_index":""},"product_brand":[],"product_cat":[495,493],"product_tag":[],"class_list":{"0":"post-48709","1":"product","2":"type-product","3":"status-publish","4":"has-post-thumbnail","6":"product_cat-i-am-ink-tattoo-barve-eu","7":"product_cat-tattoo-barve-eu","8":"entry","9":"has-media","11":"first","12":"instock","13":"sale","14":"taxable","15":"shipping-taxable","16":"purchasable","17":"product-type-variable"},"_links":{"self":[{"href":"https:\/\/www.carantaniatattoo.com\/hr\/wp-json\/wp\/v2\/product\/48709","targetHints":{"allow":["GET"]}}],"collection":[{"href":"https:\/\/www.carantaniatattoo.com\/hr\/wp-json\/wp\/v2\/product"}],"about":[{"href":"https:\/\/www.carantaniatattoo.com\/hr\/wp-json\/wp\/v2\/types\/product"}],"version-history":[{"count":0,"href":"https:\/\/www.carantaniatattoo.com\/hr\/wp-json\/wp\/v2\/product\/48709\/revisions"}],"wp:featuredmedia":[{"embeddable":true,"href":"https:\/\/www.carantaniatattoo.com\/hr\/wp-json\/wp\/v2\/media\/48767"}],"wp:attachment":[{"href":"https:\/\/www.carantaniatattoo.com\/hr\/wp-json\/wp\/v2\/media?parent=48709"}],"wp:term":[{"taxonomy":"product_brand","embeddable":true,"href":"https:\/\/www.carantaniatattoo.com\/hr\/wp-json\/wp\/v2\/product_brand?post=48709"},{"taxonomy":"product_cat","embeddable":true,"href":"https:\/\/www.carantaniatattoo.com\/hr\/wp-json\/wp\/v2\/product_cat?post=48709"},{"taxonomy":"product_tag","embeddable":true,"href":"https:\/\/www.carantaniatattoo.com\/hr\/wp-json\/wp\/v2\/product_tag?post=48709"}],"curies":[{"name":"wp","href":"https:\/\/api.w.org\/{rel}","templated":true}]}}