{"id":49776,"date":"2023-06-06T09:03:11","date_gmt":"2023-06-06T09:03:11","guid":{"rendered":"https:\/\/www.carantaniatattoo.com\/?post_type=product&#038;p=49776"},"modified":"2025-07-02T11:03:38","modified_gmt":"2025-07-02T11:03:38","slug":"intenze-gen-z-dark-green-30ml","status":"publish","type":"product","link":"https:\/\/www.carantaniatattoo.com\/hr\/trgovina\/tattoo-barve-eu\/intenze-gen-z\/intenze-gen-s-tamnozelenom-30ml\/","title":{"rendered":"INTENZE GEN-Z tamno zelena 30 ml"},"content":{"rendered":"<h4>INTENZE GEN-Z tamno zelena 30 ml<\/h4>\n<p>Linija GEN-Z je nova linija Intenze boja, uskla\u0111ena s eu REACH 2023. Proizvedena pod istim strogim kontrolama kvalitete kao i prije, ali sada zadovoljava nove, jo\u0161 stro\u017ee propise.<\/p>\n<p>Jer umjetnici zaslu\u017euju najbolje - ako \u017eelite u\u0107i u ko\u017eu svojih kupaca, prvo u\u0111ite u svoju. Sigurnost, kvaliteta i jednostavnost. Ovako Intenze stvara svoje pigmente i svoju formulaciju za uspjeh.<\/p>\n<p>Proizvedeno u SAD-u. Sve Intenza boje su 100 % veganske i nisu testirane na \u017eivotinjama.<\/p>","protected":false},"excerpt":{"rendered":"<h4>INTENZE GEN-Z tamno zelena 30 ml<\/h4>","protected":false},"featured_media":49799,"template":"","meta":{"_seopress_robots_primary_cat":"none","_seopress_titles_title":"INTENZE GEN-Z Dark Green 30ml","_seopress_titles_desc":"","_seopress_robots_index":""},"product_brand":[],"product_cat":[504,493],"product_tag":[],"class_list":{"0":"post-49776","1":"product","2":"type-product","3":"status-publish","4":"has-post-thumbnail","6":"product_cat-intenze-gen-z","7":"product_cat-tattoo-barve-eu","8":"entry","9":"has-media","11":"first","12":"instock","13":"sale","14":"taxable","15":"shipping-taxable","16":"purchasable","17":"product-type-simple"},"_links":{"self":[{"href":"https:\/\/www.carantaniatattoo.com\/hr\/wp-json\/wp\/v2\/product\/49776","targetHints":{"allow":["GET"]}}],"collection":[{"href":"https:\/\/www.carantaniatattoo.com\/hr\/wp-json\/wp\/v2\/product"}],"about":[{"href":"https:\/\/www.carantaniatattoo.com\/hr\/wp-json\/wp\/v2\/types\/product"}],"version-history":[{"count":0,"href":"https:\/\/www.carantaniatattoo.com\/hr\/wp-json\/wp\/v2\/product\/49776\/revisions"}],"wp:featuredmedia":[{"embeddable":true,"href":"https:\/\/www.carantaniatattoo.com\/hr\/wp-json\/wp\/v2\/media\/49799"}],"wp:attachment":[{"href":"https:\/\/www.carantaniatattoo.com\/hr\/wp-json\/wp\/v2\/media?parent=49776"}],"wp:term":[{"taxonomy":"product_brand","embeddable":true,"href":"https:\/\/www.carantaniatattoo.com\/hr\/wp-json\/wp\/v2\/product_brand?post=49776"},{"taxonomy":"product_cat","embeddable":true,"href":"https:\/\/www.carantaniatattoo.com\/hr\/wp-json\/wp\/v2\/product_cat?post=49776"},{"taxonomy":"product_tag","embeddable":true,"href":"https:\/\/www.carantaniatattoo.com\/hr\/wp-json\/wp\/v2\/product_tag?post=49776"}],"curies":[{"name":"wp","href":"https:\/\/api.w.org\/{rel}","templated":true}]}}