{"id":49788,"date":"2023-06-06T09:18:46","date_gmt":"2023-06-06T09:18:46","guid":{"rendered":"https:\/\/www.carantaniatattoo.com\/?post_type=product&#038;p=49788"},"modified":"2025-07-02T11:03:05","modified_gmt":"2025-07-02T11:03:05","slug":"ez-lola-y-kartusni-rotacijski-strojcek-pen","status":"publish","type":"product","link":"https:\/\/www.carantaniatattoo.com\/hr\/trgovina\/strojcki-za-tetoviranje\/ez-tattoo\/ez-lola-y-patrona-rotacijska-strojna-olovka\/","title":{"rendered":"EZ LOLA Y CARTRIDGE ROTACIJSKI STROJ - Pen"},"content":{"rendered":"<h2>EZ LOLA Y<\/h2>\n<p>Tehni\u010dki podaci<\/p>\n<p>Priklju\u010dak: RCA<br \/>\nMaterijal: zrakoplovni aluminij.<br \/>\nDuljina hoda: 2,5 mm<br \/>\n-Radni napon: 6-8 V DC<br \/>\n- broj okretaja u minuti: 6000-8000 okretaja u minuti<br \/>\n-Izbo\u010denje igle: 0 \u2013 4,5 mm<br \/>\n- Te\u017eina: 2,47 oz (70 g)<br \/>\n-U cijenu je uklju\u010den jedan komad RCA kabela<\/p>","protected":false},"excerpt":{"rendered":"<p>Stroj\u010dek je zasnovan za uporabo za tetoviranje in PMU.<br \/>\nIdealno za mikropigmentacijo in permanentno li\u010denje (obrvi, eyelinver, ustnice, microblading in tetoviranje las &#8211; skalp).<\/p>","protected":false},"featured_media":49811,"template":"","meta":{"_seopress_robots_primary_cat":"none","_seopress_titles_title":"EZ LOLA Y KARTU\u0160NI ROTACIJSKI STROJ\u010cEK - Pen","_seopress_titles_desc":"Idealen tattoo stroj\u010dek za mikropigmentacijo in permanentno li\u010denje (obrvi, eyelinver, ustnice, microblading in tetoviranje las - skalp), v obliki pisala.","_seopress_robots_index":""},"product_brand":[],"product_cat":[194,283,477,485,202],"product_tag":[],"class_list":{"0":"post-49788","1":"product","2":"type-product","3":"status-publish","4":"has-post-thumbnail","6":"product_cat-akcija","7":"product_cat-ez-tattoo","8":"product_cat-izpostavljeni-izdelki","9":"product_cat-novosti","10":"product_cat-strojcki-za-tetoviranje","11":"entry","12":"has-media","14":"first","15":"instock","16":"sale","17":"taxable","18":"shipping-taxable","19":"purchasable","20":"product-type-simple"},"_links":{"self":[{"href":"https:\/\/www.carantaniatattoo.com\/hr\/wp-json\/wp\/v2\/product\/49788","targetHints":{"allow":["GET"]}}],"collection":[{"href":"https:\/\/www.carantaniatattoo.com\/hr\/wp-json\/wp\/v2\/product"}],"about":[{"href":"https:\/\/www.carantaniatattoo.com\/hr\/wp-json\/wp\/v2\/types\/product"}],"version-history":[{"count":0,"href":"https:\/\/www.carantaniatattoo.com\/hr\/wp-json\/wp\/v2\/product\/49788\/revisions"}],"wp:featuredmedia":[{"embeddable":true,"href":"https:\/\/www.carantaniatattoo.com\/hr\/wp-json\/wp\/v2\/media\/49811"}],"wp:attachment":[{"href":"https:\/\/www.carantaniatattoo.com\/hr\/wp-json\/wp\/v2\/media?parent=49788"}],"wp:term":[{"taxonomy":"product_brand","embeddable":true,"href":"https:\/\/www.carantaniatattoo.com\/hr\/wp-json\/wp\/v2\/product_brand?post=49788"},{"taxonomy":"product_cat","embeddable":true,"href":"https:\/\/www.carantaniatattoo.com\/hr\/wp-json\/wp\/v2\/product_cat?post=49788"},{"taxonomy":"product_tag","embeddable":true,"href":"https:\/\/www.carantaniatattoo.com\/hr\/wp-json\/wp\/v2\/product_tag?post=49788"}],"curies":[{"name":"wp","href":"https:\/\/api.w.org\/{rel}","templated":true}]}}