{"id":49926,"date":"2023-06-09T10:22:10","date_gmt":"2023-06-09T10:22:10","guid":{"rendered":"https:\/\/www.carantaniatattoo.com\/?post_type=product&#038;p=49926"},"modified":"2024-04-04T06:46:27","modified_gmt":"2024-04-04T06:46:27","slug":"ez-baterija-p2","status":"publish","type":"product","link":"https:\/\/www.carantaniatattoo.com\/hr\/trgovina\/napajalniki-stopalke-in-kabli\/napajalniki-za-tattoo-strojcke\/ez-baterija-p2-2\/","title":{"rendered":"EZ BATERIJA P2"},"content":{"rendered":"<h2>NAPAJANJE NA BATERIJE<\/h2>\n<p>Kapacitet baterije: 1000 mAh<br \/>\nTe\u017eina: 59,2 g<br \/>\nVeli\u010dina: 68 X 28 mm<br \/>\nRadni napon: 5-12V<br \/>\nMaterijal: zrakoplovni aluminij<br \/>\nRadno vrijeme: oko 2-3 sata<br \/>\nVrijeme punjenja: oko 1 sat<br \/>\nJamstvo: 6 mjeseci<\/p>","protected":false},"excerpt":{"rendered":"<p>Priporo\u010damo, da uporabite prilo\u017eeni polnilni kabel.<br \/>\nTa naprava ne podpira hitrega polnjenja\/superhitrega polnjenja, hitro polnjenje lahko po\u0161koduje baterijo.<br \/>\nLitij-lonski baterijski paketi so dobavljeni delno napolnjeni. Pred uporabo prvi\u010d napolnite baterijski paket.<\/p>","protected":false},"featured_media":49928,"template":"","meta":{"_seopress_robots_primary_cat":"none","_seopress_titles_title":"EZ BATERIJA P2","_seopress_titles_desc":"Lahka in priro\u010dna uporaba, sedaj namesto napajalnika, priklop neposredno na tattoo ma\u0161inico (RCA). Napajalni USB kabel je prilo\u017een.  ","_seopress_robots_index":""},"product_brand":[],"product_cat":[477,217,208,485],"product_tag":[],"class_list":{"0":"post-49926","1":"product","2":"type-product","3":"status-publish","4":"has-post-thumbnail","6":"product_cat-izpostavljeni-izdelki","7":"product_cat-napajalniki-za-tattoo-strojcke","8":"product_cat-napajalniki-stopalke-in-kabli","9":"product_cat-novosti","10":"entry","11":"has-media","13":"first","14":"outofstock","15":"sale","16":"taxable","17":"shipping-taxable","18":"purchasable","19":"product-type-simple"},"_links":{"self":[{"href":"https:\/\/www.carantaniatattoo.com\/hr\/wp-json\/wp\/v2\/product\/49926","targetHints":{"allow":["GET"]}}],"collection":[{"href":"https:\/\/www.carantaniatattoo.com\/hr\/wp-json\/wp\/v2\/product"}],"about":[{"href":"https:\/\/www.carantaniatattoo.com\/hr\/wp-json\/wp\/v2\/types\/product"}],"version-history":[{"count":0,"href":"https:\/\/www.carantaniatattoo.com\/hr\/wp-json\/wp\/v2\/product\/49926\/revisions"}],"wp:featuredmedia":[{"embeddable":true,"href":"https:\/\/www.carantaniatattoo.com\/hr\/wp-json\/wp\/v2\/media\/49928"}],"wp:attachment":[{"href":"https:\/\/www.carantaniatattoo.com\/hr\/wp-json\/wp\/v2\/media?parent=49926"}],"wp:term":[{"taxonomy":"product_brand","embeddable":true,"href":"https:\/\/www.carantaniatattoo.com\/hr\/wp-json\/wp\/v2\/product_brand?post=49926"},{"taxonomy":"product_cat","embeddable":true,"href":"https:\/\/www.carantaniatattoo.com\/hr\/wp-json\/wp\/v2\/product_cat?post=49926"},{"taxonomy":"product_tag","embeddable":true,"href":"https:\/\/www.carantaniatattoo.com\/hr\/wp-json\/wp\/v2\/product_tag?post=49926"}],"curies":[{"name":"wp","href":"https:\/\/api.w.org\/{rel}","templated":true}]}}