{"id":50417,"date":"2023-07-10T12:01:47","date_gmt":"2023-07-10T12:01:47","guid":{"rendered":"https:\/\/www.carantaniatattoo.com\/?post_type=product&#038;p=50417"},"modified":"2025-09-29T08:51:24","modified_gmt":"2025-09-29T08:51:24","slug":"cheyenne-napajalnik-za-tattoo-strojcek-pu2","status":"publish","type":"product","link":"https:\/\/www.carantaniatattoo.com\/hr\/trgovina\/napajalniki-stopalke-in-kabli\/napajalniki-za-tattoo-strojcke\/cheyenne-napajanje-za-stroj-za-tetoviranje-pu2\/","title":{"rendered":"CHEYENNE NAPAJANJE za stroj za tetoviranje PU2"},"content":{"rendered":"<p>Adapter ima sve \u0161to mo\u017eete po\u017eeljeti od adaptera. Kombinira dva stroja za tetoviranje i no\u017eni prekida\u010d kako bi vam pru\u017eio potpunu kontrolu. Novi, inovativni zaslon osjetljiv na dodir omogu\u0107uje vam prebacivanje izme\u0111u ure\u0111aja jednostavnim dvostrukim klikom. Ugra\u0111eni senzor polo\u017eaja i jaki magneti omogu\u0107uju vam da postavite, montirate ili osigurate PU2 - PU2 uvijek zna gdje se nalazi i prilagodit \u0107e zaslon u skladu s tim. To nije samo dobar upravlja\u010d za va\u0161u opremu za tetoviranje - to je samo vrlo dobar i vrlo jednostavan PU2!<br \/>\nPU2 - Sve zna\u010dajke koje volite u jednom vrhunskom napajanju za tetoviranje<\/p>\n<ul>\n<li>Upravljanje dodirom u\u010dinit \u0107e va\u0161 rad lakim i intuitivnim.<\/li>\n<li>Zahvaljuju\u0107i magnetima i senzoru polo\u017eaja, mo\u017ee se postaviti u horizontalni polo\u017eaj ili objesiti.<\/li>\n<li>Spajanje dva stroja za tetoviranje putem 3,5 mm uti\u010dnice.<\/li>\n<li>Spajanje no\u017enog prekida\u010da.<\/li>\n<li>Izlazni napon od 4,7 do 12,5 V, savr\u0161en za sve Cheyenne strojeve.<\/li>\n<li>Jedinica za napajanje s utika\u010dima tipa A, C, G i I<\/li>\n<\/ul>\n<p>&nbsp;<\/p>\n<p>Tako\u0111er mo\u017eete dodati u izbor <a href=\"https:\/\/www.carantaniatattoo.com\/hr\/trgovina\/napajalniki-stopalke-in-kabli\/napajalniki-za-tattoo-strojcke\/cheyenne-napajalnik-za-tattoo-strojcek\/\">PU4<\/a> i razmislite koje vam se napajanje vi\u0161e svi\u0111a ili bolje bi vam slu\u017eio. U svakom slu\u010daju oba su izvrsna.<\/p>\n<p>&nbsp;<\/p>","protected":false},"excerpt":{"rendered":"<p>Zdru\u017euje dve napravi za tetoviranje in no\u017eno stikalo, ki vam omogo\u010da popoln nadzor. Nov, inovativen zaslon na dotik omogo\u010da preklapljanje med napravama s preprostim dvojnim klikom. Vgrajen senzor polo\u017eaja in mo\u010dni magneti vam omogo\u010dajo, da napravo PU2 nastavite, pritrdite ali pritrdite &#8211; naprava PU2 vedno ve, kje je, in bo ustrezno prilagodila zaslon.<\/p>","protected":false},"featured_media":50424,"template":"","meta":{"_seopress_robots_primary_cat":"none","_seopress_titles_title":"CHEYENNE NAPAJALNIK za tattoo stroj\u010dek PU2","_seopress_titles_desc":"Napajalnik PU2 je zelo dober in preprost. Povezana sta lahko dva tattoo stroj\u010dka. Zaslon na dotik. Mo\u017een priklop stopalke. Eleganten in sodoben videz.","_seopress_robots_index":""},"product_brand":[],"product_cat":[477,217,208],"product_tag":[],"class_list":{"0":"post-50417","1":"product","2":"type-product","3":"status-publish","4":"has-post-thumbnail","6":"product_cat-izpostavljeni-izdelki","7":"product_cat-napajalniki-za-tattoo-strojcke","8":"product_cat-napajalniki-stopalke-in-kabli","9":"entry","10":"has-media","12":"first","13":"outofstock","14":"sale","15":"taxable","16":"shipping-taxable","17":"purchasable","18":"product-type-simple"},"_links":{"self":[{"href":"https:\/\/www.carantaniatattoo.com\/hr\/wp-json\/wp\/v2\/product\/50417","targetHints":{"allow":["GET"]}}],"collection":[{"href":"https:\/\/www.carantaniatattoo.com\/hr\/wp-json\/wp\/v2\/product"}],"about":[{"href":"https:\/\/www.carantaniatattoo.com\/hr\/wp-json\/wp\/v2\/types\/product"}],"version-history":[{"count":0,"href":"https:\/\/www.carantaniatattoo.com\/hr\/wp-json\/wp\/v2\/product\/50417\/revisions"}],"wp:featuredmedia":[{"embeddable":true,"href":"https:\/\/www.carantaniatattoo.com\/hr\/wp-json\/wp\/v2\/media\/50424"}],"wp:attachment":[{"href":"https:\/\/www.carantaniatattoo.com\/hr\/wp-json\/wp\/v2\/media?parent=50417"}],"wp:term":[{"taxonomy":"product_brand","embeddable":true,"href":"https:\/\/www.carantaniatattoo.com\/hr\/wp-json\/wp\/v2\/product_brand?post=50417"},{"taxonomy":"product_cat","embeddable":true,"href":"https:\/\/www.carantaniatattoo.com\/hr\/wp-json\/wp\/v2\/product_cat?post=50417"},{"taxonomy":"product_tag","embeddable":true,"href":"https:\/\/www.carantaniatattoo.com\/hr\/wp-json\/wp\/v2\/product_tag?post=50417"}],"curies":[{"name":"wp","href":"https:\/\/api.w.org\/{rel}","templated":true}]}}