{"id":50823,"date":"2023-08-07T12:32:13","date_gmt":"2023-08-07T12:32:13","guid":{"rendered":"https:\/\/www.carantaniatattoo.com\/trgovina\/nekategorizirano\/tattoomed-sun-protection-lsf-25-copy\/"},"modified":"2025-01-30T09:10:37","modified_gmt":"2025-01-30T09:10:37","slug":"tattoomed-sun-protection-lsf-25-copy","status":"publish","type":"product","link":"https:\/\/www.carantaniatattoo.com\/hr\/trgovina\/nega-koze-po-tetoviranju\/mazila\/tetovirana-zastita-od-sunca-lsf-25-kopija-2\/","title":{"rendered":"TETOVIRANA ZA\u0160TITA OD SUNCA SPF 30"},"content":{"rendered":"<h4>TattooMed za\u0161tita od sunca SPF 30<\/h4>\n<p>Krema s u\u010dinkovitom UVA\/UVB za\u0161titom za tetoviranu ko\u017eu.<b>\u00a0<\/b>TattooMed Sun Protection krema za za\u0161titu od sunca LSF30 je posebno razvijena za\u0161tita od sunca za tetoviranu ko\u017eu tijekom jakog sun\u010danja. Visokokvalitetni sastojci, kao i vrlo u\u010dinkovit \u0161irokopojasni sustav UVA \/ UVB filtera, nude optimalnu trenutnu za\u0161titu tetova\u017ee. \u0160titi od nepovratnih o\u0161te\u0107enja poput blije\u0111enja i preranog starenja ko\u017ee.<br \/>\nTattooMed Sun Protection SPF 30 treba nanijeti na ko\u017eu prije svakog izlaganja suncu i ponoviti tijekom duljeg izlaganja suncu. Osim tehnologije za\u0161tite boje, proizvod ima i za\u0161titni faktor 30 koji \u0161titi ko\u017eu od \u0161tetnog sun\u010devog zra\u010denja. Krema sadr\u017ei provitamin B5, hidratizira ko\u017eu, dermatolo\u0161ki je testirana i 100% veganska.<\/p>\n<p>Sastojci: Aqua, Octocrylene, AlcoholDenat, Glycerin, C12-15AlkyBenzoate, ButylMetoxidibenzoylmethane, EthylhexySalicylate, TitaniumDioxide (nano), DicaprylyEther, TocopherylAcetate, VP\/HexadeceneCopolymer, Silica, Panthenol, TriacontanyIPVP, Bis-Ethy lheksiloksifenol metoksifeniltriazin, parfem, akrilati\/C10-30 alkilarcilat ukr\u0161teni polimer rililglikol, Etilheksiglicerin, dimetikon, ksantanska guma, karbomer, dinatrijev EDTA, natrijev hidroksid, citral, limunska kiselina, benzilni alkohol, linalol, citronelol, tokoferol.<\/p>\n<p>Proizvedeno u Njema\u010dkoj.<\/p>\n<p>&nbsp;<\/p>","protected":false},"excerpt":{"rendered":"<p>TattooMed za\u0161tita od sunca SPF 30<\/p>\n<p>Za\u0161\u010ditna krema pred soncem LSF30 je posebej razvita za\u0161\u010dita pred soncem za tetovirano ko\u017eo med zelo mo\u010dnim son\u010denjem. Kakovostne sestavine, pa tudi zelo u\u010dinkovit \u0161irokopasovni filtrirni sistem UVA \/ UVB nudijo optimalno takoj\u0161njo za\u0161\u010dito tetova\u017ee. \u0160\u010diti pred nepopravljivo \u0161kodo, kot sta zbledelost in prezgodnje staranje ko\u017ee.<\/p>\n<p>Posjetite na\u0161u FB stranicu <a href=\"https:\/\/www.facebook.com\/CarantaniaSlovenia\/\">Karantanija Slovenija<\/a><\/p>","protected":false},"featured_media":50827,"template":"","meta":{"_seopress_robots_primary_cat":"none","_seopress_titles_title":"TattooMed Sun Protection LSF 30 - Carantania Tatoo","_seopress_titles_desc":"Za\u0161\u010ditna krema pred soncem LSF30 je posebej razvita za\u0161\u010dita pred soncem za tetovirano ko\u017eo med zelo mo\u010dnim son\u010denjem. Kakovostne sestavine. 100% veganska krema.","_seopress_robots_index":""},"product_brand":[],"product_cat":[206,477,234,233,235],"product_tag":[478],"class_list":{"0":"post-50823","1":"product","2":"type-product","3":"status-publish","4":"has-post-thumbnail","6":"product_cat-higiena","7":"product_cat-izpostavljeni-izdelki","8":"product_cat-mazila","9":"product_cat-nega-koze-po-tetoviranju","10":"product_cat-za-nego-tattooja","11":"product_tag-izpostavljeni-izdelki","12":"entry","13":"has-media","15":"first","16":"outofstock","17":"sale","18":"taxable","19":"shipping-taxable","20":"purchasable","21":"product-type-simple"},"_links":{"self":[{"href":"https:\/\/www.carantaniatattoo.com\/hr\/wp-json\/wp\/v2\/product\/50823","targetHints":{"allow":["GET"]}}],"collection":[{"href":"https:\/\/www.carantaniatattoo.com\/hr\/wp-json\/wp\/v2\/product"}],"about":[{"href":"https:\/\/www.carantaniatattoo.com\/hr\/wp-json\/wp\/v2\/types\/product"}],"version-history":[{"count":0,"href":"https:\/\/www.carantaniatattoo.com\/hr\/wp-json\/wp\/v2\/product\/50823\/revisions"}],"wp:featuredmedia":[{"embeddable":true,"href":"https:\/\/www.carantaniatattoo.com\/hr\/wp-json\/wp\/v2\/media\/50827"}],"wp:attachment":[{"href":"https:\/\/www.carantaniatattoo.com\/hr\/wp-json\/wp\/v2\/media?parent=50823"}],"wp:term":[{"taxonomy":"product_brand","embeddable":true,"href":"https:\/\/www.carantaniatattoo.com\/hr\/wp-json\/wp\/v2\/product_brand?post=50823"},{"taxonomy":"product_cat","embeddable":true,"href":"https:\/\/www.carantaniatattoo.com\/hr\/wp-json\/wp\/v2\/product_cat?post=50823"},{"taxonomy":"product_tag","embeddable":true,"href":"https:\/\/www.carantaniatattoo.com\/hr\/wp-json\/wp\/v2\/product_tag?post=50823"}],"curies":[{"name":"wp","href":"https:\/\/api.w.org\/{rel}","templated":true}]}}