{"id":50830,"date":"2023-08-07T13:18:06","date_gmt":"2023-08-07T13:18:06","guid":{"rendered":"https:\/\/www.carantaniatattoo.com\/trgovina\/nekategorizirano\/tattoo-armour-podloga-copy\/"},"modified":"2025-08-05T09:21:47","modified_gmt":"2025-08-05T09:21:47","slug":"tattoomed-vpojna-blazinica","status":"publish","type":"product","link":"https:\/\/www.carantaniatattoo.com\/hr\/trgovina\/nega-koze-po-tetoviranju\/folije-in-oblizi\/tetovirani-upijajuci-jastucic\/","title":{"rendered":"TattooMed\u00ae upijaju\u0107i jastu\u010di\u0107"},"content":{"rendered":"<h4>TattooMed\u00ae upijaju\u0107i jastu\u010di\u0107<\/h4>\n<ul>\n<li>\u0161titi tetova\u017eu od bakterija, klica, UV zra\u010denja i prljav\u0161tine<\/li>\n<li>prekriva svje\u017eu tetova\u017eu kako bi je za\u0161titio od mehani\u010dkog optere\u0107enja<\/li>\n<li>vrlo upijaju\u0107e<\/li>\n<li>ne lijepi se za tetova\u017eu<\/li>\n<li>u dimenziji 10\u00d715 cm ili 15\u00d720 cm<\/li>\n<li>singl<\/li>\n<\/ul>\n<p>Jastu\u010di\u0107i su pojedina\u010dno, sterilno pakirani.<\/p>\n<p><strong>\u00a0<\/strong><\/p>\n<p><strong>Tattoo Med\u00ae upijaju\u0107i jastu\u010di\u0107i<\/strong><\/p>\n<p>Tattoo Med\u00ae upijaju\u0107i jastu\u010di\u0107i daljnji su razvoj Dri Lock jastu\u010di\u0107a koje koriste mnogi umjetnici tetova\u017ea. Tattoo Med Med Med Med upijaju\u0107i jastu\u010di\u0107i \u0161tite svje\u017ee napravljenu tetova\u017eu od bakterija, mikroba, UV zra\u010denja i prljav\u0161tine od prvog dana. Prvi dani zacjeljivanja su najva\u017eniji, pravilna njega i odgovaraju\u0107i zavoj podupiru tetova\u017eu da se u kriti\u010dnom razdoblju oporavi i zacijeli bez vanjskih utjecaja. Jastu\u010di\u0107 koji stvara upijaju\u0107i jastu\u010di\u0107 \u0161titi tetova\u017eu od udaraca i drugih mehani\u010dkih utjecaja. Prvih dana jastu\u010di\u0107 upija vlagu koja se pojavljuje na povr\u0161ini, poput krvi i limfe, i pohranjuje je u jezgru.<\/p>\n<p>Jastu\u010di\u0107i su dostupni u dvije razli\u010dite veli\u010dine, 10x15 cm i 15x20 cm, a zahvaljuju\u0107i fleksibilnoj strukturi lako se prilago\u0111avaju svje\u017ee tetoviranom dijelu tijela.<\/p>","protected":false},"excerpt":{"rendered":"<p><strong>Napomena o kori\u0161tenju:<\/strong><\/p>\n<p>Uklonite prvi jastu\u010di\u0107 kod ku\u0107e, o\u010distite tetova\u017eu sapunom i vodom, osu\u0161ite, nanesite losion za naknadnu njegu svakih 4-6 sati. Nakon kori\u0161tenja jastu\u010di\u0107a, nanesite Tattoo After Care 2-3 puta dnevno kao i obi\u010dno oko 10 dana kako se tetova\u017ea ne bi osu\u0161ila.<\/p>\n<p><strong>detalji: <\/strong><\/p>\n<ul>\n<li>\u0160titi tetova\u017eu od bakterija, klica, UV zra\u010denja i prljav\u0161tine.<\/li>\n<li>Jastu\u010di\u0107 za za\u0161titu svje\u017ee tetova\u017ee od mehani\u010dkog optere\u0107enja.<\/li>\n<li>Vrlo upijaju\u0107e.<\/li>\n<li>Ne lijepi se za tetova\u017eu.<\/li>\n<li>V velikosti 10&#215;15 cm ali 15&#215;20 cm.<\/li>\n<li>Singl.<\/li>\n<\/ul>\n<p>Jastu\u010di\u0107i su pojedina\u010dno i sterilno pakirani.<\/p>","protected":false},"featured_media":50837,"template":"","meta":{"_seopress_robots_primary_cat":"none","_seopress_titles_title":"Vpojna blazinica Tattoo Med - za\u0161\u010dita sve\u017ee tetova\u017ee","_seopress_titles_desc":"Absorpcijske blazinice Tattoo Med Med Med Med Absorbent Pads \u0161\u010ditijo sve\u017ee vtisnjeno tetova\u017eo pred bakterijami, mikrobi, UV-sevanjem in umazanijo od prvega dne.","_seopress_robots_index":""},"product_brand":[],"product_cat":[244,245,206,233],"product_tag":[],"class_list":{"0":"post-50830","1":"product","2":"type-product","3":"status-publish","4":"has-post-thumbnail","6":"product_cat-folije-in-oblizi","7":"product_cat-folije-za-zascito-tetovirane-koze","8":"product_cat-higiena","9":"product_cat-nega-koze-po-tetoviranju","10":"entry","11":"has-media","13":"first","14":"instock","15":"sale","16":"taxable","17":"shipping-taxable","18":"purchasable","19":"product-type-variable"},"_links":{"self":[{"href":"https:\/\/www.carantaniatattoo.com\/hr\/wp-json\/wp\/v2\/product\/50830","targetHints":{"allow":["GET"]}}],"collection":[{"href":"https:\/\/www.carantaniatattoo.com\/hr\/wp-json\/wp\/v2\/product"}],"about":[{"href":"https:\/\/www.carantaniatattoo.com\/hr\/wp-json\/wp\/v2\/types\/product"}],"version-history":[{"count":0,"href":"https:\/\/www.carantaniatattoo.com\/hr\/wp-json\/wp\/v2\/product\/50830\/revisions"}],"wp:featuredmedia":[{"embeddable":true,"href":"https:\/\/www.carantaniatattoo.com\/hr\/wp-json\/wp\/v2\/media\/50837"}],"wp:attachment":[{"href":"https:\/\/www.carantaniatattoo.com\/hr\/wp-json\/wp\/v2\/media?parent=50830"}],"wp:term":[{"taxonomy":"product_brand","embeddable":true,"href":"https:\/\/www.carantaniatattoo.com\/hr\/wp-json\/wp\/v2\/product_brand?post=50830"},{"taxonomy":"product_cat","embeddable":true,"href":"https:\/\/www.carantaniatattoo.com\/hr\/wp-json\/wp\/v2\/product_cat?post=50830"},{"taxonomy":"product_tag","embeddable":true,"href":"https:\/\/www.carantaniatattoo.com\/hr\/wp-json\/wp\/v2\/product_tag?post=50830"}],"curies":[{"name":"wp","href":"https:\/\/api.w.org\/{rel}","templated":true}]}}