{"id":52552,"date":"2023-11-09T09:19:08","date_gmt":"2023-11-09T09:19:08","guid":{"rendered":"https:\/\/www.carantaniatattoo.com\/trgovina\/nekategorizirano\/toec-mini-1-termalni-printer-copy\/"},"modified":"2025-07-15T10:51:42","modified_gmt":"2025-07-15T10:51:42","slug":"ats886-bluetooth-termalni-printer","status":"publish","type":"product","link":"https:\/\/www.carantaniatattoo.com\/hr\/trgovina\/pripomocki-za-delo\/papir-za-preslikavo\/ats886-bluetooth-termalni-pisac\/","title":{"rendered":"ATS886 Bluetooth termalni pisa\u010d"},"content":{"rendered":"<p>ATS886 Bluetooth be\u017ei\u010dni pisa\u010d \u0161ablona za tetoviranje<\/p>\n<p>Printer radi preko USB kabela ili bluetootha. Kompatibilan je s Android i IOS sustavom. Mo\u017eete ga koristiti putem mobitela, tableta ili ra\u010dunala.<\/p>\n<p>Specifikacija:<br \/>\nIOS &amp; Android &amp; Google Play &amp; Bluetooth veza Upotreba APP-a, upotreba PC veze.<br \/>\nDimenzije: 262 (D) \u00d7 57 (\u0160) \u00d7 29 (V) mm<br \/>\nTe\u017eina: 498 g<br \/>\nRazlu\u010divost ispisa: 8 to\u010daka\/mm (203 dpi), 1728 to\u010daka\/liniji<br \/>\nBrzina ispisa: do 15mm\/s<br \/>\n\u0160irina ispisa: 216 mm<br \/>\nVrsta medija: 210 mm * 297 mm A4 termalni papir ili 216 mm termalni papir u roli<br \/>\nBaterija: 11,1 V Li-ion, 1200 mAh (ugra\u0111ena) Trajanje baterije je oko 200 dokumenata s 12,5 % uzorkom, oko 80 normalnih slika (srednje gusto\u0107e)<br \/>\nUlazni napon: Type-C, 5.0V-2.0A<br \/>\n\u017divotni vijek TPH: 50 km<br \/>\nSu\u010delje: podatkovna komunikacija tip-c-usb, Bluetooth 5.0<br \/>\nPreuzimanje aplikacije ATS886: <a href=\"https:\/\/cntattooprinter.com\/en\/main.html\">https:\/\/cntattooprinter.com\/en\/main.html<\/a><\/p>\n<p>Proizvo\u0111a\u010d: PRC<\/p>\n<p>&nbsp;<\/p>","protected":false},"excerpt":{"rendered":"<p>ATS886 Bluetooth be\u017ei\u010dni pisa\u010d \u0161ablona za tetoviranje<\/p>\n<p>Printer radi preko USB kabela ili bluetootha. Kompatibilan je s Android i IOS sustavom. Mo\u017eete ga koristiti putem mobitela, tableta ili ra\u010dunala.<\/p>","protected":false},"featured_media":52555,"template":"","meta":{"_seopress_robots_primary_cat":"none","_seopress_titles_title":"ATS886 Bluetooth termalni printer - Carantania tattoo","_seopress_titles_desc":"ATS886 Bluetooth brez\u017ei\u010dni tiskalnik za tattoo \u0161ablone deluje preko USB kabla ali bluetooth. Kompatibilen je z Android in IOS sistemom. Uporabljate ga lahko preko mobilnega telefona, tablice ali ra\u010dunalnika.\u00a0","_seopress_robots_index":""},"product_brand":[],"product_cat":[246,209],"product_tag":[],"class_list":{"0":"post-52552","1":"product","2":"type-product","3":"status-publish","4":"has-post-thumbnail","6":"product_cat-papir-za-preslikavo","7":"product_cat-pripomocki-za-delo","8":"entry","9":"has-media","11":"first","12":"instock","13":"sale","14":"taxable","15":"shipping-taxable","16":"purchasable","17":"product-type-simple"},"_links":{"self":[{"href":"https:\/\/www.carantaniatattoo.com\/hr\/wp-json\/wp\/v2\/product\/52552","targetHints":{"allow":["GET"]}}],"collection":[{"href":"https:\/\/www.carantaniatattoo.com\/hr\/wp-json\/wp\/v2\/product"}],"about":[{"href":"https:\/\/www.carantaniatattoo.com\/hr\/wp-json\/wp\/v2\/types\/product"}],"version-history":[{"count":0,"href":"https:\/\/www.carantaniatattoo.com\/hr\/wp-json\/wp\/v2\/product\/52552\/revisions"}],"wp:featuredmedia":[{"embeddable":true,"href":"https:\/\/www.carantaniatattoo.com\/hr\/wp-json\/wp\/v2\/media\/52555"}],"wp:attachment":[{"href":"https:\/\/www.carantaniatattoo.com\/hr\/wp-json\/wp\/v2\/media?parent=52552"}],"wp:term":[{"taxonomy":"product_brand","embeddable":true,"href":"https:\/\/www.carantaniatattoo.com\/hr\/wp-json\/wp\/v2\/product_brand?post=52552"},{"taxonomy":"product_cat","embeddable":true,"href":"https:\/\/www.carantaniatattoo.com\/hr\/wp-json\/wp\/v2\/product_cat?post=52552"},{"taxonomy":"product_tag","embeddable":true,"href":"https:\/\/www.carantaniatattoo.com\/hr\/wp-json\/wp\/v2\/product_tag?post=52552"}],"curies":[{"name":"wp","href":"https:\/\/api.w.org\/{rel}","templated":true}]}}