{"id":55197,"date":"2024-04-24T09:12:42","date_gmt":"2024-04-24T09:12:42","guid":{"rendered":"https:\/\/www.carantaniatattoo.com\/trgovina\/nekategorizirano\/world-famous-hot-chocolate-30-ml-copy\/"},"modified":"2025-07-02T10:19:36","modified_gmt":"2025-07-02T10:19:36","slug":"world-famous-peanut-skintone-30-ml","status":"publish","type":"product","link":"https:\/\/www.carantaniatattoo.com\/hr\/trgovina\/tattoo-barve-eu\/world-famous-limitless\/svjetski-poznati-kikiriki-ton-koze-30-ml\/","title":{"rendered":"SVJETSKI POZNATI LIMITLESS \u2013 KIKIRIKI TON KO\u017dE \u2013 30 ml"},"content":{"rendered":"<h4>SVJETSKI POZNATI LIMITLESS \u2013 KIKIRIKI TON KO\u017dE \u2013 30 ml<\/h4>\n<p>Nova linija Limitless tinti razvijena je u skladu s najnovijim REACH propisima Europske unije koji vrijede od 4. sije\u010dnja 2022.<\/p>\n<p>Svjetski poznata tinta za tetoviranje donosi vrhunsku tintu za tetoviranje s iznimno visokim sadr\u017eajem pigmenta i nevjerojatnom brzinom protoka. Sa \u0161irokim rasponom boja za sva va\u0161a sjajna umjetni\u010dka djela, ova \u0107e tinta olak\u0161ati va\u0161 rad kao umjetnika i u\u010diniti va\u0161u umjetnost doista luksuznom!<\/p>\n<p>Koli\u010dina: 30 ml<br \/>\nRok valjanosti otisnut je na bo\u010dici<\/p>\n<p>Vi\u0161e informacija na <a href=\"https:\/\/www.worldfamoustattooink.com\/pages\/limitless\">www.worldfamoustattooink.com\/pages\/limitless<\/a><\/p>\n<p>Posjetite nas i na FB stranici <a href=\"https:\/\/www.facebook.com\/CarantaniaSlovenia\/\">Karantanija Slovenija<\/a><\/p>","protected":false},"excerpt":{"rendered":"<p>SVJETSKI POZNATI LIMITLESS \u2013 KIKIRIKI TON KO\u017dE \u2013 30 ml<\/p>","protected":false},"featured_media":55198,"template":"","meta":{"_seopress_robots_primary_cat":"none","_seopress_titles_title":"WORLD FAMOUS LIMITLESS - PEANUT SKINTONE - 30 ml ","_seopress_titles_desc":"World Famous Tattoo Ink vam prina\u0161a vrhunsko \u010drnilo za tetoviranje z izjemno visoko vsebnostjo pigmenta in neverjetno hitrostjo pretoka.\u00a0 ","_seopress_robots_index":""},"product_brand":[],"product_cat":[485,493,474],"product_tag":[],"class_list":{"0":"post-55197","1":"product","2":"type-product","3":"status-publish","4":"has-post-thumbnail","6":"product_cat-novosti","7":"product_cat-tattoo-barve-eu","8":"product_cat-world-famous-limitless","9":"entry","10":"has-media","12":"first","13":"instock","14":"sale","15":"taxable","16":"shipping-taxable","17":"purchasable","18":"product-type-simple"},"_links":{"self":[{"href":"https:\/\/www.carantaniatattoo.com\/hr\/wp-json\/wp\/v2\/product\/55197","targetHints":{"allow":["GET"]}}],"collection":[{"href":"https:\/\/www.carantaniatattoo.com\/hr\/wp-json\/wp\/v2\/product"}],"about":[{"href":"https:\/\/www.carantaniatattoo.com\/hr\/wp-json\/wp\/v2\/types\/product"}],"version-history":[{"count":0,"href":"https:\/\/www.carantaniatattoo.com\/hr\/wp-json\/wp\/v2\/product\/55197\/revisions"}],"wp:featuredmedia":[{"embeddable":true,"href":"https:\/\/www.carantaniatattoo.com\/hr\/wp-json\/wp\/v2\/media\/55198"}],"wp:attachment":[{"href":"https:\/\/www.carantaniatattoo.com\/hr\/wp-json\/wp\/v2\/media?parent=55197"}],"wp:term":[{"taxonomy":"product_brand","embeddable":true,"href":"https:\/\/www.carantaniatattoo.com\/hr\/wp-json\/wp\/v2\/product_brand?post=55197"},{"taxonomy":"product_cat","embeddable":true,"href":"https:\/\/www.carantaniatattoo.com\/hr\/wp-json\/wp\/v2\/product_cat?post=55197"},{"taxonomy":"product_tag","embeddable":true,"href":"https:\/\/www.carantaniatattoo.com\/hr\/wp-json\/wp\/v2\/product_tag?post=55197"}],"curies":[{"name":"wp","href":"https:\/\/api.w.org\/{rel}","templated":true}]}}