{"id":55234,"date":"2024-04-25T12:48:07","date_gmt":"2024-04-25T12:48:07","guid":{"rendered":"https:\/\/www.carantaniatattoo.com\/trgovina\/nekategorizirano\/zascitna-podloga-za-mizo-kopija-2-copy\/"},"modified":"2025-07-02T10:14:43","modified_gmt":"2025-07-02T10:14:43","slug":"zascitna-podloga-v-roli","status":"publish","type":"product","link":"https:\/\/www.carantaniatattoo.com\/hr\/trgovina\/pripomocki-za-delo\/zascitne-vrecke-in-gripi\/zastitna-prostirka-u-roli\/","title":{"rendered":"HORNET ZA\u0160TITNA PODLOGA u roli"},"content":{"rendered":"<h4>Hornet za\u0161titna prostirka u roli 40m<\/h4>\n<p>Black Cover Roll (duljina 40 m x \u0161irina 32 cm) u kartonskoj kutiji s vlastitom o\u0161tricom za rezanje na idealnu veli\u010dinu. Rola je izra\u0111ena od celuloze i polietilena, vodootporna je i izuzetno otporna.<\/p>\n<p>Jednostavan za no\u0161enje i spremanje, idealan za kongrese, rad na terenu i studije za tetoviranje.<\/p>","protected":false},"excerpt":{"rendered":"<h4>Hornet za\u0161titna prostirka u roli 40m x 32cm<\/h4>","protected":false},"featured_media":55237,"template":"","meta":{"_seopress_robots_primary_cat":"none","_seopress_titles_title":"Hornet za\u0161\u010ditna podloga v roli 40m","_seopress_titles_desc":"Carantania tattoo\r\nSpletna prodaja tattoo opreme. Nad 100\u20ac brezpla\u010dna po\u0161tnina. Pripomo\u010dki za tetoviranje. Profesionalna tattoo oprema. Vse za za\u010detnike in profesionalce. ","_seopress_robots_index":""},"product_brand":[],"product_cat":[222,485,209,221],"product_tag":[],"class_list":{"0":"post-55234","1":"product","2":"type-product","3":"status-publish","4":"has-post-thumbnail","6":"product_cat-britvice-maske-palcke-predpasniki","7":"product_cat-novosti","8":"product_cat-pripomocki-za-delo","9":"product_cat-zascitne-vrecke-in-gripi","10":"entry","11":"has-media","13":"first","14":"instock","15":"sale","16":"taxable","17":"shipping-taxable","18":"purchasable","19":"product-type-simple"},"_links":{"self":[{"href":"https:\/\/www.carantaniatattoo.com\/hr\/wp-json\/wp\/v2\/product\/55234","targetHints":{"allow":["GET"]}}],"collection":[{"href":"https:\/\/www.carantaniatattoo.com\/hr\/wp-json\/wp\/v2\/product"}],"about":[{"href":"https:\/\/www.carantaniatattoo.com\/hr\/wp-json\/wp\/v2\/types\/product"}],"version-history":[{"count":0,"href":"https:\/\/www.carantaniatattoo.com\/hr\/wp-json\/wp\/v2\/product\/55234\/revisions"}],"wp:featuredmedia":[{"embeddable":true,"href":"https:\/\/www.carantaniatattoo.com\/hr\/wp-json\/wp\/v2\/media\/55237"}],"wp:attachment":[{"href":"https:\/\/www.carantaniatattoo.com\/hr\/wp-json\/wp\/v2\/media?parent=55234"}],"wp:term":[{"taxonomy":"product_brand","embeddable":true,"href":"https:\/\/www.carantaniatattoo.com\/hr\/wp-json\/wp\/v2\/product_brand?post=55234"},{"taxonomy":"product_cat","embeddable":true,"href":"https:\/\/www.carantaniatattoo.com\/hr\/wp-json\/wp\/v2\/product_cat?post=55234"},{"taxonomy":"product_tag","embeddable":true,"href":"https:\/\/www.carantaniatattoo.com\/hr\/wp-json\/wp\/v2\/product_tag?post=55234"}],"curies":[{"name":"wp","href":"https:\/\/api.w.org\/{rel}","templated":true}]}}