{"id":56567,"date":"2024-08-02T10:59:46","date_gmt":"2024-08-02T10:59:46","guid":{"rendered":"https:\/\/www.carantaniatattoo.com\/trgovina\/nekategorizirano\/dynamic-ganga-black-240ml-copy\/"},"modified":"2025-09-25T10:18:03","modified_gmt":"2025-09-25T10:18:03","slug":"dynamic-blkout-tattoo-ink-240-ml","status":"publish","type":"product","link":"https:\/\/www.carantaniatattoo.com\/hr\/trgovina\/tattoo-barve-eu\/dynamic-eu\/dynamic-blkout-tinta-za-tetoviranje-240-ml\/","title":{"rendered":"Dynamic BLKout tinta za tetoviranje - 240 ml"},"content":{"rendered":"<h3>Dynamic BLKout tinta za tetoviranje - 240 ml<\/h3>\n<p>Sukladno REACH-u.<\/p>\n<p>Predstavljamo &quot;Dynamic BLKout&quot; - jedinu crnu tintu za tetova\u017ee dizajniranu posebno za tetova\u017ee koje su tamne i za te\u0161ke crne radove. Ova je tinta pomno dizajnirana i mo\u017ee se pohvaliti neusporedivom dubinom i intenzitetom, osiguravaju\u0107i da svaki potez daje odva\u017ene i dugotrajne rezultate. Recite zbogom neravnomjernoj pokrivenosti i pozdravite besprijekorna crna remek-djela. Uz Dynamic BLKout, umjetnici mogu s pouzdanjem osloboditi svoju kreativnost i posti\u0107i najmra\u010dnije i najupe\u010datljivije uzorke koje mo\u017eete zamisliti. Pobolj\u0161ajte svoj rad s Dynamic BLKout tintom, koja postavlja nove standarde za crne tetova\u017ee i ostavlja trajan dojam.<\/p>\n<p>&nbsp;<\/p>","protected":false},"excerpt":{"rendered":"<h5>Dynamic BLKout tinta za tetoviranje - 240 ml<\/h5>\n<p>Sukladno REACH-u. Omogu\u0107uje stvarno sna\u017ean rad na crno. Velika pokrivenost.<\/p>\n<p>&nbsp;<\/p>","protected":false},"featured_media":56570,"template":"","meta":{"_seopress_robots_primary_cat":"none","_seopress_titles_title":"Dynamic BLKout Tattoo Ink - 240 ml","_seopress_titles_desc":"Dynamic BLKout \u010drnilo je skladno z uredbo REACH. Odli\u010dno za vse vrste temnih tetova\u017e saj uspe\u0161no prekrije stare tetova\u017ee. ","_seopress_robots_index":""},"product_brand":[],"product_cat":[509,477,485,493],"product_tag":[],"class_list":{"0":"post-56567","1":"product","2":"type-product","3":"status-publish","4":"has-post-thumbnail","6":"product_cat-dynamic-eu","7":"product_cat-izpostavljeni-izdelki","8":"product_cat-novosti","9":"product_cat-tattoo-barve-eu","10":"entry","11":"has-media","13":"first","14":"instock","15":"sale","16":"taxable","17":"shipping-taxable","18":"purchasable","19":"product-type-simple"},"_links":{"self":[{"href":"https:\/\/www.carantaniatattoo.com\/hr\/wp-json\/wp\/v2\/product\/56567","targetHints":{"allow":["GET"]}}],"collection":[{"href":"https:\/\/www.carantaniatattoo.com\/hr\/wp-json\/wp\/v2\/product"}],"about":[{"href":"https:\/\/www.carantaniatattoo.com\/hr\/wp-json\/wp\/v2\/types\/product"}],"version-history":[{"count":0,"href":"https:\/\/www.carantaniatattoo.com\/hr\/wp-json\/wp\/v2\/product\/56567\/revisions"}],"wp:featuredmedia":[{"embeddable":true,"href":"https:\/\/www.carantaniatattoo.com\/hr\/wp-json\/wp\/v2\/media\/56570"}],"wp:attachment":[{"href":"https:\/\/www.carantaniatattoo.com\/hr\/wp-json\/wp\/v2\/media?parent=56567"}],"wp:term":[{"taxonomy":"product_brand","embeddable":true,"href":"https:\/\/www.carantaniatattoo.com\/hr\/wp-json\/wp\/v2\/product_brand?post=56567"},{"taxonomy":"product_cat","embeddable":true,"href":"https:\/\/www.carantaniatattoo.com\/hr\/wp-json\/wp\/v2\/product_cat?post=56567"},{"taxonomy":"product_tag","embeddable":true,"href":"https:\/\/www.carantaniatattoo.com\/hr\/wp-json\/wp\/v2\/product_tag?post=56567"}],"curies":[{"name":"wp","href":"https:\/\/api.w.org\/{rel}","templated":true}]}}