{"id":57373,"date":"2024-09-19T10:31:06","date_gmt":"2024-09-19T10:31:06","guid":{"rendered":"https:\/\/www.carantaniatattoo.com\/trgovina\/nekategorizirano\/xtreme-ink-9-copy\/"},"modified":"2025-07-02T08:11:18","modified_gmt":"2025-07-02T08:11:18","slug":"xtreme-ink-9-copy","status":"publish","type":"product","link":"https:\/\/www.carantaniatattoo.com\/hr\/trgovina\/tattoo-barve-eu\/xtreme-inc\/xtreme-ink-9-kopija-2\/","title":{"rendered":"XTreme Ink PATLID\u017dAN 30ml"},"content":{"rendered":"<h4>Patlid\u017ean<\/h4>\n<p>-Vegan<br \/>\n-Nikada nije testirano na \u017eivotinjama<br \/>\n- Vodena disperzija pigmenta<br \/>\n-Bez akrila<br \/>\n-Glatko se nanosi, ostaje iste nijanse boje<br \/>\n-Formula je u skladu s REACH-om<\/p>\n<p>Bo\u010dica od 30 ml.<\/p>","protected":false},"excerpt":{"rendered":"<h5>XTreme tinta<\/h5>\n<p>\u010crnila Xtreme delujejo brezhibno; njihova viskoznost omogo\u010da, da \u010drnilo gladko in u\u010dinkovito prodre v ko\u017eo.<br \/>\nZato se tetova\u017ee, narejene s \u010drnili Xtreme, zacelijo veliko hitreje kot druge.<\/p>","protected":false},"featured_media":61264,"template":"","meta":{"_seopress_robots_primary_cat":"none","_seopress_titles_title":"XTreme Ink EGGPLANT 30ml ","_seopress_titles_desc":"\u010crnila Xtreme delujejo brezhibno; njihova viskoznost omogo\u010da, da \u010drnilo gladko in u\u010dinkovito prodre v ko\u017eo, tetova\u017ee se zato zacelijo veliko hitreje. ","_seopress_robots_index":""},"product_brand":[],"product_cat":[477,485,493,516],"product_tag":[],"class_list":{"0":"post-57373","1":"product","2":"type-product","3":"status-publish","4":"has-post-thumbnail","6":"product_cat-izpostavljeni-izdelki","7":"product_cat-novosti","8":"product_cat-tattoo-barve-eu","9":"product_cat-xtreme-ink","10":"entry","11":"has-media","13":"first","14":"instock","15":"sale","16":"taxable","17":"shipping-taxable","18":"purchasable","19":"product-type-simple"},"_links":{"self":[{"href":"https:\/\/www.carantaniatattoo.com\/hr\/wp-json\/wp\/v2\/product\/57373","targetHints":{"allow":["GET"]}}],"collection":[{"href":"https:\/\/www.carantaniatattoo.com\/hr\/wp-json\/wp\/v2\/product"}],"about":[{"href":"https:\/\/www.carantaniatattoo.com\/hr\/wp-json\/wp\/v2\/types\/product"}],"version-history":[{"count":0,"href":"https:\/\/www.carantaniatattoo.com\/hr\/wp-json\/wp\/v2\/product\/57373\/revisions"}],"wp:featuredmedia":[{"embeddable":true,"href":"https:\/\/www.carantaniatattoo.com\/hr\/wp-json\/wp\/v2\/media\/61264"}],"wp:attachment":[{"href":"https:\/\/www.carantaniatattoo.com\/hr\/wp-json\/wp\/v2\/media?parent=57373"}],"wp:term":[{"taxonomy":"product_brand","embeddable":true,"href":"https:\/\/www.carantaniatattoo.com\/hr\/wp-json\/wp\/v2\/product_brand?post=57373"},{"taxonomy":"product_cat","embeddable":true,"href":"https:\/\/www.carantaniatattoo.com\/hr\/wp-json\/wp\/v2\/product_cat?post=57373"},{"taxonomy":"product_tag","embeddable":true,"href":"https:\/\/www.carantaniatattoo.com\/hr\/wp-json\/wp\/v2\/product_tag?post=57373"}],"curies":[{"name":"wp","href":"https:\/\/api.w.org\/{rel}","templated":true}]}}