{"id":58818,"date":"2024-11-27T14:25:59","date_gmt":"2024-11-27T14:25:59","guid":{"rendered":"https:\/\/www.carantaniatattoo.com\/trgovina\/nekategorizirano\/perma-blend-luxe-15ml-java-copy\/"},"modified":"2025-06-24T10:18:36","modified_gmt":"2025-06-24T10:18:36","slug":"perma-blend-luxe-15ml-modified-black","status":"publish","type":"product","link":"https:\/\/www.carantaniatattoo.com\/hr\/trgovina\/permanent-make-up-barve-reach\/perma-blend-luxe\/perma-blend-luxe-15ml-modified-black\/","title":{"rendered":"Perma Blend Luxe 15ml &#8211; Modified Black"},"content":{"rendered":"<h4 class=\"fts-productName\">Perma Blend Luxe 15ml &#8211; Modified Black<\/h4>\n<p>MODIFIED BLACK je pravo \u010drno \u010drtalo za o\u010di z dodanim kan\u010dkom topline. Visoka motnost.<br \/>\nOrgansko-anorganska me\u0161anica.<\/p>\n<p>Navodila za uporabo: Ne me\u0161ajte z vodo ali drugimi razred\u010dili.\u00a0Perma Blend je certificirano veganska.\u00a0Perma Blend je zavezan zagotavljanju, da ta nova linija izpolnjuje vse nove zahteve Evropske unije (EU) v skladu s predpisi, ki jih je dolo\u010dil REACH.<\/p>","protected":false},"excerpt":{"rendered":"<h4 class=\"fts-productName\">Perma Blend Luxe 15ml &#8211; Modified Black<\/h4>","protected":false},"featured_media":58819,"template":"","meta":{"_seopress_robots_primary_cat":"none","_seopress_titles_title":"Perma Blend Luxe 15ml - Modified Black","_seopress_titles_desc":"MODIFIED BLACK je pravo \u010drno \u010drtalo za o\u010di z dodanim kan\u010dkom topline. Visoka motnost.\r\n","_seopress_robots_index":""},"product_brand":[],"product_cat":[194,477,485,523,524],"product_tag":[],"class_list":{"0":"post-58818","1":"product","2":"type-product","3":"status-publish","4":"has-post-thumbnail","6":"product_cat-akcija","7":"product_cat-izpostavljeni-izdelki","8":"product_cat-novosti","9":"product_cat-perma-blend-luxe","10":"product_cat-permanent-make-up-barve-reach","11":"entry","12":"has-media","14":"first","15":"instock","16":"sale","17":"taxable","18":"shipping-taxable","19":"purchasable","20":"product-type-simple"},"_links":{"self":[{"href":"https:\/\/www.carantaniatattoo.com\/hr\/wp-json\/wp\/v2\/product\/58818","targetHints":{"allow":["GET"]}}],"collection":[{"href":"https:\/\/www.carantaniatattoo.com\/hr\/wp-json\/wp\/v2\/product"}],"about":[{"href":"https:\/\/www.carantaniatattoo.com\/hr\/wp-json\/wp\/v2\/types\/product"}],"version-history":[{"count":0,"href":"https:\/\/www.carantaniatattoo.com\/hr\/wp-json\/wp\/v2\/product\/58818\/revisions"}],"wp:featuredmedia":[{"embeddable":true,"href":"https:\/\/www.carantaniatattoo.com\/hr\/wp-json\/wp\/v2\/media\/58819"}],"wp:attachment":[{"href":"https:\/\/www.carantaniatattoo.com\/hr\/wp-json\/wp\/v2\/media?parent=58818"}],"wp:term":[{"taxonomy":"product_brand","embeddable":true,"href":"https:\/\/www.carantaniatattoo.com\/hr\/wp-json\/wp\/v2\/product_brand?post=58818"},{"taxonomy":"product_cat","embeddable":true,"href":"https:\/\/www.carantaniatattoo.com\/hr\/wp-json\/wp\/v2\/product_cat?post=58818"},{"taxonomy":"product_tag","embeddable":true,"href":"https:\/\/www.carantaniatattoo.com\/hr\/wp-json\/wp\/v2\/product_tag?post=58818"}],"curies":[{"name":"wp","href":"https:\/\/api.w.org\/{rel}","templated":true}]}}