{"id":58859,"date":"2024-11-28T14:17:53","date_gmt":"2024-11-28T14:17:53","guid":{"rendered":"https:\/\/www.carantaniatattoo.com\/?post_type=product&#038;p=58859"},"modified":"2025-02-20T11:02:20","modified_gmt":"2025-02-20T11:02:20","slug":"ink-mixer-miaopera","status":"publish","type":"product","link":"https:\/\/www.carantaniatattoo.com\/hr\/trgovina\/pripomocki-za-delo\/britvice-maske-palcke-predpasniki\/ink-mixer-miaopera\/","title":{"rendered":"Ink Mixer MiaOpera"},"content":{"rendered":"<p>Idealno orodje za popolnoma homogeno me\u0161anje pigmentov.<br \/>\nMe\u0161alnik vklju\u010duje 5 pali\u010dic za enkratno uporabo.<\/p>\n<p>Baterije AA x 2 niso vklju\u010dene.<\/p>","protected":false},"excerpt":{"rendered":"<p>Idealno orodje za popolnoma homogeno me\u0161anje pigmentov. Me\u0161alnik vklju\u010duje 5 pali\u010dic za enkratno uporabo. Baterije AA x 2 niso vklju\u010dene.<\/p>","protected":false},"featured_media":58862,"template":"","meta":{"_seopress_robots_primary_cat":"","_seopress_titles_title":"Ink Mixer MiaOpera","_seopress_titles_desc":"Idealno orodje za popolnoma homogeno me\u0161anje pigmentov.\r\nMe\u0161alnik vklju\u010duje 5 pali\u010dic za enkratno uporabo.\r\n","_seopress_robots_index":""},"product_brand":[],"product_cat":[222,510],"product_tag":[],"class_list":{"0":"post-58859","1":"product","2":"type-product","3":"status-publish","4":"has-post-thumbnail","6":"product_cat-britvice-maske-palcke-predpasniki","7":"product_cat-ink-mikser","8":"entry","9":"has-media","11":"first","12":"instock","13":"sale","14":"taxable","15":"shipping-taxable","16":"purchasable","17":"product-type-simple"},"_links":{"self":[{"href":"https:\/\/www.carantaniatattoo.com\/hr\/wp-json\/wp\/v2\/product\/58859","targetHints":{"allow":["GET"]}}],"collection":[{"href":"https:\/\/www.carantaniatattoo.com\/hr\/wp-json\/wp\/v2\/product"}],"about":[{"href":"https:\/\/www.carantaniatattoo.com\/hr\/wp-json\/wp\/v2\/types\/product"}],"version-history":[{"count":0,"href":"https:\/\/www.carantaniatattoo.com\/hr\/wp-json\/wp\/v2\/product\/58859\/revisions"}],"wp:featuredmedia":[{"embeddable":true,"href":"https:\/\/www.carantaniatattoo.com\/hr\/wp-json\/wp\/v2\/media\/58862"}],"wp:attachment":[{"href":"https:\/\/www.carantaniatattoo.com\/hr\/wp-json\/wp\/v2\/media?parent=58859"}],"wp:term":[{"taxonomy":"product_brand","embeddable":true,"href":"https:\/\/www.carantaniatattoo.com\/hr\/wp-json\/wp\/v2\/product_brand?post=58859"},{"taxonomy":"product_cat","embeddable":true,"href":"https:\/\/www.carantaniatattoo.com\/hr\/wp-json\/wp\/v2\/product_cat?post=58859"},{"taxonomy":"product_tag","embeddable":true,"href":"https:\/\/www.carantaniatattoo.com\/hr\/wp-json\/wp\/v2\/product_tag?post=58859"}],"curies":[{"name":"wp","href":"https:\/\/api.w.org\/{rel}","templated":true}]}}