{"id":62303,"date":"2025-08-05T07:46:27","date_gmt":"2025-08-05T07:46:27","guid":{"rendered":"https:\/\/www.carantaniatattoo.com\/trgovina\/nekategorizirano\/biotat-natural-numbing-tattoo-glide-envy-copy\/"},"modified":"2025-11-01T00:30:26","modified_gmt":"2025-11-01T00:30:26","slug":"biotat-natural-numbing-tattoo-glide-envy-copy","status":"publish","type":"product","link":"https:\/\/www.carantaniatattoo.com\/hr\/trgovina\/higijena\/vazelini\/biotat-prirodna-otupljujuca-tetovaza-glide-envy-2\/","title":{"rendered":"Biotat\u00ae Natural Numbing Tattoo Glide ENVY"},"content":{"rendered":"<p>Isti kao klasi\u010dni Biotat\u00ae Natural Numbing Tattoo Glide, ali s prizvukom zelene boje.<\/p>\n<p>Jedinstvena Biotat\u00ae Natural Numbing veganska mast, koju koriste samo profesionalci tijekom procesa tetoviranja kako bi utrnuli to podru\u010dje.<br \/>\nKoristite ga kao bilo koji &quot;klize\u0107i&quot; ili procesni maslac s dodatnim prednostima umrtvljivanja podru\u010dja primjene dok dramati\u010dno smanjuje otekline i crvenilo.<\/p>\n<p>Za razliku od proizvoda na bazi lidokaina, ne bubri ko\u017eu \u0161to bi ote\u017eavalo tetoviranje, a va\u0161 klijent \u0107e biti opu\u0161teniji tijekom tetoviranja.<\/p>\n<p>Kliza\u010d je izuzetno gladak i ne za\u010depljuje igle niti bri\u0161e prijenos. Tattoo umjetnici su umjetnici koji vole \u010disto klizanje, jer to omogu\u0107uje to\u010dniji rad na crnoj i sivoj boji i svjetlijim bojama.<\/p>\n<p>Biotat\u00ae je svjetski lider u mastima koje prirodno umrtvljuju mjesto primjene. Koriste samo najbolje sastojke bez umjetnih boja i mirisa te ekolo\u0161ki prihvatljive materijale.<\/p>\n<p>&nbsp;<\/p>\n<p>UPUTE ZA UPOTREBU:<\/p>\n<p>Nakon zavr\u0161etka postupka obri\u0161ite vi\u0161ak. Ne koristiti za njegu nakon tetoviranja.<\/p>\n<p>SADR\u017dI:<br \/>\nMineralno ulje, mikrokristalni vosak, Cera Microcristallina, glicerin, ulje pupoljaka Eugenia Caryophyllus (klin\u010di\u0107a), eugenol, glikolipidi, biljno ulje Lavandula Angustifolia, izoeugenol, linalol, geraniol, limonen.<\/p>\n<p>UPOZORENJA:<br \/>\nDr\u017eati dalje od djece i ku\u0107nih ljubimaca. Izbjegavajte podru\u010dje oko o\u010diju, ako do\u0111e do kontakta, odmah isperite vodom. Potra\u017eiti lije\u010dni\u010dku pomo\u0107 ako se proguta. Prekinite kori\u0161tenje ako se pojavi bilo kakva ko\u017ena reakcija. Nemojte koristiti ako ste osjetljivi na eugenol.<\/p>\n<p>&nbsp;<\/p>\n<p>&nbsp;<\/p>","protected":false},"excerpt":{"rendered":"<p><strong>\u0160to radi Biotat?<\/strong><br \/>\nKoriste\u0107i mo\u0107na prirodna anesteti\u010dka svojstva klin\u010di\u0107a, razvili su jedinstvenu paletu prvih proizvoda u industriji koji prirodno umrtvljuju i \u010diste podru\u010dje tijekom i nakon procesa tetoviranja. Klin\u010di\u0107 je pa\u017eljivo odabran kako bi bio iznimno u\u010dinkovit, bez lidokaina i umjetnih mirisa. Ulje klin\u010di\u0107a je fantasti\u010dno za smanjenje crvenila i upale, tako\u0111er je antibakterijsko, antigljivi\u010dno i antivirusno.<\/p>\n<p><strong>Poma\u017ee li stvarno?<\/strong><br \/>\nOooh da, klin\u010di\u0107i su vrlo mo\u0107ni, prirodni su protuupalni i ubla\u017eavaju bolove, a imaju i \u0161irok spektar antimikrobnih\/pro\u010di\u0161\u0107avaju\u0107ih u\u010dinaka na ko\u017eu. Sve to bez lidokaina.<\/p>\n<p><strong>Koja je razlika izme\u0111u maslaca i kliza\u010da?<\/strong><br \/>\nDrsniki so mehkej\u0161i in se uporabljajo predvsem za postopek tetoviranja. Omogo\u010dajo lepo drsenje po ko\u017ei in olaj\u0161ajo brisanje \u010drnila.<br \/>\nMasla temeljijo na karitejevem maslu in se prav tako uporabljajo za postopek tetoviranja, hkrati pa so odli\u010dna tudi za nego po tetoviranju. Popolnoma druga\u010dna tekstura.<br \/>\nHibrid je na pol poti. Delno maslo in delno drsenje.<\/p>\n<p>&nbsp;<\/p>","protected":false},"featured_media":55362,"template":"","meta":{"_seopress_robots_primary_cat":"none","_seopress_titles_title":"Biotat\u00ae Natural Numbing Tattoo Glide ENVY","_seopress_titles_desc":"Biotat\u00ae Natural Numbing vegansko mazilo, omrtvi\u010di mesto nanosa. Mazilo, ki je uporabniku in okolju prijazno. Popolnoma naravno, brez umetnih dodatkov.","_seopress_robots_index":""},"product_brand":[],"product_cat":[206,477,485,243],"product_tag":[],"class_list":{"0":"post-62303","1":"product","2":"type-product","3":"status-publish","4":"has-post-thumbnail","6":"product_cat-higiena","7":"product_cat-izpostavljeni-izdelki","8":"product_cat-novosti","9":"product_cat-vazelini","10":"entry","11":"has-media","13":"first","14":"instock","15":"sale","16":"taxable","17":"shipping-taxable","18":"purchasable","19":"product-type-variable"},"_links":{"self":[{"href":"https:\/\/www.carantaniatattoo.com\/hr\/wp-json\/wp\/v2\/product\/62303","targetHints":{"allow":["GET"]}}],"collection":[{"href":"https:\/\/www.carantaniatattoo.com\/hr\/wp-json\/wp\/v2\/product"}],"about":[{"href":"https:\/\/www.carantaniatattoo.com\/hr\/wp-json\/wp\/v2\/types\/product"}],"version-history":[{"count":0,"href":"https:\/\/www.carantaniatattoo.com\/hr\/wp-json\/wp\/v2\/product\/62303\/revisions"}],"wp:featuredmedia":[{"embeddable":true,"href":"https:\/\/www.carantaniatattoo.com\/hr\/wp-json\/wp\/v2\/media\/55362"}],"wp:attachment":[{"href":"https:\/\/www.carantaniatattoo.com\/hr\/wp-json\/wp\/v2\/media?parent=62303"}],"wp:term":[{"taxonomy":"product_brand","embeddable":true,"href":"https:\/\/www.carantaniatattoo.com\/hr\/wp-json\/wp\/v2\/product_brand?post=62303"},{"taxonomy":"product_cat","embeddable":true,"href":"https:\/\/www.carantaniatattoo.com\/hr\/wp-json\/wp\/v2\/product_cat?post=62303"},{"taxonomy":"product_tag","embeddable":true,"href":"https:\/\/www.carantaniatattoo.com\/hr\/wp-json\/wp\/v2\/product_tag?post=62303"}],"curies":[{"name":"wp","href":"https:\/\/api.w.org\/{rel}","templated":true}]}}