{"id":62840,"date":"2025-08-27T11:54:51","date_gmt":"2025-08-27T11:54:51","guid":{"rendered":"https:\/\/www.carantaniatattoo.com\/?post_type=product&#038;p=62840"},"modified":"2025-10-23T18:37:01","modified_gmt":"2025-10-23T18:37:01","slug":"proton-evolution-process-butter-numbing-effect-250ml","status":"publish","type":"product","link":"https:\/\/www.carantaniatattoo.com\/hr\/trgovina\/higijena\/za-nego-tattooja\/proton-evolution-process-butter-numbing-effect-250ml\/","title":{"rendered":"Proton EVOLUTION Process Butter &#8211; Numbing Effect 250ml"},"content":{"rendered":"<p>EVOLUTION &#8211; Proton Process Butter je profesionalno maslo, zasnovano za zagotavljanje maksimalnega udobja in nege ko\u017ee med tetoviranjem. Posebej oblikovana me\u0161anica ve\u010d kot sedmih naravnih sestavin vla\u017ei, pomirja ko\u017eo in pomaga ohranjati njeno pro\u017enost, s \u010dimer ustvarja optimalne pogoje tako za tetovatorja kot za stranko.<\/p>\n<p>Klju\u010dne prednosti:<\/p>\n<p>Udobje in pomirjujo\u010d u\u010dinek \u2013 podpira naravno ravnovesje ko\u017ee in pomaga zmanj\u0161ati ob\u010dutljivost.<br \/>\nNeguje in vla\u017ei \u2013 naravna olja in rastlinska masla izbolj\u0161ujejo vla\u017eenje.<br \/>\nOhranja elasti\u010dnost ko\u017ee \u2013 aktivne sestavine pomagajo ohranjati ko\u017eo v dobrem stanju med celotnim postopkom tetoviranja.<br \/>\nGlavne sestavine:<\/p>\n<p>Olj\u010dno olje (Olea Europaea Fruit Oil) \u2013 bogato z antioksidanti, neguje in \u0161\u010diti ko\u017eo.<br \/>\nOlje mangovih semen (Mangifera Indica Seed Oil) \u2013 vsebuje esencialne ma\u0161\u010dobne kisline, ki vla\u017eijo in meh\u010dajo ko\u017eo.<br \/>\nRicinovo olje (Ricinus Communis Seed Oil) in son\u010dni\u010dno olje (Helianthus Annuus Seed Oil) \u2013 zagotavljata globoko hidracijo in ohranjata pro\u017enost ko\u017ee.<br \/>\nKonopljino olje (Cannabis Sativa Seed Oil) \u2013 znano po svojih pomirjujo\u010dih in negovalnih lastnostih.<br \/>\nVitamin E (Tocopherol Acetate) \u2013 mo\u010dan antioksidant, ki podpira naravno za\u0161\u010dito ko\u017ee.<br \/>\nNaravni izvle\u010dki \u2013 vklju\u010dujejo koren astragalusa, ognji\u010d, \u0161entjan\u017eevko in ro\u017emarin, ki pomagajo ohranjati dobro po\u010dutje ko\u017ee.<br \/>\nMentol \u2013 zagotavlja hladilni in osve\u017eujo\u010d ob\u010dutek.<\/p>\n<p>Kako uporabljati:<\/p>\n<p>Med tetoviranjem nanesite tanko plast EVOLUTION Proton Process Butter, podobno kot vazelin. Ta maslo vla\u017ei, pomirja in podpira naravno za\u0161\u010ditno pregrado ko\u017ee, kar zagotavlja ve\u010dje udobje med celotnim postopkom.<\/p>\n<p>Vsebina: 250 ml \/ 8,5 oz<\/p>\n<p>Sestavine: olje plodov Olea Europaea, Candelilla Cera, olje semen Magnifera Indica, denaturiran alkohol, olje semen Ricinus Communis, olje semen Helianthus Annuus, cetilni alkohol, aroma, polisorbat 20, olje semen Cannabis Sativa, tokoferol acetat, mentol, metil diizopropil propionamid, izvle\u010dek korenine Astragalus Membranaceus, izvle\u010dek Calendula Officinalis, limonen, izvle\u010dek cvetov Hypericum Perforatum, izvle\u010dek listov Rosmarinus Officinalis, linalool, Bha, askorbil palmitat, Ci 42090, Ci 45100, Bht.<\/p>","protected":false},"excerpt":{"rendered":"<p>EVOLUTION &#8211; Proton Process Butter je profesionalno maslo, zasnovano za zagotavljanje maksimalnega udobja in nege ko\u017ee med tetoviranjem. Posebej oblikovana me\u0161anica ve\u010d kot sedmih naravnih sestavin vla\u017ei, pomirja ko\u017eo in pomaga ohranjati njeno pro\u017enost, s \u010dimer ustvarja optimalne pogoje tako za tetovatorja kot za stranko. Klju\u010dne prednosti: Udobje in pomirjujo\u010d u\u010dinek \u2013 podpira naravno ravnovesje [&hellip;]<\/p>","protected":false},"featured_media":62843,"template":"","meta":{"_seopress_robots_primary_cat":"none","_seopress_titles_title":"","_seopress_titles_desc":"","_seopress_robots_index":""},"product_brand":[],"product_cat":[477,485,235],"product_tag":[],"class_list":{"0":"post-62840","1":"product","2":"type-product","3":"status-publish","4":"has-post-thumbnail","6":"product_cat-izpostavljeni-izdelki","7":"product_cat-novosti","8":"product_cat-za-nego-tattooja","9":"entry","10":"has-media","12":"first","13":"instock","14":"sale","15":"taxable","16":"shipping-taxable","17":"purchasable","18":"product-type-simple"},"_links":{"self":[{"href":"https:\/\/www.carantaniatattoo.com\/hr\/wp-json\/wp\/v2\/product\/62840","targetHints":{"allow":["GET"]}}],"collection":[{"href":"https:\/\/www.carantaniatattoo.com\/hr\/wp-json\/wp\/v2\/product"}],"about":[{"href":"https:\/\/www.carantaniatattoo.com\/hr\/wp-json\/wp\/v2\/types\/product"}],"version-history":[{"count":0,"href":"https:\/\/www.carantaniatattoo.com\/hr\/wp-json\/wp\/v2\/product\/62840\/revisions"}],"wp:featuredmedia":[{"embeddable":true,"href":"https:\/\/www.carantaniatattoo.com\/hr\/wp-json\/wp\/v2\/media\/62843"}],"wp:attachment":[{"href":"https:\/\/www.carantaniatattoo.com\/hr\/wp-json\/wp\/v2\/media?parent=62840"}],"wp:term":[{"taxonomy":"product_brand","embeddable":true,"href":"https:\/\/www.carantaniatattoo.com\/hr\/wp-json\/wp\/v2\/product_brand?post=62840"},{"taxonomy":"product_cat","embeddable":true,"href":"https:\/\/www.carantaniatattoo.com\/hr\/wp-json\/wp\/v2\/product_cat?post=62840"},{"taxonomy":"product_tag","embeddable":true,"href":"https:\/\/www.carantaniatattoo.com\/hr\/wp-json\/wp\/v2\/product_tag?post=62840"}],"curies":[{"name":"wp","href":"https:\/\/api.w.org\/{rel}","templated":true}]}}