{"id":62872,"date":"2025-08-28T07:23:10","date_gmt":"2025-08-28T07:23:10","guid":{"rendered":"https:\/\/www.carantaniatattoo.com\/?post_type=product&#038;p=62872"},"modified":"2025-08-28T07:23:10","modified_gmt":"2025-08-28T07:23:10","slug":"arm-rest-carantania","status":"publish","type":"product","link":"https:\/\/www.carantaniatattoo.com\/hr\/trgovina\/oprema-za-studio\/arm-rest-carantania\/","title":{"rendered":"Arm Rest Carantania"},"content":{"rendered":"<p>Carantania Arm Rest \u2013 ro\u010dno izdelan v Sloveniji v sodelovanju z izku\u0161enimi tetoverji in preizku\u0161en v realnih delovnih pogojih. Njegova edinstvena zaobljena oblika zmanj\u0161uje utrujenost, omogo\u010da naravno, ergonomsko dr\u017eo in pove\u010duje natan\u010dnost pri tetoviranju. Zaradi premi\u0161ljene ve\u010dnamenske zasnove ga<br \/>\nlahko uporabljate kot naslon za roke, noge ali oporo za prsni ko\u0161 pri tetoviranju hrbta.<\/p>\n<p>Izdelan je iz vrhunskih materialov, vklju\u010dno z izjemno odporno spominsko peno, ki ohranja obliko tudi po dolgih seansah, ter robustnega kovinskega ogrodja za maksimalno stabilnost. Nastavljiv je po vi\u0161ini in naklonu, kar omogo\u010da popolno prilagoditev va\u0161emu na\u010dinu dela in udobju stranke. Zlo\u017eljiva konstrukcija z odstranljivimi ro\u010dkami in mizico omogo\u010da hitro razstavljanje, enostaven transport in shranjevanje \u2013 idealno za studio, konvencije, gostovanja in delo na terenu.<\/p>","protected":false},"excerpt":{"rendered":"<p>Carantania Arm Rest \u2013 ro\u010dno izdelan v Sloveniji v sodelovanju z izku\u0161enimi tetoverji in preizku\u0161en v realnih delovnih pogojih. Njegova edinstvena zaobljena oblika zmanj\u0161uje utrujenost, omogo\u010da naravno, ergonomsko dr\u017eo in pove\u010duje natan\u010dnost pri tetoviranju. Zaradi premi\u0161ljene ve\u010dnamenske zasnove ga lahko uporabljate kot naslon za roke, noge ali oporo za prsni ko\u0161 pri tetoviranju hrbta. Izdelan [&hellip;]<\/p>","protected":false},"featured_media":62886,"template":"","meta":{"_seopress_robots_primary_cat":"","_seopress_titles_title":"","_seopress_titles_desc":"","_seopress_robots_index":""},"product_brand":[],"product_cat":[269],"product_tag":[],"class_list":{"0":"post-62872","1":"product","2":"type-product","3":"status-publish","4":"has-post-thumbnail","6":"product_cat-oprema-za-studio","7":"entry","8":"has-media","10":"first","11":"instock","12":"sale","13":"taxable","14":"shipping-taxable","15":"purchasable","16":"product-type-simple"},"_links":{"self":[{"href":"https:\/\/www.carantaniatattoo.com\/hr\/wp-json\/wp\/v2\/product\/62872","targetHints":{"allow":["GET"]}}],"collection":[{"href":"https:\/\/www.carantaniatattoo.com\/hr\/wp-json\/wp\/v2\/product"}],"about":[{"href":"https:\/\/www.carantaniatattoo.com\/hr\/wp-json\/wp\/v2\/types\/product"}],"version-history":[{"count":0,"href":"https:\/\/www.carantaniatattoo.com\/hr\/wp-json\/wp\/v2\/product\/62872\/revisions"}],"wp:featuredmedia":[{"embeddable":true,"href":"https:\/\/www.carantaniatattoo.com\/hr\/wp-json\/wp\/v2\/media\/62886"}],"wp:attachment":[{"href":"https:\/\/www.carantaniatattoo.com\/hr\/wp-json\/wp\/v2\/media?parent=62872"}],"wp:term":[{"taxonomy":"product_brand","embeddable":true,"href":"https:\/\/www.carantaniatattoo.com\/hr\/wp-json\/wp\/v2\/product_brand?post=62872"},{"taxonomy":"product_cat","embeddable":true,"href":"https:\/\/www.carantaniatattoo.com\/hr\/wp-json\/wp\/v2\/product_cat?post=62872"},{"taxonomy":"product_tag","embeddable":true,"href":"https:\/\/www.carantaniatattoo.com\/hr\/wp-json\/wp\/v2\/product_tag?post=62872"}],"curies":[{"name":"wp","href":"https:\/\/api.w.org\/{rel}","templated":true}]}}