{"id":62879,"date":"2025-08-28T07:19:45","date_gmt":"2025-08-28T07:19:45","guid":{"rendered":"https:\/\/www.carantaniatattoo.com\/?post_type=product&#038;p=62879"},"modified":"2025-09-01T00:02:48","modified_gmt":"2025-09-01T00:02:48","slug":"airless-system-proton-stencil-primer-pink-100ml","status":"publish","type":"product","link":"https:\/\/www.carantaniatattoo.com\/hr\/trgovina\/higijena\/geli-za-pripravo-in-odstranitev-sablon\/airless-system-proton-stencil-primer-pink-100ml\/","title":{"rendered":"AIRLESS SYSTEM Proton Stencil Primer PINK 100ml"},"content":{"rendered":"<p>Proton Professional Stencil Primer, proizveden v \u0160paniji, je najbolj robustna formula, ki je bila kdajkoli ustvarjena in preizku\u0161ena na tiso\u010dih strankah. Zahvaljujo\u010d svoji edinstveni formuli se na ko\u017ei dr\u017ei do 15 ur.<\/p>\n<p>Proton deluje skoraj kot vosek, se enostavno razma\u017ee po ko\u017ei, prenesena \u0161ablona pa se trdno dr\u017ei, prepre\u010duje mehur\u010dke in zamazovanje. Edinstvena formula zagotavlja popolnoma \u010ditljiv, \u010dist in podrobni prenos tetova\u017ee na ko\u017eo. Pridru\u017eite se vrstam zadovoljnih tetovatorjev in u\u017eivajte v popolnem prenosu vzorca s Proton Professional Stencil Primer!<\/p>\n<p>SESTAVINE: Aqua, propilenglikol, glicerin, trietanolamin, karbomer, polikvaternium-7, dinatrijev EDTA, natrijev benzoat, kalijev sorbat, akrilna kislina, CI 42090.<\/p>","protected":false},"excerpt":{"rendered":"<p>Proton Professional Stencil Primer, proizveden v \u0160paniji, je najbolj robustna formula, ki je bila kdajkoli ustvarjena in preizku\u0161ena na tiso\u010dih strankah. Zahvaljujo\u010d svoji edinstveni formuli se na ko\u017ei dr\u017ei do 15 ur. Proton deluje skoraj kot vosek, se enostavno razma\u017ee po ko\u017ei, prenesena \u0161ablona pa se trdno dr\u017ei, prepre\u010duje mehur\u010dke in zamazovanje. Edinstvena formula zagotavlja [&hellip;]<\/p>","protected":false},"featured_media":62882,"template":"","meta":{"_seopress_robots_primary_cat":"","_seopress_titles_title":"","_seopress_titles_desc":"","_seopress_robots_index":""},"product_brand":[],"product_cat":[242],"product_tag":[],"class_list":{"0":"post-62879","1":"product","2":"type-product","3":"status-publish","4":"has-post-thumbnail","6":"product_cat-geli-za-pripravo-in-odstranitev-sablon","7":"entry","8":"has-media","10":"first","11":"instock","12":"sale","13":"taxable","14":"shipping-taxable","15":"purchasable","16":"product-type-simple"},"_links":{"self":[{"href":"https:\/\/www.carantaniatattoo.com\/hr\/wp-json\/wp\/v2\/product\/62879","targetHints":{"allow":["GET"]}}],"collection":[{"href":"https:\/\/www.carantaniatattoo.com\/hr\/wp-json\/wp\/v2\/product"}],"about":[{"href":"https:\/\/www.carantaniatattoo.com\/hr\/wp-json\/wp\/v2\/types\/product"}],"version-history":[{"count":0,"href":"https:\/\/www.carantaniatattoo.com\/hr\/wp-json\/wp\/v2\/product\/62879\/revisions"}],"wp:featuredmedia":[{"embeddable":true,"href":"https:\/\/www.carantaniatattoo.com\/hr\/wp-json\/wp\/v2\/media\/62882"}],"wp:attachment":[{"href":"https:\/\/www.carantaniatattoo.com\/hr\/wp-json\/wp\/v2\/media?parent=62879"}],"wp:term":[{"taxonomy":"product_brand","embeddable":true,"href":"https:\/\/www.carantaniatattoo.com\/hr\/wp-json\/wp\/v2\/product_brand?post=62879"},{"taxonomy":"product_cat","embeddable":true,"href":"https:\/\/www.carantaniatattoo.com\/hr\/wp-json\/wp\/v2\/product_cat?post=62879"},{"taxonomy":"product_tag","embeddable":true,"href":"https:\/\/www.carantaniatattoo.com\/hr\/wp-json\/wp\/v2\/product_tag?post=62879"}],"curies":[{"name":"wp","href":"https:\/\/api.w.org\/{rel}","templated":true}]}}