{"id":63055,"date":"2025-09-05T07:36:06","date_gmt":"2025-09-05T07:36:06","guid":{"rendered":"https:\/\/www.carantaniatattoo.com\/?post_type=product&#038;p=63055"},"modified":"2026-02-04T07:40:00","modified_gmt":"2026-02-04T07:40:00","slug":"velo-noir-nitrilne-rokavice-100-kosov","status":"publish","type":"product","link":"https:\/\/www.carantaniatattoo.com\/hr\/trgovina\/pripomocki-za-delo\/rokavice\/velo-noir-nitrilne-rokavice-100-kosov\/","title":{"rendered":"VELO NOIR NITRILNE ROKAVICE &#8211; 100 kosov"},"content":{"rendered":"<p>\u010crne nitrilne rokavice za enkratno uporabo z izjemnimi lastnostmi.<br \/>\nKljub tankosti ponujajo izjemno elasti\u010dnost, za\u0161\u010dito in udobje.<br \/>\nMikrogroba povr\u0161ina in brez talka.<br \/>\nMedicinski pripomo\u010dek razreda I.<\/p>\n<p>Velikost: S, M, L.<\/p>","protected":false},"excerpt":{"rendered":"<p>\u010crne nitrilne rokavice za enkratno uporabo z izjemnimi lastnostmi. Kljub tankosti ponujajo izjemno elasti\u010dnost, za\u0161\u010dito in udobje. Mikrogroba povr\u0161ina in brez talka. Medicinski pripomo\u010dek razreda I. Velikost: S, M, L.<\/p>","protected":false},"featured_media":63070,"template":"","meta":{"_seopress_robots_primary_cat":"none","_seopress_titles_title":"","_seopress_titles_desc":"","_seopress_robots_index":""},"product_brand":[],"product_cat":[209,266],"product_tag":[],"class_list":{"0":"post-63055","1":"product","2":"type-product","3":"status-publish","4":"has-post-thumbnail","6":"product_cat-pripomocki-za-delo","7":"product_cat-rokavice","8":"entry","9":"has-media","11":"first","12":"outofstock","13":"taxable","14":"shipping-taxable","15":"product-type-variable"},"_links":{"self":[{"href":"https:\/\/www.carantaniatattoo.com\/hr\/wp-json\/wp\/v2\/product\/63055","targetHints":{"allow":["GET"]}}],"collection":[{"href":"https:\/\/www.carantaniatattoo.com\/hr\/wp-json\/wp\/v2\/product"}],"about":[{"href":"https:\/\/www.carantaniatattoo.com\/hr\/wp-json\/wp\/v2\/types\/product"}],"version-history":[{"count":0,"href":"https:\/\/www.carantaniatattoo.com\/hr\/wp-json\/wp\/v2\/product\/63055\/revisions"}],"wp:featuredmedia":[{"embeddable":true,"href":"https:\/\/www.carantaniatattoo.com\/hr\/wp-json\/wp\/v2\/media\/63070"}],"wp:attachment":[{"href":"https:\/\/www.carantaniatattoo.com\/hr\/wp-json\/wp\/v2\/media?parent=63055"}],"wp:term":[{"taxonomy":"product_brand","embeddable":true,"href":"https:\/\/www.carantaniatattoo.com\/hr\/wp-json\/wp\/v2\/product_brand?post=63055"},{"taxonomy":"product_cat","embeddable":true,"href":"https:\/\/www.carantaniatattoo.com\/hr\/wp-json\/wp\/v2\/product_cat?post=63055"},{"taxonomy":"product_tag","embeddable":true,"href":"https:\/\/www.carantaniatattoo.com\/hr\/wp-json\/wp\/v2\/product_tag?post=63055"}],"curies":[{"name":"wp","href":"https:\/\/api.w.org\/{rel}","templated":true}]}}