{"id":63470,"date":"2025-10-02T11:32:46","date_gmt":"2025-10-02T11:32:46","guid":{"rendered":"https:\/\/www.carantaniatattoo.com\/?post_type=product&#038;p=63470"},"modified":"2025-10-02T11:32:47","modified_gmt":"2025-10-02T11:32:47","slug":"xtreme-ink-wetting-solution-120ml-eu-reach","status":"publish","type":"product","link":"https:\/\/www.carantaniatattoo.com\/hr\/trgovina\/tattoo-barve-eu\/xtreme-inc\/xtreme-ink-wetting-solution-120ml-eu-reach\/","title":{"rendered":"XTREME INK &#8211; WETTING SOLUTION &#8211; 120ML EU REACH"},"content":{"rendered":"<p>Xtreme-ova raztopina za navla\u017eevanje je specializirana teko\u010dina, ki omogo\u010da raztapljanje strjene povr\u0161ine \u010drnila, npr. v \u010drnilniku, in omogo\u010da njegovo nadaljnjo uporabo.<\/p>","protected":false},"excerpt":{"rendered":"<p>Xtreme-ova raztopina za navla\u017eevanje je specializirana teko\u010dina, ki omogo\u010da raztapljanje strjene povr\u0161ine \u010drnila, npr. v \u010drnilniku, in omogo\u010da njegovo nadaljnjo uporabo.<\/p>","protected":false},"featured_media":63472,"template":"","meta":{"_seopress_robots_primary_cat":"","_seopress_titles_title":"","_seopress_titles_desc":"","_seopress_robots_index":""},"product_brand":[],"product_cat":[493,516],"product_tag":[],"class_list":{"0":"post-63470","1":"product","2":"type-product","3":"status-publish","4":"has-post-thumbnail","6":"product_cat-tattoo-barve-eu","7":"product_cat-xtreme-ink","8":"entry","9":"has-media","11":"first","12":"instock","13":"sale","14":"taxable","15":"shipping-taxable","16":"purchasable","17":"product-type-simple"},"_links":{"self":[{"href":"https:\/\/www.carantaniatattoo.com\/hr\/wp-json\/wp\/v2\/product\/63470","targetHints":{"allow":["GET"]}}],"collection":[{"href":"https:\/\/www.carantaniatattoo.com\/hr\/wp-json\/wp\/v2\/product"}],"about":[{"href":"https:\/\/www.carantaniatattoo.com\/hr\/wp-json\/wp\/v2\/types\/product"}],"version-history":[{"count":0,"href":"https:\/\/www.carantaniatattoo.com\/hr\/wp-json\/wp\/v2\/product\/63470\/revisions"}],"wp:featuredmedia":[{"embeddable":true,"href":"https:\/\/www.carantaniatattoo.com\/hr\/wp-json\/wp\/v2\/media\/63472"}],"wp:attachment":[{"href":"https:\/\/www.carantaniatattoo.com\/hr\/wp-json\/wp\/v2\/media?parent=63470"}],"wp:term":[{"taxonomy":"product_brand","embeddable":true,"href":"https:\/\/www.carantaniatattoo.com\/hr\/wp-json\/wp\/v2\/product_brand?post=63470"},{"taxonomy":"product_cat","embeddable":true,"href":"https:\/\/www.carantaniatattoo.com\/hr\/wp-json\/wp\/v2\/product_cat?post=63470"},{"taxonomy":"product_tag","embeddable":true,"href":"https:\/\/www.carantaniatattoo.com\/hr\/wp-json\/wp\/v2\/product_tag?post=63470"}],"curies":[{"name":"wp","href":"https:\/\/api.w.org\/{rel}","templated":true}]}}