{"id":63569,"date":"2025-10-06T12:17:57","date_gmt":"2025-10-06T12:17:57","guid":{"rendered":"https:\/\/www.carantaniatattoo.com\/?post_type=product&#038;p=63569"},"modified":"2025-10-06T12:17:58","modified_gmt":"2025-10-06T12:17:58","slug":"xtreme-ink-neon-blue-30ml","status":"publish","type":"product","link":"https:\/\/www.carantaniatattoo.com\/hr\/trgovina\/tattoo-barve-eu\/xtreme-inc\/xtreme-ink-neon-blue-30ml\/","title":{"rendered":"Xtreme Ink Neon Blue 30ml"},"content":{"rendered":"<p>XTREME TINTA<br \/>\nZahvaljujo\u010d bogatim izku\u0161njam na podro\u010dju oblikovanja in proizvodnje pigmentov za tetoviranje, Xtreme proizvaja barve vrhunske kakovosti, ki so varnej\u0161e za uporabnike in okolje. Barve Xtreme Ink so bile razvite v skladu z najnovej\u0161imi predpisi Evropske unije REACH.<\/p>\n<p>FORMULA, SKLADNA Z REACH<br \/>\nPoslanstvo Xtreme Ink je preprosto: storiti vse, kar je mogo\u010de, da se izbolj\u0161a doseg, u\u010dinkovitost in varnost tetoviranja. Zahvaljujo\u010d bogatim izku\u0161njam na podro\u010dju oblikovanja in proizvodnje barv za tetoviranje, proizvajajo barve vrhunske kakovosti, ki so varnej\u0161e za stranke in okolje. Xtreme Ink je bil razvit v skladu z najnovej\u0161imi predpisi REACH Evropske unije.<\/p>\n<p>XTREME INK \u2013 BARVE, KI ZMOREJO VE\u010c<br \/>\nBarve za tetoviranje Xtreme se odlikujejo po brezhibni dostavi, kar pomeni, da njihova viskoznost omogo\u010da razpr\u0161itev iz katere koli standardne tetovirne naprave, da se gladko in u\u010dinkovito vpijejo v ko\u017eo. Zato se tetova\u017ee, narejene z Xtreme, celijo veliko hitreje kot druge barve na trgu.<\/p>\n<p>NAJBOLJ\u0160A BARVA NA TRGU<br \/>\nBarve Xtreme Ink so zasnovane tako, da ponujajo celovito paleto tonov, hkrati pa so odli\u010dne za me\u0161anje, kar omogo\u010da \u0161e ve\u010dje mo\u017enosti pri ustvarjanju barv. Poleg tega so veganske in niso testirane na \u017eivalih.<\/p>","protected":false},"excerpt":{"rendered":"<p>XTREME INK Zahvaljujo\u010d bogatim izku\u0161njam na podro\u010dju oblikovanja in proizvodnje pigmentov za tetoviranje, Xtreme proizvaja barve vrhunske kakovosti, ki so varnej\u0161e za uporabnike in okolje. Barve Xtreme Ink so bile razvite v skladu z najnovej\u0161imi predpisi Evropske unije REACH. FORMULA, SKLADNA Z REACH Poslanstvo Xtreme Ink je preprosto: storiti vse, kar je mogo\u010de, da se [&hellip;]<\/p>","protected":false},"featured_media":63572,"template":"","meta":{"_seopress_robots_primary_cat":"","_seopress_titles_title":"","_seopress_titles_desc":"","_seopress_robots_index":""},"product_brand":[],"product_cat":[194,477,485,493,516],"product_tag":[],"class_list":{"0":"post-63569","1":"product","2":"type-product","3":"status-publish","4":"has-post-thumbnail","6":"product_cat-akcija","7":"product_cat-izpostavljeni-izdelki","8":"product_cat-novosti","9":"product_cat-tattoo-barve-eu","10":"product_cat-xtreme-ink","11":"entry","12":"has-media","14":"first","15":"instock","16":"sale","17":"taxable","18":"shipping-taxable","19":"purchasable","20":"product-type-simple"},"_links":{"self":[{"href":"https:\/\/www.carantaniatattoo.com\/hr\/wp-json\/wp\/v2\/product\/63569","targetHints":{"allow":["GET"]}}],"collection":[{"href":"https:\/\/www.carantaniatattoo.com\/hr\/wp-json\/wp\/v2\/product"}],"about":[{"href":"https:\/\/www.carantaniatattoo.com\/hr\/wp-json\/wp\/v2\/types\/product"}],"version-history":[{"count":0,"href":"https:\/\/www.carantaniatattoo.com\/hr\/wp-json\/wp\/v2\/product\/63569\/revisions"}],"wp:featuredmedia":[{"embeddable":true,"href":"https:\/\/www.carantaniatattoo.com\/hr\/wp-json\/wp\/v2\/media\/63572"}],"wp:attachment":[{"href":"https:\/\/www.carantaniatattoo.com\/hr\/wp-json\/wp\/v2\/media?parent=63569"}],"wp:term":[{"taxonomy":"product_brand","embeddable":true,"href":"https:\/\/www.carantaniatattoo.com\/hr\/wp-json\/wp\/v2\/product_brand?post=63569"},{"taxonomy":"product_cat","embeddable":true,"href":"https:\/\/www.carantaniatattoo.com\/hr\/wp-json\/wp\/v2\/product_cat?post=63569"},{"taxonomy":"product_tag","embeddable":true,"href":"https:\/\/www.carantaniatattoo.com\/hr\/wp-json\/wp\/v2\/product_tag?post=63569"}],"curies":[{"name":"wp","href":"https:\/\/api.w.org\/{rel}","templated":true}]}}