{"id":37444,"date":"2022-01-24T21:38:22","date_gmt":"2022-01-24T21:38:22","guid":{"rendered":"https:\/\/www.7shop.si\/tattoo\/?page_id=37444"},"modified":"2023-10-26T07:10:18","modified_gmt":"2023-10-26T07:10:18","slug":"pogoji-poslovanja","status":"publish","type":"page","link":"https:\/\/www.carantaniatattoo.com\/it\/condizioni-commerciali\/","title":{"rendered":"CONDIZIONI COMMERCIALI"},"content":{"rendered":"<div data-elementor-type=\"wp-page\" data-elementor-id=\"37444\" class=\"elementor elementor-37444\" data-elementor-post-type=\"page\">\n\t\t\t\t\t\t<section class=\"elementor-section elementor-top-section elementor-element elementor-element-20ced7a elementor-section-boxed elementor-section-height-default elementor-section-height-default\" data-id=\"20ced7a\" data-element_type=\"section\" data-settings=\"{&quot;jet_parallax_layout_list&quot;:[{&quot;jet_parallax_layout_image&quot;:{&quot;url&quot;:&quot;&quot;,&quot;id&quot;:&quot;&quot;,&quot;size&quot;:&quot;&quot;},&quot;_id&quot;:&quot;13a9643&quot;,&quot;jet_parallax_layout_image_tablet&quot;:{&quot;url&quot;:&quot;&quot;,&quot;id&quot;:&quot;&quot;,&quot;size&quot;:&quot;&quot;},&quot;jet_parallax_layout_image_mobile&quot;:{&quot;url&quot;:&quot;&quot;,&quot;id&quot;:&quot;&quot;,&quot;size&quot;:&quot;&quot;},&quot;jet_parallax_layout_speed&quot;:{&quot;unit&quot;:&quot;%&quot;,&quot;size&quot;:50,&quot;sizes&quot;:[]},&quot;jet_parallax_layout_type&quot;:&quot;scroll&quot;,&quot;jet_parallax_layout_direction&quot;:&quot;1&quot;,&quot;jet_parallax_layout_fx_direction&quot;:null,&quot;jet_parallax_layout_z_index&quot;:&quot;&quot;,&quot;jet_parallax_layout_bg_x&quot;:50,&quot;jet_parallax_layout_bg_x_tablet&quot;:&quot;&quot;,&quot;jet_parallax_layout_bg_x_mobile&quot;:&quot;&quot;,&quot;jet_parallax_layout_bg_y&quot;:50,&quot;jet_parallax_layout_bg_y_tablet&quot;:&quot;&quot;,&quot;jet_parallax_layout_bg_y_mobile&quot;:&quot;&quot;,&quot;jet_parallax_layout_bg_size&quot;:&quot;auto&quot;,&quot;jet_parallax_layout_bg_size_tablet&quot;:&quot;&quot;,&quot;jet_parallax_layout_bg_size_mobile&quot;:&quot;&quot;,&quot;jet_parallax_layout_animation_prop&quot;:&quot;transform&quot;,&quot;jet_parallax_layout_on&quot;:[&quot;desktop&quot;,&quot;tablet&quot;]}]}\">\n\t\t\t\t\t\t<div class=\"elementor-container elementor-column-gap-default\">\n\t\t\t\t\t<div class=\"elementor-column elementor-col-100 elementor-top-column elementor-element elementor-element-13d3490\" data-id=\"13d3490\" data-element_type=\"column\">\n\t\t\t<div class=\"elementor-widget-wrap elementor-element-populated\">\n\t\t\t\t\t\t<div class=\"elementor-element elementor-element-57e0b60 elementor-widget elementor-widget-heading\" data-id=\"57e0b60\" data-element_type=\"widget\" data-widget_type=\"heading.default\">\n\t\t\t\t<div class=\"elementor-widget-container\">\n\t\t\t\t\t<h2 class=\"elementor-heading-title elementor-size-default\">CONDIZIONI COMMERCIALI<\/h2>\t\t\t\t<\/div>\n\t\t\t\t<\/div>\n\t\t\t\t<div class=\"elementor-element elementor-element-af1da5e elementor-widget elementor-widget-heading\" data-id=\"af1da5e\" data-element_type=\"widget\" data-widget_type=\"heading.default\">\n\t\t\t\t<div class=\"elementor-widget-container\">\n\t\t\t\t\t<h2 class=\"elementor-heading-title elementor-size-default\">1. Condizioni generali<\/h2>\t\t\t\t<\/div>\n\t\t\t\t<\/div>\n\t\t\t\t<div class=\"elementor-element elementor-element-81d920d elementor-widget elementor-widget-text-editor\" data-id=\"81d920d\" data-element_type=\"widget\" data-widget_type=\"text-editor.default\">\n\t\t\t\t<div class=\"elementor-widget-container\">\n\t\t\t\t\t\t\t\t\t<p>L&#039;ordine vincola la societ\u00e0 NJCC doo e il cliente.<\/p>\t\t\t\t\t\t\t\t<\/div>\n\t\t\t\t<\/div>\n\t\t\t\t<div class=\"elementor-element elementor-element-fb75cef elementor-widget elementor-widget-heading\" data-id=\"fb75cef\" data-element_type=\"widget\" data-widget_type=\"heading.default\">\n\t\t\t\t<div class=\"elementor-widget-container\">\n\t\t\t\t\t<h2 class=\"elementor-heading-title elementor-size-default\">2. ORDINAZIONE<\/h2>\t\t\t\t<\/div>\n\t\t\t\t<\/div>\n\t\t\t\t<div class=\"elementor-element elementor-element-3a8a469 elementor-widget elementor-widget-text-editor\" data-id=\"3a8a469\" data-element_type=\"widget\" data-widget_type=\"text-editor.default\">\n\t\t\t\t<div class=\"elementor-widget-container\">\n\t\t\t\t\t\t\t\t\t<p>Accettiamo ordini nel negozio online CARANTANIA TATTOO, ufficio postale ed e-mail:\u00a0<a href=\"mailto:info@carantaniatattoo.com\" target=\"_blank\" rel=\"noopener noreferrer\">info@carantaniatattoo.com<\/a>. Il modulo d&#039;ordine scritto per le aziende deve contenere: ragione sociale, indirizzo esatto di consegna, persona da contattare, codice fiscale, numero di registrazione, numero di telefono. L&#039;ordine di acquisto ha lo status di un contratto per l&#039;acquirente e il venditore.<\/p>\t\t\t\t\t\t\t\t<\/div>\n\t\t\t\t<\/div>\n\t\t\t\t<div class=\"elementor-element elementor-element-5622bb8 elementor-widget elementor-widget-heading\" data-id=\"5622bb8\" data-element_type=\"widget\" data-widget_type=\"heading.default\">\n\t\t\t\t<div class=\"elementor-widget-container\">\n\t\t\t\t\t<h2 class=\"elementor-heading-title elementor-size-default\">3. CONFERMA DELL&#039;ORDINE<\/h2>\t\t\t\t<\/div>\n\t\t\t\t<\/div>\n\t\t\t\t<div class=\"elementor-element elementor-element-a1ae7b6 elementor-widget elementor-widget-text-editor\" data-id=\"a1ae7b6\" data-element_type=\"widget\" data-widget_type=\"text-editor.default\">\n\t\t\t\t<div class=\"elementor-widget-container\">\n\t\t\t\t\t\t\t\t\t<p>L&#039;ordine sar\u00e0 conservato in formato cartaceo ed elettronico presso la sede di NJCC doo.<\/p>\t\t\t\t\t\t\t\t<\/div>\n\t\t\t\t<\/div>\n\t\t\t\t<div class=\"elementor-element elementor-element-234e5f1 elementor-widget elementor-widget-heading\" data-id=\"234e5f1\" data-element_type=\"widget\" data-widget_type=\"heading.default\">\n\t\t\t\t<div class=\"elementor-widget-container\">\n\t\t\t\t\t<h2 class=\"elementor-heading-title elementor-size-default\">4. PREZZI<\/h2>\t\t\t\t<\/div>\n\t\t\t\t<\/div>\n\t\t\t\t<div class=\"elementor-element elementor-element-38c1e9b elementor-widget elementor-widget-text-editor\" data-id=\"38c1e9b\" data-element_type=\"widget\" data-widget_type=\"text-editor.default\">\n\t\t\t\t<div class=\"elementor-widget-container\">\n\t\t\t\t\t\t\t\t\t<p>I prezzi sono in EUR e sono validi dal 1 gennaio 2017 fino a modifica del listino prezzi o fino a esaurimento scorte. Tutti i prezzi includono il 22% di IVA. I prezzi non includono la consegna. Il prezzo di consegna dipende dal servizio di consegna. Ci riserviamo il diritto di modificare i prezzi senza preavviso a causa di variazioni dei tassi di cambio, miglioramenti tecnici o modifiche agli articoli. La consegna \u00e8 gratuita per tutti gli ordini superiori a EUR 100,00<\/p>\t\t\t\t\t\t\t\t<\/div>\n\t\t\t\t<\/div>\n\t\t\t\t<div class=\"elementor-element elementor-element-21802f9 elementor-widget elementor-widget-heading\" data-id=\"21802f9\" data-element_type=\"widget\" data-widget_type=\"heading.default\">\n\t\t\t\t<div class=\"elementor-widget-container\">\n\t\t\t\t\t<h2 class=\"elementor-heading-title elementor-size-default\">5. MODALIT\u00c0 DI PAGAMENTO<\/h2>\t\t\t\t<\/div>\n\t\t\t\t<\/div>\n\t\t\t\t<div class=\"elementor-element elementor-element-e217f66 elementor-widget elementor-widget-text-editor\" data-id=\"e217f66\" data-element_type=\"widget\" data-widget_type=\"text-editor.default\">\n\t\t\t\t<div class=\"elementor-widget-container\">\n\t\t\t\t\t\t\t\t\t<p>Le persone fisiche o giuridiche possono pagare la merce ordinata tramite pre-fattura o contrassegno al ricevimento della merce (con contanti o carte di pagamento accettate da Po\u0161ta Slovenije e\/o corriere GLS). E&#039; possibile pagare anche tramite conto Paypal.<\/p><p>Se si sceglie il pagamento tramite fattura, questa dovr\u00e0 essere saldata entro tre giorni, altrimenti l&#039;ordine verr\u00e0 annullato.<\/p>\t\t\t\t\t\t\t\t<\/div>\n\t\t\t\t<\/div>\n\t\t\t\t<div class=\"elementor-element elementor-element-e11384f elementor-widget elementor-widget-heading\" data-id=\"e11384f\" data-element_type=\"widget\" data-widget_type=\"heading.default\">\n\t\t\t\t<div class=\"elementor-widget-container\">\n\t\t\t\t\t<h2 class=\"elementor-heading-title elementor-size-default\">6. CONSEGNA<\/h2>\t\t\t\t<\/div>\n\t\t\t\t<\/div>\n\t\t\t\t<div class=\"elementor-element elementor-element-3435bca elementor-widget elementor-widget-text-editor\" data-id=\"3435bca\" data-element_type=\"widget\" data-widget_type=\"text-editor.default\">\n\t\t\t\t<div class=\"elementor-widget-container\">\n\t\t\t\t\t\t\t\t\t<p>Tutti gli ordini effettuati prima delle ore 12 vi verranno spediti tramite pacco di GLS Slovenia o Po\u0161ta Slovenije lo stesso giorno lavorativo o, se diverso, vi avviseremo via e-mail o telefonicamente.<\/p>\t\t\t\t\t\t\t\t<\/div>\n\t\t\t\t<\/div>\n\t\t\t\t<div class=\"elementor-element elementor-element-400913d elementor-widget elementor-widget-heading\" data-id=\"400913d\" data-element_type=\"widget\" data-widget_type=\"heading.default\">\n\t\t\t\t<div class=\"elementor-widget-container\">\n\t\t\t\t\t<h2 class=\"elementor-heading-title elementor-size-default\">7. RECLAMI E RESI<\/h2>\t\t\t\t<\/div>\n\t\t\t\t<\/div>\n\t\t\t\t<div class=\"elementor-element elementor-element-9e6482f elementor-widget elementor-widget-text-editor\" data-id=\"9e6482f\" data-element_type=\"widget\" data-widget_type=\"text-editor.default\">\n\t\t\t\t<div class=\"elementor-widget-container\">\n\t\t\t\t\t\t\t\t\t<p>Hai il diritto di presentare un reclamo in conformit\u00e0 con le disposizioni della legge sulla tutela dei consumatori (ZVP), che determina le procedure per presentare reclami su prodotti o servizi.<br \/>Segnalare e descrivere eventuali reclami tramite e-mail:\u00a0<a href=\"mailto:info@carantaniatattoo.com\" target=\"_blank\" rel=\"noopener noreferrer\">info@carantaniatattoo.com<\/a>\u00a0oppure al numero di telefono: 041 81 81 80.<\/p>\t\t\t\t\t\t\t\t<\/div>\n\t\t\t\t<\/div>\n\t\t\t\t<div class=\"elementor-element elementor-element-070b2e3 elementor-widget elementor-widget-heading\" data-id=\"070b2e3\" data-element_type=\"widget\" data-widget_type=\"heading.default\">\n\t\t\t\t<div class=\"elementor-widget-container\">\n\t\t\t\t\t<h2 class=\"elementor-heading-title elementor-size-default\">8. RECESSO DALL&#039;ORDINE<\/h2>\t\t\t\t<\/div>\n\t\t\t\t<\/div>\n\t\t\t\t<div class=\"elementor-element elementor-element-eb4af59 elementor-widget elementor-widget-text-editor\" data-id=\"eb4af59\" data-element_type=\"widget\" data-widget_type=\"text-editor.default\">\n\t\t\t\t<div class=\"elementor-widget-container\">\n\t\t\t\t\t\t\t\t\t<p>Puoi recedere dall&#039;ordine entro 14 giorni di calendario senza fornire alcuna motivazione. Se hai gi\u00e0 ricevuto la merce, devi comunicarci per iscritto il recesso dal contratto entro 14 giorni dal ricevimento. La merce dovr\u00e0 essere restituita integra, nella sua confezione originale senza segni di tentativi di apertura, e merce non utilizzata in quantit\u00e0 INVARIATE (apparato, istruzioni, parti associate, imballaggio, ecc.), a meno che la merce non venga distrutta, danneggiata, persa oppure la loro quantit\u00e0 viene ridotta senza che sia colpa dell&#039;acquirente. \u00c8 necessario allegare una copia della fattura. La societ\u00e0 NJCC doo restituisce il prezzo di acquisto entro e non oltre 30 giorni dalla data di ricevimento della comunicazione di recesso dal contratto. Il costo a carico del consumatore in caso di recesso dal contratto \u00e8 il costo di restituzione del bene, il costo di imballaggio e consegna da parte del fornitore, nonch\u00e9 il costo della transazione bancaria risultante dal rimborso del prezzo di acquisto. L&#039;acquirente perde la possibilit\u00e0 di recedere dall&#039;ordine a causa di un difetto dell&#039;articolo se non pu\u00f2 restituire l&#039;articolo o non pu\u00f2 restituirlo nello stato in cui lo ha ricevuto.<\/p><p><strong>NON SI ACCETTANO PACCHI:<\/strong><\/p><p>Se non ritiri il pacco, senza comunicazione scritta di recesso dal contratto all&#039;indirizzo\u00a0<a href=\"mailto:info@carantaniatattoo.com\" target=\"_blank\" rel=\"noopener noreferrer\">info@carantaniatattoo.com<\/a>., saremo costretti ad addebitarti le spese di spedizione e restituzione del pacco.<\/p>\t\t\t\t\t\t\t\t<\/div>\n\t\t\t\t<\/div>\n\t\t\t\t<div class=\"elementor-element elementor-element-ad96b59 elementor-widget elementor-widget-heading\" data-id=\"ad96b59\" data-element_type=\"widget\" data-widget_type=\"heading.default\">\n\t\t\t\t<div class=\"elementor-widget-container\">\n\t\t\t\t\t<h2 class=\"elementor-heading-title elementor-size-default\">9. PROTEZIONE DEI DATI<\/h2>\t\t\t\t<\/div>\n\t\t\t\t<\/div>\n\t\t\t\t<div class=\"elementor-element elementor-element-4301c83 elementor-widget elementor-widget-text-editor\" data-id=\"4301c83\" data-element_type=\"widget\" data-widget_type=\"text-editor.default\">\n\t\t\t\t<div class=\"elementor-widget-container\">\n\t\t\t\t\t\t\t\t\t<p>NJCC doo si impegna a proteggere tutti i dati personali. Questi verranno utilizzati esclusivamente per l&#039;invio di materiale informativo, offerte, fatture ed altre comunicazioni necessarie. Non trasmetteremo in nessun caso i tuoi dati a terzi.<\/p>\t\t\t\t\t\t\t\t<\/div>\n\t\t\t\t<\/div>\n\t\t\t\t<div class=\"elementor-element elementor-element-d1bac64 elementor-widget elementor-widget-heading\" data-id=\"d1bac64\" data-element_type=\"widget\" data-widget_type=\"heading.default\">\n\t\t\t\t<div class=\"elementor-widget-container\">\n\t\t\t\t\t<h2 class=\"elementor-heading-title elementor-size-default\">10. CONDIZIONI DI GARANZIA<\/h2>\t\t\t\t<\/div>\n\t\t\t\t<\/div>\n\t\t\t\t<div class=\"elementor-element elementor-element-c36c588 elementor-widget elementor-widget-text-editor\" data-id=\"c36c588\" data-element_type=\"widget\" data-widget_type=\"text-editor.default\">\n\t\t\t\t<div class=\"elementor-widget-container\">\n\t\t\t\t\t\t\t\t\t<p>La scheda di garanzia \u00e8 valida per i prodotti acquistati sulla base della fattura allegata e la data di vendita \u00e8 quella riportata sulla fattura. La garanzia viene richiesta con fattura o copia e certificato di garanzia certificato. Nel caso di prodotti con periodo di garanzia, questo \u00e8 appositamente contrassegnato. La garanzia non si applica agli interventi che sono il risultato dell&#039;uso da parte del consumatore!<\/p><p>La garanzia viene applicata presso il centro di assistenza autorizzato indicato sulla scheda di garanzia. Tutti i difetti, derivanti da un difetto nel materiale o nell&#039;assemblaggio o i cosiddetti &quot;difetti materiali&quot; che si verificano durante il periodo di garanzia verranno riparati gratuitamente.<\/p><p>Se desideri ulteriori informazioni sui servizi autorizzati e sulla garanzia, invia una domanda via e-mail\u00a0<a href=\"mailto:info@carantaniatattoo.com\" target=\"_blank\" rel=\"noopener noreferrer\">info@carantaniatattoo.com<\/a>.<\/p>\t\t\t\t\t\t\t\t<\/div>\n\t\t\t\t<\/div>\n\t\t\t\t<div class=\"elementor-element elementor-element-50a7bc0 elementor-widget elementor-widget-heading\" data-id=\"50a7bc0\" data-element_type=\"widget\" data-widget_type=\"heading.default\">\n\t\t\t\t<div class=\"elementor-widget-container\">\n\t\t\t\t\t<h2 class=\"elementor-heading-title elementor-size-default\">11. ALTRI TERMINI<\/h2>\t\t\t\t<\/div>\n\t\t\t\t<\/div>\n\t\t\t\t<div class=\"elementor-element elementor-element-ffdf2e9 elementor-widget elementor-widget-text-editor\" data-id=\"ffdf2e9\" data-element_type=\"widget\" data-widget_type=\"text-editor.default\">\n\t\t\t\t<div class=\"elementor-widget-container\">\n\t\t\t\t\t\t\t\t\t<p>In caso di ritardo nel pagamento ci riserviamo il diritto di addebitare gli interessi di mora ai sensi della legge sugli interessi di mora e di addebitare le spese di sollecito e di riscossione. Per altri diritti e obblighi valgono le disposizioni di legge vigenti. Tutte le controversie verranno risolte previo accordo tra le parti. Se non riuscissimo a raggiungere un accordo, la controversia sar\u00e0 risolta da un tribunale competente.<\/p>\t\t\t\t\t\t\t\t<\/div>\n\t\t\t\t<\/div>\n\t\t\t\t\t<\/div>\n\t\t<\/div>\n\t\t\t\t\t<\/div>\n\t\t<\/section>\n\t\t\t\t<\/div>","protected":false},"excerpt":{"rendered":"<p>POGOJI POSLOVANJA 1. Splo\u0161ni pogoji Naro\u010dilo zavezuje podjetje NJCC d.o.o. in kupca. 2. NARO\u010cANJE Naro\u010dila sprejemamo v CARANTANIA TATTOO spletni trgovini, po\u0161ti in e-po\u0161ti:\u00a0info@carantaniatattoo.com. Pisna naro\u010dilnica za podjetja mora vsebovati: naziv podjetja, to\u010den naslov za dostavo, kontaktno osebo, dav\u010dno \u0161tevilko, mati\u010dno \u0161tevilko, telefonsko \u0161tevilko. Naro\u010dilnica ima za kupca in prodajalca status pogodbe. 3. POTRDILO O [&hellip;]<\/p>","protected":false},"author":1,"featured_media":0,"parent":0,"menu_order":0,"comment_status":"closed","ping_status":"closed","template":"","meta":{"_seopress_robots_primary_cat":"","_seopress_titles_title":"","_seopress_titles_desc":"","_seopress_robots_index":"","footnotes":""},"class_list":["post-37444","page","type-page","status-publish","hentry","entry"],"_links":{"self":[{"href":"https:\/\/www.carantaniatattoo.com\/it\/wp-json\/wp\/v2\/pages\/37444","targetHints":{"allow":["GET"]}}],"collection":[{"href":"https:\/\/www.carantaniatattoo.com\/it\/wp-json\/wp\/v2\/pages"}],"about":[{"href":"https:\/\/www.carantaniatattoo.com\/it\/wp-json\/wp\/v2\/types\/page"}],"author":[{"embeddable":true,"href":"https:\/\/www.carantaniatattoo.com\/it\/wp-json\/wp\/v2\/users\/1"}],"replies":[{"embeddable":true,"href":"https:\/\/www.carantaniatattoo.com\/it\/wp-json\/wp\/v2\/comments?post=37444"}],"version-history":[{"count":0,"href":"https:\/\/www.carantaniatattoo.com\/it\/wp-json\/wp\/v2\/pages\/37444\/revisions"}],"wp:attachment":[{"href":"https:\/\/www.carantaniatattoo.com\/it\/wp-json\/wp\/v2\/media?parent=37444"}],"curies":[{"name":"wp","href":"https:\/\/api.w.org\/{rel}","templated":true}]}}