{"id":37448,"date":"2022-01-24T21:39:12","date_gmt":"2022-01-24T21:39:12","guid":{"rendered":"https:\/\/www.7shop.si\/tattoo\/?page_id=37448"},"modified":"2025-10-15T15:57:10","modified_gmt":"2025-10-15T15:57:10","slug":"servis-aparatov","status":"publish","type":"page","link":"https:\/\/www.carantaniatattoo.com\/it\/servizio-elettrodomestici\/","title":{"rendered":"SERVIZIO DI ELETTRODOMESTICI"},"content":{"rendered":"<div data-elementor-type=\"wp-page\" data-elementor-id=\"37448\" class=\"elementor elementor-37448\" data-elementor-post-type=\"page\">\n\t\t\t\t\t\t<section class=\"elementor-section elementor-top-section elementor-element elementor-element-52a4462 elementor-section-boxed elementor-section-height-default elementor-section-height-default\" data-id=\"52a4462\" data-element_type=\"section\" data-settings=\"{&quot;jet_parallax_layout_list&quot;:[{&quot;jet_parallax_layout_image&quot;:{&quot;url&quot;:&quot;&quot;,&quot;id&quot;:&quot;&quot;,&quot;size&quot;:&quot;&quot;},&quot;_id&quot;:&quot;50d4fa2&quot;,&quot;jet_parallax_layout_image_tablet&quot;:{&quot;url&quot;:&quot;&quot;,&quot;id&quot;:&quot;&quot;,&quot;size&quot;:&quot;&quot;},&quot;jet_parallax_layout_image_mobile&quot;:{&quot;url&quot;:&quot;&quot;,&quot;id&quot;:&quot;&quot;,&quot;size&quot;:&quot;&quot;},&quot;jet_parallax_layout_speed&quot;:{&quot;unit&quot;:&quot;%&quot;,&quot;size&quot;:50,&quot;sizes&quot;:[]},&quot;jet_parallax_layout_type&quot;:&quot;scroll&quot;,&quot;jet_parallax_layout_direction&quot;:&quot;1&quot;,&quot;jet_parallax_layout_fx_direction&quot;:null,&quot;jet_parallax_layout_z_index&quot;:&quot;&quot;,&quot;jet_parallax_layout_bg_x&quot;:50,&quot;jet_parallax_layout_bg_x_tablet&quot;:&quot;&quot;,&quot;jet_parallax_layout_bg_x_mobile&quot;:&quot;&quot;,&quot;jet_parallax_layout_bg_y&quot;:50,&quot;jet_parallax_layout_bg_y_tablet&quot;:&quot;&quot;,&quot;jet_parallax_layout_bg_y_mobile&quot;:&quot;&quot;,&quot;jet_parallax_layout_bg_size&quot;:&quot;auto&quot;,&quot;jet_parallax_layout_bg_size_tablet&quot;:&quot;&quot;,&quot;jet_parallax_layout_bg_size_mobile&quot;:&quot;&quot;,&quot;jet_parallax_layout_animation_prop&quot;:&quot;transform&quot;,&quot;jet_parallax_layout_on&quot;:[&quot;desktop&quot;,&quot;tablet&quot;]}]}\">\n\t\t\t\t\t\t<div class=\"elementor-container elementor-column-gap-default\">\n\t\t\t\t\t<div class=\"elementor-column elementor-col-100 elementor-top-column elementor-element elementor-element-a201026\" data-id=\"a201026\" data-element_type=\"column\">\n\t\t\t<div class=\"elementor-widget-wrap elementor-element-populated\">\n\t\t\t\t\t\t<div class=\"elementor-element elementor-element-b88135d elementor-widget elementor-widget-heading\" data-id=\"b88135d\" data-element_type=\"widget\" data-widget_type=\"heading.default\">\n\t\t\t\t<div class=\"elementor-widget-container\">\n\t\t\t\t\t<h2 class=\"elementor-heading-title elementor-size-default\">SERVIZIO DI ELETTRODOMESTICI<\/h2>\t\t\t\t<\/div>\n\t\t\t\t<\/div>\n\t\t\t\t<div class=\"elementor-element elementor-element-1bdcbfc elementor-widget elementor-widget-text-editor\" data-id=\"1bdcbfc\" data-element_type=\"widget\" data-widget_type=\"text-editor.default\">\n\t\t\t\t<div class=\"elementor-widget-container\">\n\t\t\t\t\t\t\t\t\t<p>Se richiedi la garanzia, ti chiediamo di allegare una copia della fattura al dispositivo inviato e di attribuire l&#039;errore descritto. Prova a descrivere l&#039;errore nel modo pi\u00f9 dettagliato possibile. I servizi di servizio non sono forniti da NJCC doo, il negozio online di Carantania Tattoo, ma vengono eseguiti presso la sede del produttore. Senza fattura non \u00e8 possibile far valere la garanzia.<\/p><p>Se il dispositivo non \u00e8 in garanzia, ma desideri che venga riparato, descrivi l&#039;errore. Puoi inviare il dispositivo tu stesso o in un dominio con noi.<\/p><p>Per qualsiasi ulteriore informazione siamo a disposizione al: 041 818 180 oppure\u00a0<a href=\"mailto:info@carantaniatattoo.com\">info@carantaniatattoo.com<\/a>.<\/p><p>Collegamento a<a href=\"https:\/\/cheyennetattoo.com\/en\/cheyenne-service\/repair-service\" target=\"_blank\" rel=\"noopener\">\u00a0Forma Cheyenne<\/a>, per far valere la garanzia o per il servizio.<\/p>\t\t\t\t\t\t\t\t<\/div>\n\t\t\t\t<\/div>\n\t\t\t\t\t<\/div>\n\t\t<\/div>\n\t\t\t\t\t<\/div>\n\t\t<\/section>\n\t\t\t\t<\/div>","protected":false},"excerpt":{"rendered":"<p>SERVIS APARATOV \u010ce uveljavljate garancijo, vas napro\u0161amo, da poslanemu aparatu prilo\u017eite kopijo ra\u010duna in pripi\u0161ete opisano napako. Napako poskusite \u010dim bolj podrobno opisati. Servisnih storitev ne nudi NJCC d.o.o., spletna prodajalna Carantania Tattoo, temve\u010d se izvaja na sede\u017eu proizvajalca. Brez ra\u010duna se garancija ne more uveljavljati. V kolikor aparat ni v garanciji, vendar bi \u017eeleli [&hellip;]<\/p>","protected":false},"author":1,"featured_media":0,"parent":0,"menu_order":0,"comment_status":"closed","ping_status":"closed","template":"","meta":{"_seopress_robots_primary_cat":"","_seopress_titles_title":"","_seopress_titles_desc":"","_seopress_robots_index":"","footnotes":""},"class_list":["post-37448","page","type-page","status-publish","hentry","entry"],"_links":{"self":[{"href":"https:\/\/www.carantaniatattoo.com\/it\/wp-json\/wp\/v2\/pages\/37448","targetHints":{"allow":["GET"]}}],"collection":[{"href":"https:\/\/www.carantaniatattoo.com\/it\/wp-json\/wp\/v2\/pages"}],"about":[{"href":"https:\/\/www.carantaniatattoo.com\/it\/wp-json\/wp\/v2\/types\/page"}],"author":[{"embeddable":true,"href":"https:\/\/www.carantaniatattoo.com\/it\/wp-json\/wp\/v2\/users\/1"}],"replies":[{"embeddable":true,"href":"https:\/\/www.carantaniatattoo.com\/it\/wp-json\/wp\/v2\/comments?post=37448"}],"version-history":[{"count":0,"href":"https:\/\/www.carantaniatattoo.com\/it\/wp-json\/wp\/v2\/pages\/37448\/revisions"}],"wp:attachment":[{"href":"https:\/\/www.carantaniatattoo.com\/it\/wp-json\/wp\/v2\/media?parent=37448"}],"curies":[{"name":"wp","href":"https:\/\/api.w.org\/{rel}","templated":true}]}}