{"id":44208,"date":"2022-09-27T11:30:43","date_gmt":"2022-09-27T11:30:43","guid":{"rendered":"https:\/\/www.carantaniatattoo.com\/?page_id=44208"},"modified":"2022-11-10T08:25:16","modified_gmt":"2022-11-10T08:25:16","slug":"novice","status":"publish","type":"page","link":"https:\/\/www.carantaniatattoo.com\/it\/notizia\/","title":{"rendered":"NOTIZIA"},"content":{"rendered":"<div data-elementor-type=\"wp-page\" data-elementor-id=\"44208\" class=\"elementor elementor-44208\" data-elementor-post-type=\"page\">\n\t\t\t\t\t\t<section class=\"elementor-section elementor-top-section elementor-element elementor-element-1a09fdb elementor-section-boxed elementor-section-height-default elementor-section-height-default\" data-id=\"1a09fdb\" data-element_type=\"section\" data-settings=\"{&quot;jet_parallax_layout_list&quot;:[]}\">\n\t\t\t\t\t\t<div class=\"elementor-container elementor-column-gap-default\">\n\t\t\t\t\t<div class=\"elementor-column elementor-col-100 elementor-top-column elementor-element elementor-element-a070b5c\" data-id=\"a070b5c\" data-element_type=\"column\">\n\t\t\t<div class=\"elementor-widget-wrap elementor-element-populated\">\n\t\t\t\t\t\t<div class=\"elementor-element elementor-element-e3b46b7 elementor-widget elementor-widget-text-editor\" data-id=\"e3b46b7\" data-element_type=\"widget\" data-widget_type=\"text-editor.default\">\n\t\t\t\t<div class=\"elementor-widget-container\">\n\t\t\t\t\t\t\t\t\t<h1><strong>REGOLAMENTO REACH<\/strong><\/h1>\n<p>Da <strong>4 gennaio 2022<\/strong>&nbsp;il regolamento \u00e8 in vigore<strong> REACH \u2013 uso di inchiostri\/miscele per tatuaggi.<\/strong> La nuova legge, tra le altre cose, limita l\u2019uso di alcuni pigmenti e conservanti nell\u2019inchiostro dei tatuaggi. Una delle sostanze vietate \u00e8 l&#039;isopropanolo. Gli inchiostri contenenti questo componente non devono pi\u00f9 essere utilizzati dal 4 gennaio 2022 in poi.&nbsp;<\/p>\n<p>I pigmenti &quot;Blu 15:3&quot; e &quot;Verde 7&quot; hanno un periodo di transizione, vale a dire fino a <strong>Gennaio 2023<\/strong>.&nbsp;<\/p>\n<p><\/p>\n<p><strong>PER LA TUA CONOSCENZA<\/strong><\/p>\n<p>I pigmenti citati (blu 15:3 e verde 7) vengono utilizzati anche nei nuovi composti per tatuaggi (collezioni di nuovi produttori) e saranno anch&#039;essi vietati da gennaio 2023.&nbsp;<strong><span style=\"font-family: 'Open Sans', sans-serif; font-size: 15px; font-style: normal; font-variant-ligatures: normal; font-variant-caps: normal; letter-spacing: 0.6px; color: var( --e-global-color-text ); background-color: rgba(242, 242, 242, 0); text-transform: var( --e-global-typography-703b45f-text-transform ); word-spacing: var( --e-global-typography-703b45f-word-spacing );\">Nuovi inchiostri sono ancora in fase di sviluppo e sostituiranno quelli esistenti&nbsp;<\/span><\/strong><span style=\"font-family: 'Open Sans', sans-serif; font-size: 15px; font-style: normal; font-variant-ligatures: normal; font-variant-caps: normal; letter-spacing: 0.6px; color: var( --e-global-color-text ); background-color: rgba(242, 242, 242, 0); text-transform: var( --e-global-typography-703b45f-text-transform ); word-spacing: var( --e-global-typography-703b45f-word-spacing );\">(anche quelli situati nelle nuove serie, da gennaio 2022).&nbsp;<\/span><\/p>\t\t\t\t\t\t\t\t<\/div>\n\t\t\t\t<\/div>\n\t\t\t\t\t<\/div>\n\t\t<\/div>\n\t\t\t\t\t<\/div>\n\t\t<\/section>\n\t\t\t\t<\/div>","protected":false},"excerpt":{"rendered":"<p>REACH UREDBA Od 4. januarja 2022&nbsp;je v veljavi uredba REACH &#8211; uporaba tattoo barv\/zmesi. Novi zakon, med drugim, omejuje uporabo nekaterih pigmentov in konzervansov v \u010drnilu za tetoviranje. Ena od prepovedanih snovi je izopropanol. \u010crnila, ki vsebujejo to komponento, ne smete ve\u010d uporabljati od 4. januarja 2022 dalje.&nbsp; Pigmenta &#8220;Modra 15:3&#8221; in &#8220;Zelena 7&#8221; imata [&hellip;]<\/p>","protected":false},"author":12,"featured_media":0,"parent":0,"menu_order":0,"comment_status":"closed","ping_status":"closed","template":"","meta":{"_seopress_robots_primary_cat":"","_seopress_titles_title":"NOVICE | Carantania Tattoo","_seopress_titles_desc":"","_seopress_robots_index":"","footnotes":""},"class_list":["post-44208","page","type-page","status-publish","hentry","entry"],"_links":{"self":[{"href":"https:\/\/www.carantaniatattoo.com\/it\/wp-json\/wp\/v2\/pages\/44208","targetHints":{"allow":["GET"]}}],"collection":[{"href":"https:\/\/www.carantaniatattoo.com\/it\/wp-json\/wp\/v2\/pages"}],"about":[{"href":"https:\/\/www.carantaniatattoo.com\/it\/wp-json\/wp\/v2\/types\/page"}],"author":[{"embeddable":true,"href":"https:\/\/www.carantaniatattoo.com\/it\/wp-json\/wp\/v2\/users\/12"}],"replies":[{"embeddable":true,"href":"https:\/\/www.carantaniatattoo.com\/it\/wp-json\/wp\/v2\/comments?post=44208"}],"version-history":[{"count":0,"href":"https:\/\/www.carantaniatattoo.com\/it\/wp-json\/wp\/v2\/pages\/44208\/revisions"}],"wp:attachment":[{"href":"https:\/\/www.carantaniatattoo.com\/it\/wp-json\/wp\/v2\/media?parent=44208"}],"curies":[{"name":"wp","href":"https:\/\/api.w.org\/{rel}","templated":true}]}}