{"id":25525,"date":"2016-10-18T09:32:01","date_gmt":"2016-10-18T09:32:01","guid":{"rendered":"https:\/\/www.ivh6.si\/Ponudbe\/tattoo\/izdelek\/dragonfly-x2\/"},"modified":"2022-07-07T06:31:59","modified_gmt":"2022-07-07T06:31:59","slug":"dragonfly-x2","status":"publish","type":"product","link":"https:\/\/www.carantaniatattoo.com\/it\/trgovina\/strojcki-za-tetoviranje\/ink-machines\/libellula-x2\/","title":{"rendered":"DRAGONFLY X2"},"content":{"rendered":"<h4>DRAGONFLY X2<\/h4>\n<p><strong>Presentazione del nuovo e migliorato DRAGONFLY X2.<\/strong><\/p>\n<p>1. Nuovo motore svizzero pi\u00f9 potente, realizzato esclusivamente per i modelli X2. Motore con potenza 6W ed alta efficienza energetica (86 %). Ottimale per il funzionamento con RPP-600. Funziona su tutti i tipi di aghi.<br \/>\n2. Lunghezza della capsula regolabile. Tre lunghezze possibili: 2,6 mm, 3,7 mm, 4,5 mm con lo stesso eccentrico.<br \/>\n3. Facile sostituzione dell&#039;ago. Se si utilizzano aghi a cartuccia, si consiglia di rimuovere la molla per evitare pressione sul motore. L&#039;X2 ha una copertura sul telaio che ti d\u00e0 un rapido accesso alle molle.<br \/>\n4. Personalizzazione migliore e pi\u00f9 semplice. Il nuovo cappuccio con smorzatore incorporato previene il rumore eccessivo se si hanno impostazioni pi\u00f9 morbide.<br \/>\n5. X2 \u00e8 pi\u00f9 preciso, il modello \u00e8 migliorato anche per quanto riguarda la composizione dei materiali.<\/p>\n<p>Prodotto in Svezia.<\/p>\n<p>PER ORDINARE<\/p>\n<p>Colori:<br \/>\n\u2013 Rosso diabolico<br \/>\n\u2013 Nero malvagio<br \/>\n\u2013 Blu demoniaco<br \/>\n\u2013 Calce pazza<br \/>\n\u2013 Viola intenso<br \/>\n\u2013 Rosa seducente<\/p>\n<p>Dati tecnici<\/p>\n<p>Voltaggio in ingresso: 0-13 volt CC (max. 13 volt CC)<br \/>\nConnettori di alimentazione: RCA o clipcord (il diametro massimo dell&#039;estremit\u00e0 del clipcord \u00e8 \u00d81,6 mm)<br \/>\nGamma giri\/min: 0 - 8000 giri\/min 0-130\/sec<br \/>\nLunghezza corsa: 2,6, 3,7 e 4,5 mm, regolabile<br \/>\nSospensione: 0 \u2013 2 mm<br \/>\nMassimo. diametro impugnatura: \u00d88 mm<br \/>\nMassimo. dimensione dell&#039;ago: 50 magnum<br \/>\nPeso: 80 grammi<br \/>\nDimensioni LxPxA: 90 x 21 x 77 mm<\/p>","protected":false},"excerpt":{"rendered":"<p><strong>Presentazione del nuovo e migliorato DRAGONFLY X2.<\/strong><br \/>\nPredstavljamo vam novo izpopolnjeno Dragonfly X2 z novim mo\u010dnej\u0161im \u0161vicarskim motorjem, izdelanim ekskluzivno za modele X2. Optimalna za delovanje z RPP-600. Deluje na vse vrste igel.<br \/>\nX2 je bolj natan\u010dna, model je izbolj\u0161an tudi kar se ti\u010de same sestave materialov.<br \/>\nProdotto in Svezia.<\/p>","protected":false},"featured_media":35581,"template":"","meta":{"_seopress_robots_primary_cat":"none","_seopress_titles_title":"","_seopress_titles_desc":"","_seopress_robots_index":""},"product_brand":[],"product_cat":[205,202],"product_tag":[],"class_list":{"0":"post-25525","1":"product","2":"type-product","3":"status-publish","4":"has-post-thumbnail","6":"product_cat-ink-machines","7":"product_cat-strojcki-za-tetoviranje","8":"entry","9":"has-media","11":"first","12":"instock","13":"sale","14":"taxable","15":"shipping-taxable","16":"purchasable","17":"product-type-variable"},"_links":{"self":[{"href":"https:\/\/www.carantaniatattoo.com\/it\/wp-json\/wp\/v2\/product\/25525","targetHints":{"allow":["GET"]}}],"collection":[{"href":"https:\/\/www.carantaniatattoo.com\/it\/wp-json\/wp\/v2\/product"}],"about":[{"href":"https:\/\/www.carantaniatattoo.com\/it\/wp-json\/wp\/v2\/types\/product"}],"version-history":[{"count":0,"href":"https:\/\/www.carantaniatattoo.com\/it\/wp-json\/wp\/v2\/product\/25525\/revisions"}],"wp:featuredmedia":[{"embeddable":true,"href":"https:\/\/www.carantaniatattoo.com\/it\/wp-json\/wp\/v2\/media\/35581"}],"wp:attachment":[{"href":"https:\/\/www.carantaniatattoo.com\/it\/wp-json\/wp\/v2\/media?parent=25525"}],"wp:term":[{"taxonomy":"product_brand","embeddable":true,"href":"https:\/\/www.carantaniatattoo.com\/it\/wp-json\/wp\/v2\/product_brand?post=25525"},{"taxonomy":"product_cat","embeddable":true,"href":"https:\/\/www.carantaniatattoo.com\/it\/wp-json\/wp\/v2\/product_cat?post=25525"},{"taxonomy":"product_tag","embeddable":true,"href":"https:\/\/www.carantaniatattoo.com\/it\/wp-json\/wp\/v2\/product_tag?post=25525"}],"curies":[{"name":"wp","href":"https:\/\/api.w.org\/{rel}","templated":true}]}}