{"id":25647,"date":"2015-02-12T12:07:58","date_gmt":"2015-02-12T12:07:58","guid":{"rendered":"https:\/\/www.ivh6.si\/Ponudbe\/tattoo\/izdelek\/dermalize-pro-protective-tattoo-film-15cmx10m\/"},"modified":"2026-03-02T10:08:18","modified_gmt":"2026-03-02T10:08:18","slug":"dermalize-pro-protective-tattoo-film-15cmx10m","status":"publish","type":"product","link":"https:\/\/www.carantaniatattoo.com\/it\/trgovina\/nega-koze-po-tetoviranju\/folije-in-oblizi\/dermalize-pro-pellicola-protettiva-per-tatuaggi-15-cm-x-10-m\/","title":{"rendered":"Pellicola per tatuaggi DERMALIZE PRO PROTECTIVE 15 cm x 10 m"},"content":{"rendered":"<h3>Dermalizzare la pellicola protettiva per tatuaggi PRO<\/h3>\n<p>Dermalize Foil \u00e8 un prodotto appositamente progettato per prendersi cura del tuo tatuaggio fresco.<br \/>\nVelikost: 15cm x 10m<\/p>\n<p>COME USARE:<br \/>\nQuando lo usi per la prima volta, lascia la pellicola sul tatuaggio fresco per 12-24 ore. Dopo averlo rimosso, pulire il tatuaggio e applicare una nuova pellicola per 24-48 ore.<br \/>\nPrima di ogni utilizzo della pellicola \u00e8 necessario pulire accuratamente la pelle con sapone e asciugarla bene. Piccole quantit\u00e0 di sanguinamento dalla ferita sono normali durante il periodo di guarigione.<br \/>\nIn caso di sanguinamento abbondante, rimuovere la pellicola, lavare nuovamente bene con acqua e sapone, asciugare e applicare una nuova pellicola.<br \/>\nSe la lamina si allenta o lascia esposta parte del tatuaggio, sostituirla con una nuova.<\/p>\n<p>RIMOZIONE DELLA FOGLIA:<br \/>\nQuando rimuovi la pellicola, fai attenzione a iniziare a rimuovere da un lato all&#039;altro. Rimuovere la pellicola lentamente, non troppo bruscamente e non troppo velocemente.<\/p>\n<p><!--more--><\/p>","protected":false},"excerpt":{"rendered":"<p>Dermalizzare la pellicola protettiva per tatuaggi PRO<br \/>\nDermalize PRO folija je produkt, zasnovan posebej za nego va\u0161ega sve\u017eega tattooja.<br \/>\nSve\u017ee narajen tattoo \u0161\u010diti pred zunanjimi vplivi in abrazijami, obenem pa pospe\u0161uje celjenje rane.<br \/>\nDimensioni: 10 x 15 cm<\/p>","protected":false},"featured_media":62503,"template":"","meta":{"_seopress_robots_primary_cat":"none","_seopress_titles_title":"","_seopress_titles_desc":"","_seopress_robots_index":""},"product_brand":[],"product_cat":[244,245,206,233],"product_tag":[],"class_list":{"0":"post-25647","1":"product","2":"type-product","3":"status-publish","4":"has-post-thumbnail","6":"product_cat-folije-in-oblizi","7":"product_cat-folije-za-zascito-tetovirane-koze","8":"product_cat-higiena","9":"product_cat-nega-koze-po-tetoviranju","10":"entry","11":"has-media","13":"first","14":"instock","15":"sale","16":"taxable","17":"shipping-taxable","18":"purchasable","19":"product-type-simple"},"_links":{"self":[{"href":"https:\/\/www.carantaniatattoo.com\/it\/wp-json\/wp\/v2\/product\/25647","targetHints":{"allow":["GET"]}}],"collection":[{"href":"https:\/\/www.carantaniatattoo.com\/it\/wp-json\/wp\/v2\/product"}],"about":[{"href":"https:\/\/www.carantaniatattoo.com\/it\/wp-json\/wp\/v2\/types\/product"}],"version-history":[{"count":0,"href":"https:\/\/www.carantaniatattoo.com\/it\/wp-json\/wp\/v2\/product\/25647\/revisions"}],"wp:featuredmedia":[{"embeddable":true,"href":"https:\/\/www.carantaniatattoo.com\/it\/wp-json\/wp\/v2\/media\/62503"}],"wp:attachment":[{"href":"https:\/\/www.carantaniatattoo.com\/it\/wp-json\/wp\/v2\/media?parent=25647"}],"wp:term":[{"taxonomy":"product_brand","embeddable":true,"href":"https:\/\/www.carantaniatattoo.com\/it\/wp-json\/wp\/v2\/product_brand?post=25647"},{"taxonomy":"product_cat","embeddable":true,"href":"https:\/\/www.carantaniatattoo.com\/it\/wp-json\/wp\/v2\/product_cat?post=25647"},{"taxonomy":"product_tag","embeddable":true,"href":"https:\/\/www.carantaniatattoo.com\/it\/wp-json\/wp\/v2\/product_tag?post=25647"}],"curies":[{"name":"wp","href":"https:\/\/api.w.org\/{rel}","templated":true}]}}