{"id":25654,"date":"2015-10-13T04:46:00","date_gmt":"2015-10-13T04:46:00","guid":{"rendered":"https:\/\/www.ivh6.si\/Ponudbe\/tattoo\/izdelek\/elasticni-trak-za-zascito-5cm\/"},"modified":"2025-04-10T08:28:48","modified_gmt":"2025-04-10T08:28:48","slug":"elasticni-trak-za-zascito-5cm","status":"publish","type":"product","link":"https:\/\/www.carantaniatattoo.com\/it\/trgovina\/pripomocki-za-delo\/zascitne-vrecke-in-gripi\/fascia-elastica-di-protezione-5-cm-2\/","title":{"rendered":"NASTRO ELASTICO DI PROTEZIONE 5cm"},"content":{"rendered":"<h3>NASTRO ELASTICO DI PROTEZIONE<\/h3>\n<p>Una benda elastica per proteggere l&#039;impugnatura e il rifinitore, che allo stesso tempo consente una migliore presa sull&#039;impugnatura<br \/>\nmentre tatuavo. La larghezza dell&#039;elastico \u00e8 di 5 cm e la lunghezza \u00e8 di 4,5 m.<\/p>\n<p>\u2013 Offre una presa migliore; fornisce una presa solida soprattutto per quelle maniglie che non hanno o hanno una consistenza minima.<br \/>\n- Riduce le vibrazioni: il materiale morbido assorbe le vibrazioni ed \u00e8 delicato sulle mani.<br \/>\n- Fornisce protezione: protegge la macchinetta per tatuaggi e quindi riduce la necessit\u00e0 di pulizia.<br \/>\n\u2013 Rimozione senza residui \u2013 Con gomma naturale autoadesiva si rimuove senza lasciare residui.<\/p>\n<p>Dimensioni: 5 cm x 4,5 mt<br \/>\nBarve: modra, \u010drna, zelena, rde\u010da<\/p>\n<p><!--more--><\/p>\n<p>&nbsp;<\/p>","protected":false},"excerpt":{"rendered":"<p>Elasti\u010dni trak za za\u0161\u010dito gripa in tattoo stroj\u010dka.<br \/>\nNudi bolj\u0161i oprijem, za\u0161\u010diti, zmanj\u0161uje vibracije.<br \/>\nColori: blu, nero, verde, arancione, rosso, viola<br \/>\nDimenzije: 5 x 450 cm<\/p>","protected":false},"featured_media":35614,"template":"","meta":{"_seopress_robots_primary_cat":"none","_seopress_titles_title":"","_seopress_titles_desc":"","_seopress_robots_index":""},"product_brand":[],"product_cat":[209,221],"product_tag":[],"class_list":{"0":"post-25654","1":"product","2":"type-product","3":"status-publish","4":"has-post-thumbnail","6":"product_cat-pripomocki-za-delo","7":"product_cat-zascitne-vrecke-in-gripi","8":"entry","9":"has-media","11":"first","12":"instock","13":"sale","14":"taxable","15":"shipping-taxable","16":"purchasable","17":"product-type-variable"},"_links":{"self":[{"href":"https:\/\/www.carantaniatattoo.com\/it\/wp-json\/wp\/v2\/product\/25654","targetHints":{"allow":["GET"]}}],"collection":[{"href":"https:\/\/www.carantaniatattoo.com\/it\/wp-json\/wp\/v2\/product"}],"about":[{"href":"https:\/\/www.carantaniatattoo.com\/it\/wp-json\/wp\/v2\/types\/product"}],"version-history":[{"count":0,"href":"https:\/\/www.carantaniatattoo.com\/it\/wp-json\/wp\/v2\/product\/25654\/revisions"}],"wp:featuredmedia":[{"embeddable":true,"href":"https:\/\/www.carantaniatattoo.com\/it\/wp-json\/wp\/v2\/media\/35614"}],"wp:attachment":[{"href":"https:\/\/www.carantaniatattoo.com\/it\/wp-json\/wp\/v2\/media?parent=25654"}],"wp:term":[{"taxonomy":"product_brand","embeddable":true,"href":"https:\/\/www.carantaniatattoo.com\/it\/wp-json\/wp\/v2\/product_brand?post=25654"},{"taxonomy":"product_cat","embeddable":true,"href":"https:\/\/www.carantaniatattoo.com\/it\/wp-json\/wp\/v2\/product_cat?post=25654"},{"taxonomy":"product_tag","embeddable":true,"href":"https:\/\/www.carantaniatattoo.com\/it\/wp-json\/wp\/v2\/product_tag?post=25654"}],"curies":[{"name":"wp","href":"https:\/\/api.w.org\/{rel}","templated":true}]}}