{"id":25787,"date":"2017-01-17T14:34:36","date_gmt":"2017-01-17T14:34:36","guid":{"rendered":"https:\/\/www.ivh6.si\/Ponudbe\/tattoo\/izdelek\/ghost-magnum-035mm\/"},"modified":"2025-08-13T10:30:38","modified_gmt":"2025-08-13T10:30:38","slug":"ghost-magnum-035mm","status":"publish","type":"product","link":"https:\/\/www.carantaniatattoo.com\/it\/trgovina\/igle-za-tetoviranje\/ghost-cartridge-needles\/fantasma-magnum-035mm\/","title":{"rendered":"FANTASMA Magnum 0,35 mm"},"content":{"rendered":"<h4>FANTASMA Magnum 0,35 mm<\/h4>\n<p>MAGNUM FANTASMA:<br \/>\nGli aghi sono raccolti in due file. Sono utilizzati principalmente per mescolare pigmenti e tatuare aree pi\u00f9 grandi.<br \/>\nSono disponibili due diversi spessori; 30 mm o 35 mm.<\/p>\n<p>NUOVI aghi per tatuaggio a cartuccia con sigillo di sicurezza flessibile e punte degli aghi per tatuaggio a cartuccia di alta qualit\u00e0.<br \/>\nPer offrirti il miglior rapporto qualit\u00e0-prezzo, presentiamo i nuovi aghi per tatuaggio GHOST.<br \/>\nIl sistema a cartuccia rende semplice e veloce il cambio degli aghi durante il tatuaggio, lasciando pi\u00f9 tempo e concentrazione per la creazione artistica.<br \/>\n\u00c8 presente un sigillo di sicurezza integrato che garantisce che i pigmenti\/colori non possano entrare nel motore della macchina, impedisce inoltre a germi, virus e batteri contaminati di passare attraverso il sigillo e garantisce cos\u00ec igiene e sicurezza contro le infezioni durante il tatuaggio.<br \/>\nSicuro, durevole e compatibile con tutte le macchinette per tatuaggi che utilizzano cartucce.<\/p>\n<p>\u2013 nessuna fuoriuscita di inchiostro dalla cartuccia,<br \/>\n- compatibile con tutte le macchinette per tatuaggi a cartuccia e con i grip per cartucce,<br \/>\n\u2013 sigillo di sicurezza durevole e flessibile,<br \/>\n\u2013 eccellente qualit\u00e0 delle punte degli aghi per tatuaggio,<br \/>\n\u2013 materiali utilizzati in ambito sanitario,<br \/>\n\u2013 un ottimo rapporto tra qualit\u00e0 e prezzo.<br \/>\nConfezione: 20 cartucce in una scatola<\/p>\n<p>&nbsp;<\/p>","protected":false},"excerpt":{"rendered":"<p>FANTASMA Magnum 0,35 mm<br \/>\nNOVE igle za tetoviranje v kartu\u0161ah z vzdr\u017eljivim in fleksibilnim varnostnim tesnilom in visoko-kakovostnimi konicami tattoo igel v kartu\u0161ah.<br \/>\nSicuro, durevole e compatibile con tutte le macchinette per tatuaggi che utilizzano cartucce.<br \/>\nPakiranje: 20 kartu\u0161 v \u0161katli.<\/p>\n<p>&nbsp;<\/p>","protected":false},"featured_media":35531,"template":"","meta":{"_seopress_robots_primary_cat":"none","_seopress_titles_title":"","_seopress_titles_desc":"","_seopress_robots_index":""},"product_brand":[],"product_cat":[262,197],"product_tag":[],"class_list":{"0":"post-25787","1":"product","2":"type-product","3":"status-publish","4":"has-post-thumbnail","6":"product_cat-ghost-cartridge-needles","7":"product_cat-igle-za-tetoviranje","8":"entry","9":"has-media","11":"first","12":"instock","13":"sale","14":"taxable","15":"shipping-taxable","16":"purchasable","17":"product-type-variable"},"_links":{"self":[{"href":"https:\/\/www.carantaniatattoo.com\/it\/wp-json\/wp\/v2\/product\/25787","targetHints":{"allow":["GET"]}}],"collection":[{"href":"https:\/\/www.carantaniatattoo.com\/it\/wp-json\/wp\/v2\/product"}],"about":[{"href":"https:\/\/www.carantaniatattoo.com\/it\/wp-json\/wp\/v2\/types\/product"}],"version-history":[{"count":0,"href":"https:\/\/www.carantaniatattoo.com\/it\/wp-json\/wp\/v2\/product\/25787\/revisions"}],"wp:featuredmedia":[{"embeddable":true,"href":"https:\/\/www.carantaniatattoo.com\/it\/wp-json\/wp\/v2\/media\/35531"}],"wp:attachment":[{"href":"https:\/\/www.carantaniatattoo.com\/it\/wp-json\/wp\/v2\/media?parent=25787"}],"wp:term":[{"taxonomy":"product_brand","embeddable":true,"href":"https:\/\/www.carantaniatattoo.com\/it\/wp-json\/wp\/v2\/product_brand?post=25787"},{"taxonomy":"product_cat","embeddable":true,"href":"https:\/\/www.carantaniatattoo.com\/it\/wp-json\/wp\/v2\/product_cat?post=25787"},{"taxonomy":"product_tag","embeddable":true,"href":"https:\/\/www.carantaniatattoo.com\/it\/wp-json\/wp\/v2\/product_tag?post=25787"}],"curies":[{"name":"wp","href":"https:\/\/api.w.org\/{rel}","templated":true}]}}